{"id":102,"date":"2013-04-26T13:42:37","date_gmt":"2013-04-26T13:42:37","guid":{"rendered":"https:\/\/www.bodyandflow.com\/?page_id=102"},"modified":"2017-05-25T05:03:36","modified_gmt":"2017-05-25T10:03:36","slug":"kliendi-arvustused","status":"publish","type":"page","link":"https:\/\/bodyandflow.com\/et\/umbes\/kliendi-arvustused\/","title":{"rendered":"Testimonials"},"content":{"rendered":"<div class=\"wpb-content-wrapper\"><div class=\"vc_row wpb_row section vc_row-fluid  grid_section\" style=' padding-top:80px; padding-bottom:40px; text-align:left;'><div class=\"section_inner clearfix\"><div class='section_inner_margin clearfix'><div class=\"element_from_bottom\"><div><div class=\"wpb_column vc_column_container vc_col-sm-12\"><div class=\"vc_column-inner\"><div class=\"wpb_wrapper\"><div class=\"separator  transparent\" style=\"\"><\/div>\n\t<div class=\"wpb_text_column wpb_content_element\">\n\t\t<div class=\"wpb_wrapper\">\n\t\t\t<h1>Mis \u0095 <span style=\"color: #e6ae48;\">\u00d5pilased r\u00e4\u00e4givad keha ja voolu kohta<\/span><\/h1>\n\n\t\t<\/div>\n\t<\/div><div class=\"separator  transparent\" style=\"\"><\/div><div class=\"separator  transparent\" style=\"\"><\/div><\/div><\/div><\/div><\/div><\/div><\/div><\/div><\/div><div     class=\"vc_row wpb_row section vc_row-fluid  grid_section\" style=' text-align:left;'><div class=\"section_inner clearfix\"><div class='section_inner_margin clearfix'><div class=\"wpb_column vc_column_container vc_col-sm-12\"><div class=\"vc_column-inner\"><div class=\"wpb_wrapper\"><div class=\"testimonials_holder clearfix dark\"><div class=\"testimonials testimonials_carousel\" data-show-navigation=\"yes\" data-show-navigation-arrows=\"no\" data-animation-type=\"slide\" data-animation-speed=\"\" data-auto-rotate-slides=\"15\"><ul class=\"slides\"><li id=\"testimonials21752\" class=\"testimonial_content\"><div class=\"testimonial_content_inner\"><div class=\"testimonial_text_holder left_align\"><div class=\"testimonial_text_inner\"><p style='color:#424242;'>Juhised on v\u00e4ga selged, lakoonilised ja otse asja juurde minevad. \u00d5petaja on keskendunud ja hoiab tunni tempot \u00fchtlasena. Treening oli v\u00e4ga l\u00f5bus ja kindlasti treenin Body &amp; Flow'ga veel, kui v\u00f5imalus tekib. Soovitan teda k\u00f5igile, kes soovivad Pilatest treenida!<\/p><p class=\"testimonial_author\" style=\"\">- Suzanne Vian :: Vietnam<\/p><\/div><\/div><\/div><\/li><li id=\"testimonials21753\" class=\"testimonial_content\"><div class=\"testimonial_content_inner\"><div class=\"testimonial_text_holder left_align\"><div class=\"testimonial_text_inner\"><p style='color:#424242;'>Ilma Oryta poleks ma kunagi realiseerinud oma unistust saada Pilatesi \u00f5petajaks. Ory teadmised ja arusaam Pilatesi meetodist ning tema \u00f5petamisoskus on silmapaistvad. Oryga \u00f5ppimise tunnid olid huvitavad, h\u00e4sti planeeritud ja l\u00f5busad. Tema ootused on v\u00e4ga k\u00f5rged, kuid ta annab alati konstruktiivset ja v\u00e4\u00e4rtuslikku tagasisidet, kuna Ory m\u00f5istab, et \u00f5ppimine on pidev ja eluaegne protsess.  Ma tunnen end v\u00e4ga \u00f5nnelikuna, et kohtasin Ory, kes andis mulle vahendid ja kindla aluse Pilatese teekonna alustamiseks, ning ma tean, et ta on minuga koos ja toetab mind veel aastaid.<\/p><p class=\"testimonial_author\" style=\"\">- Nicola Caswell :: Inglismaa<\/p><\/div><\/div><\/div><\/li><li id=\"testimonials21754\" class=\"testimonial_content\"><div class=\"testimonial_content_inner\"><div class=\"testimonial_text_holder left_align\"><div class=\"testimonial_text_inner\"><p style='color:#424242;'>See kursus \u00fcletas minu ootused. Alguses tulin siia lihtsalt m\u00f5ttega, et pean seda tegema, sest tahan rasestuda. Aga kui t\u00e4na kursuse l\u00f5petasin, oli mul tunne, et tahan rasestuda. Kursus on v\u00e4ga inspireeriv ja annab palju teavet ja kogemusi. T\u00e4nan teid!<\/p><p class=\"testimonial_author\" style=\"\">- Nooj :: Tai<\/p><\/div><\/div><\/div><\/li><li id=\"testimonials21755\" class=\"testimonial_content\"><div class=\"testimonial_content_inner\"><div class=\"testimonial_text_holder left_align\"><div class=\"testimonial_text_inner\"><p style='color:#424242;'>P\u00e4rast p\u00f5hjalikku uurimist, kus sertifitseerimiskursust l\u00e4bida, otsustasime valida The Pilates Studio Bangkok, ja oleme selle \u00fcle v\u00e4ga r\u00f5\u00f5msad. Kui v\u00f5tsime \u00fchendust Oryga, andis ta meile kogu vajaliku teabe kursusel osalemise ja Taisse reisimise kohta, tagades, et oleme \u00f5igel teel. P\u00e4rast teise maailma otsa reisimist saabusime h\u00e4sti varustatud stuudiosse, kus oli s\u00f5bralik ja p\u00fchendunud personal ning toredad kursusekaaslased. Meil oli \u00f5nn olla erakordne \u00f5petaja, Ory, kes on v\u00e4ga p\u00fchendunud Pilatesele ja oma t\u00f6\u00f6le. Ta on silmapaistev ja kogenud \u00f5petaja, kes on n\u00f5udlik, kuid samal ajal m\u00f5istev, v\u00e4ljendusrikas, selge ja v\u00f5luv. Kursus oli h\u00e4sti struktureeritud, loogiline, p\u00f5nev ja p\u00f5hjalik.<\/p><p class=\"testimonial_author\" style=\"\">- Kristin ja Julia :: Eesti<\/p><\/div><\/div><\/div><\/li><li id=\"testimonials21757\" class=\"testimonial_content\"><div class=\"testimonial_content_inner\"><div class=\"testimonial_text_holder left_align\"><div class=\"testimonial_text_inner\"><p style='color:#424242;'>Ma imetlesin teie kirge ja asjatundlikkust Pilatese alal ning k\u00f5iki teadmisi ja \u00f5petamisoskusi, mida olete meiega jaganud. Ma olen \u00fcllatunud, kui erinevalt mu keha end tunneb, kui palju mu harjutused on paranenud ja kui palju paremini ma n\u00fc\u00fcd harjutusi teen. Teadmised k\u00f5igi lihaste ja kursuse t\u00f6\u00f6 kohta olid v\u00e4ga huvitavad ning ma tean n\u00fc\u00fcd oma keha kohta palju rohkem. Te olete t\u00f5esti suurep\u00e4rane \u00f5petaja.<\/p><p class=\"testimonial_author\" style=\"\">- Barbara Manning :: Ameerika \u00dchendriigid<\/p><\/div><\/div><\/div><\/li><li id=\"testimonials21758\" class=\"testimonial_content\"><div class=\"testimonial_content_inner\"><div class=\"testimonial_text_holder left_align\"><div class=\"testimonial_text_inner\"><p style='color:#424242;'>Tantsija ja \u00f5petajana leidsin, et intensiivne Pilatesi sertifitseerimiskursus oli ideaalne tasakaal ranguse ja tasu vahel. Kursus on inspireeriv ja t\u00e4is kirge Pilatesi vastu. Ory esitab kursuse s\u00fcgava m\u00f5istmise tasandil, \u00fchendades Pilatesi laia valiku oskuste, elustiilide ja huvidega. Tema professionaalne, h\u00e4sti kujundatud stuudio ergutab k\u00f5iki k\u00fclastajaid oma v\u00e4ljakutsuvas, kuid h\u00e4sti tasakaalustatud Pilatesi keskkonnas.<\/p><p class=\"testimonial_author\" style=\"\">- Jaleea Price :: USA<\/p><\/div><\/div><\/div><\/li><li id=\"testimonials21759\" class=\"testimonial_content\"><div class=\"testimonial_content_inner\"><div class=\"testimonial_text_holder left_align\"><div class=\"testimonial_text_inner\"><p style='color:#424242;'>Suurus oli ideaalne ja teabe tase samuti. \u00d5petaja on v\u00e4ga avatud ja asjatundlik. \u00d5pilased on v\u00e4ga p\u00fchendunud.<\/p><p class=\"testimonial_author\" style=\"\">- Cristina Graces :: USA<\/p><\/div><\/div><\/div><\/li><li id=\"testimonials21549\" class=\"testimonial_content\"><div class=\"testimonial_content_inner\"><div class=\"testimonial_text_holder left_align\"><div class=\"testimonial_text_inner\"><p style='color:#424242;'>Kursus oli v\u00e4ga v\u00e4\u00e4rtuslik, isegi kui ma pidin selleks oma t\u00e4ist\u00f6\u00f6ajaga t\u00f6\u00f6lt vaba p\u00e4evi v\u00f5tma. \u00d5petaja on v\u00e4ga professionaalne. S\u00f5brad on toredad. Minu Pilatesi oskused on t\u00f5esti paranenud. Mida rohkem ma Pilatesi aluste ja anatoomia kohta tean, seda rohkem saan oma teadmisi paljudes kasulikes harjutustes rakendada. Ma olen inspireeritud \u00f5petama, tugevdama ja ravima teisi, v\u00e4hemalt oma Pilatesi oskuste abil.<\/p><p class=\"testimonial_author\" style=\"\">- Tum :: Tai<\/p><\/div><\/div><\/div><\/li><li id=\"testimonials21548\" class=\"testimonial_content\"><div class=\"testimonial_content_inner\"><div class=\"testimonial_text_holder left_align\"><div class=\"testimonial_text_inner\"><p style='color:#424242;'>Ma tunnen end \u00f5nnelikuna ja auv\u00e4\u00e4rsena, et tunnen sind, Ory. Ma arvan, et oled imeline ja ma nautisin v\u00e4ga sinu juures \u00f5ppimist. Oled suurep\u00e4rane \u00f5petaja, kes on v\u00e4ga keskendunud ja karismaatiline. N\u00fc\u00fcd olen inspireeritud lugema k\u00f5iki oma m\u00e4rkmeid, j\u00e4rgima k\u00f5iki oma joonistusi ja harrastama Pilatest. T\u00e4na hommikul l\u00f5in m\u00f5ned p\u00f5hit\u00f5ed oma joogatundi!<\/p><p class=\"testimonial_author\" style=\"\">- Annie Milstead :: Singapur<\/p><\/div><\/div><\/div><\/li><\/ul><\/div><\/div><\/div><\/div><\/div><\/div><\/div><\/div>\n<\/div>","protected":false},"excerpt":{"rendered":"","protected":false},"author":1,"featured_media":0,"parent":148,"menu_order":0,"comment_status":"closed","ping_status":"closed","template":"full_width.php","meta":{"footnotes":""},"class_list":["post-102","page","type-page","status-publish","hentry"],"_links":{"self":[{"href":"https:\/\/bodyandflow.com\/et\/wp-json\/wp\/v2\/pages\/102","targetHints":{"allow":["GET"]}}],"collection":[{"href":"https:\/\/bodyandflow.com\/et\/wp-json\/wp\/v2\/pages"}],"about":[{"href":"https:\/\/bodyandflow.com\/et\/wp-json\/wp\/v2\/types\/page"}],"author":[{"embeddable":true,"href":"https:\/\/bodyandflow.com\/et\/wp-json\/wp\/v2\/users\/1"}],"replies":[{"embeddable":true,"href":"https:\/\/bodyandflow.com\/et\/wp-json\/wp\/v2\/comments?post=102"}],"version-history":[{"count":0,"href":"https:\/\/bodyandflow.com\/et\/wp-json\/wp\/v2\/pages\/102\/revisions"}],"up":[{"embeddable":true,"href":"https:\/\/bodyandflow.com\/et\/wp-json\/wp\/v2\/pages\/148"}],"wp:attachment":[{"href":"https:\/\/bodyandflow.com\/et\/wp-json\/wp\/v2\/media?parent=102"}],"curies":[{"name":"wp","href":"https:\/\/api.w.org\/{rel}","templated":true}]}}