{"id":1519,"date":"2013-06-29T02:52:43","date_gmt":"2013-06-29T02:52:43","guid":{"rendered":"https:\/\/bodyandflow.com\/?page_id=1519"},"modified":"2024-03-27T20:21:14","modified_gmt":"2024-03-27T20:21:14","slug":"korduma-kippuvad-kusimused","status":"publish","type":"page","link":"https:\/\/bodyandflow.com\/et\/umbes\/korduma-kippuvad-kusimused\/","title":{"rendered":"Korduma kippuvad k\u00fcsimused"},"content":{"rendered":"<div class=\"wpb-content-wrapper\"><div class=\"vc_row wpb_row section vc_row-fluid  grid_section\" style=' padding-top:40px; padding-bottom:40px; text-align:left;'><div class=\"section_inner clearfix\"><div class='section_inner_margin clearfix'><div class=\"wpb_column vc_column_container vc_col-sm-12\"><div class=\"vc_column-inner\"><div class=\"wpb_wrapper\"><div class=\"separator  transparent\" style=\"\"><\/div>\n\t<div class=\"wpb_text_column wpb_content_element\">\n\t\t<div class=\"wpb_wrapper\">\n\t\t\t<h1><span style=\"color: #e6ae48;\">KKK \u0095 <\/span>Korduma kippuvad k\u00fcsimused<\/h1>\n\n\t\t<\/div>\n\t<\/div><div class=\"separator  transparent\" style=\"\"><\/div><div class=\"separator  transparent\" style=\"\"><\/div>\n\t<div class=\"q_accordion_holder clearfix wpb_content_element toggle  not-column-inherit\" data-active-tab=\"\" data-collapsible=\"yes\" data-border-radius=\"\">\n\t\t\t\n\t\t\t\t<h4 class=\"clearfix title-holder\" style=\"\"><span class=\"accordion_mark left_mark\"><span class=\"accordion_mark_icon\"><span class=\"icon_plus\"><\/span><span class=\"icon_minus-06\"><\/span><\/span><\/span><span class=\"tab-title\"><span class=\"tab-title-inner\">MIKS VALIDA BODY &amp; FLOW?<\/span><\/span><\/h4>\n\t\t\t\t<div  class=\"accordion_content\">\n\t\t\t<div class=\"accordion_content_inner\">\n\t\t\t\t\n\t<div class=\"wpb_text_column wpb_content_element\">\n\t\t<div class=\"wpb_wrapper\">\n\t\t\t<p>Meie programmid on loodud selleks, et tuua esile parim \u00f5petaja sinus! Keskendudes anatoomiale ja tehnikale, \u00f5petamisoskustele ja praktilistele juhistele, saavutame maksimaalsed tulemused, kuna teave on j\u00e4rjestikku kihistatud. Me ei usu meeldej\u00e4tmisse, vaid pigem kontseptsiooni m\u00f5istmisse. Usume \u00f5ppimisse ja m\u00f5istmisse, mitte p\u00e4he\u00f5ppimisse ja kordamisse. Meie meistri\u00f5petajate meeskond on valmis teid toetama enne, p\u00e4rast ja koolituse ajal. Meie \u00f5pilased saavad kursustel osaleda uuesti ilma lisatasuta.<\/p>\n<p><strong>Kuidas \u00f5petada<\/strong> \u0096<\/p>\n<p>Me \u00f5petame teile, kuidas \u00f5petada, mitte ainult mida \u00f5petada. Meie kursustel keskendume loova m\u00f5tlemise ja inspireerivate \u00f5petajate loomisele. Kasutades erinevaid \u00f5petamismeetodeid, nagu interaktiivne \u00f5ppimine, praktika, laboratoorsed t\u00f6\u00f6d, probleemide lahendamine ja rollim\u00e4ngud, t\u00f6\u00f6tame intensiivselt \u00f5petamisoskustega, laiendame \u00f5petamisv\u00f5imalusi ja uurime puudutust \u00f5petamise eesm\u00e4rgil. R\u00f5hutame ohutust ja \u00f5pime, kuidas m\u00e4rgata ja parandada valesid asendeid ja problemaatilisi sooritusi, kehahoiaku ja struktuuri probleeme. Praktika ja raske t\u00f6\u00f6 kaudu aitab meie kursus avada teie loomingulise, kirgliku ja s\u00f5braliku \u00f5petaja.<\/p>\n<p><strong>Kvaliteet vs. kvantiteet \u0096<\/strong><\/p>\n<p>Alates 2008. aastast pakume oma haridusprogramme \u00fcle kogu maailma ja j\u00e4rgime Joseph Pilates'i p\u00f5him\u00f5tet, et kvaliteet on olulisem kui kvantiteet. Piiranguks on 12 \u00f5pilast kursusel, et tagada igale \u00f5pilasele vajalik t\u00e4helepanu.<\/p>\n<p><strong>Valmistab teid eduks<\/strong> \u0096<\/p>\n<p>Meie koolitajana juhendate te uut p\u00f5lvkonda \u00f5pilasi t\u00e4hendusrikka keha ja vaimu \u00fchendamise teel. Te olete m\u00e4lestus, mida nad oma teekonnal kaasas kannavad. Peame seda tohutuks vastutuseks ja oleme t\u00f6\u00f6tanud usinalt, et pakkuda teile parimaid v\u00f5imalikke vahendeid selle \u00fclesande t\u00e4itmiseks, pakkudes pidevat tuge ja kogukonda, kus \u00f5ppida, jagada ja avastada.<\/p>\n<p><strong>Keha ja voolavus meeskond<\/strong> \u0096<\/p>\n<p>Body &amp; Flow \u00f5ppej\u00f5udude meeskond koosneb hoolikalt valitud ja k\u00f5rgelt kvalifitseeritud \u00f5petajatest. Kursuse jooksul juhendab meie meeskond teid, annab tagasisidet ja n\u00f5ustab teid. Meie \u00f5petajad asuvad Aasias, Euroopas ja Ameerika \u00dchendriikides ning saavad pidevat tuge ja hindamist meie peakontorilt.<br \/>\n(programmi \u00fclevaade)<\/p>\n<p>\n\t\t\t\t<h4 class=\"clearfix title-holder\" style=\"\"><span class=\"accordion_mark left_mark\"><span class=\"accordion_mark_icon\"><span class=\"icon_plus\"><\/span><span class=\"icon_minus-06\"><\/span><\/span><\/span><span class=\"tab-title\"><span class=\"tab-title-inner\">Millal ma saan \u00f5petamisega alustada? <\/span><\/span><\/h4>\n\t\t\t\t<div  class=\"accordion_content\">\n\t\t\t<div class=\"accordion_content_inner\">Empty section. Edit page to add content here.\n\t\t\t<\/div>\n\t\t\t\t<\/div>\n\t<div class=\"wpb_text_column wpb_content_element\">\n\t\t<div class=\"wpb_wrapper\">\n\t\t\t\n\t\t<\/div>\n\t<\/div>Kursuse ja selle n\u00f5uete t\u00e4itmise j\u00e4rel olete valmis \u00f5petama.<\/p>\n\n\t\t<\/div>\n\t<\/div>\n\t\t\t<\/div>\n\t\t\t\t<\/div>\n\t\t\t\t<h4 class=\"clearfix title-holder\" style=\"\"><span class=\"accordion_mark left_mark\"><span class=\"accordion_mark_icon\"><span class=\"icon_plus\"><\/span><span class=\"icon_minus-06\"><\/span><\/span><\/span><span class=\"tab-title\"><span class=\"tab-title-inner\">Mis on Body &amp; Flow l\u00e4henemisviis Pilatesele?<\/span><\/span><\/h4>\n\t\t\t\t<div  class=\"accordion_content\">\n\t\t\t<div class=\"accordion_content_inner\">\n\t\t\t\t\n\t<div class=\"wpb_text_column wpb_content_element\">\n\t\t<div class=\"wpb_wrapper\">\n\t\t\t<p style=\"text-align: justify;\">Pilatesel on palju erinevaid variante. Meie kasutame kaasaegset l\u00e4henemisviisi, mis on paindlikum ja sobib t\u00e4nap\u00e4eva inimestele paremini.<br \/>\nUsume, et \u00fckski keha ei ole teise sarnane ja \u00fckski m\u00f5istus ei ole teise sarnane. Seet\u00f5ttu p\u00fc\u00fcame luua m\u00f5tlevaid \u00f5petajaid, kes oskavad m\u00e4rgata ebak\u00f5lasid ja suudavad tunni ajal ohutult arvestada iga \u00f5pilase individuaalsete vajadustega.<\/p>\n\n\t\t<\/div>\n\t<\/div>\n\t\t\t<\/div>\n\t\t\t\t<\/div>\n\t\t\t\t<h4 class=\"clearfix title-holder\" style=\"\"><span class=\"accordion_mark left_mark\"><span class=\"accordion_mark_icon\"><span class=\"icon_plus\"><\/span><span class=\"icon_minus-06\"><\/span><\/span><\/span><span class=\"tab-title\"><span class=\"tab-title-inner\">Kas pakute haridusprogramme?<\/span><\/span><\/h4>\n\t\t\t\t<div  class=\"accordion_content\">\n\t\t\t<div class=\"accordion_content_inner\">\n\t\t\t\t\n\t<div class=\"wpb_text_column wpb_content_element\">\n\t\t<div class=\"wpb_wrapper\">\n\t\t\t<p>Jah, Body &amp; Flow pakub haridusprogramme Pilates Mat ja Apparatus, Prenatal, Postnatal ja muudes valdkondades. Pakume ka t\u00f6\u00f6tubasid ja t\u00e4iend\u00f5ppekursusi (CEC'sid).<\/p>\n\n\t\t<\/div>\n\t<\/div>\n\t\t\t<\/div>\n\t\t\t\t<\/div>\n\t\t\t\t<h4 class=\"clearfix title-holder\" style=\"\"><span class=\"accordion_mark left_mark\"><span class=\"accordion_mark_icon\"><span class=\"icon_plus\"><\/span><span class=\"icon_minus-06\"><\/span><\/span><\/span><span class=\"tab-title\"><span class=\"tab-title-inner\">Kas pakute p\u00f5hjalikku Pilatese treeningut?<\/span><\/span><\/h4>\n\t\t\t\t<div  class=\"accordion_content\">\n\t\t\t<div class=\"accordion_content_inner\">\n\t\t\t\t\n\t<div class=\"wpb_text_column wpb_content_element\">\n\t\t<div class=\"wpb_wrapper\">\n\t\t\t<p>Meie p\u00f5hjalik Pilates-programm koosneb j\u00e4rgmistest kursustest: anatoomia, Pilates Mat I ja II, kursused, aksessuaaride t\u00f6\u00f6tuba, reformer-kursus, Cadillac-kursus, toolide ja barrelite t\u00f6\u00f6tuba. Meie programm kestab 600 tundi ja valmistab teid ette eduks!<\/p>\n\n\t\t<\/div>\n\t<\/div>\n\t\t\t<\/div>\n\t\t\t\t<\/div>\n\t\t\t\t<h4 class=\"clearfix title-holder\" style=\"\"><span class=\"accordion_mark left_mark\"><span class=\"accordion_mark_icon\"><span class=\"icon_plus\"><\/span><span class=\"icon_minus-06\"><\/span><\/span><\/span><span class=\"tab-title\"><span class=\"tab-title-inner\">MIS MATERJALID ON Vaja ENNE PROGRAMMI ALUSTAMIST?<\/span><\/span><\/h4>\n\t\t\t\t<div  class=\"accordion_content\">\n\t\t\t<div class=\"accordion_content_inner\">\n\t\t\t\t\n\t<div class=\"wpb_text_column wpb_content_element\">\n\t\t<div class=\"wpb_wrapper\">\n\t\t\t<p>Igal programmil on spetsiaalsed juhendid, artiklid ja veebip\u00f5hine tugi (videod ja testid). Registreerimisel saate materjalid ja veebip\u00f5hise juurdep\u00e4\u00e4su andmed.<\/p>\n\n\t\t<\/div>\n\t<\/div>\n\t\t\t<\/div>\n\t\t\t\t<\/div>\n\t\t\t\t<h4 class=\"clearfix title-holder\" style=\"\"><span class=\"accordion_mark left_mark\"><span class=\"accordion_mark_icon\"><span class=\"icon_plus\"><\/span><span class=\"icon_minus-06\"><\/span><\/span><\/span><span class=\"tab-title\"><span class=\"tab-title-inner\">KUI PIKK ON IGA HARIDUSPROGRAMM? ON PROGRAMMIDELE EELTINGIMUSI?<\/span><\/span><\/h4>\n\t\t\t\t<div  class=\"accordion_content\">\n\t\t\t<div class=\"accordion_content_inner\">\n\t\t\t\t\n\t<div class=\"wpb_text_column wpb_content_element\">\n\t\t<div class=\"wpb_wrapper\">\n\t\t\t<p>Iga meie koolitusprogramm n\u00f5uab erinevat ajalist p\u00fchendumust.<br \/>\nVajutage kursuste lehek\u00fclgi ja vaadake kursuste pikkust.<\/p>\n\n\t\t<\/div>\n\t<\/div>\n\t\t\t<\/div>\n\t\t\t\t<\/div>\n\t\t\t\t<h4 class=\"clearfix title-holder\" style=\"\"><span class=\"accordion_mark left_mark\"><span class=\"accordion_mark_icon\"><span class=\"icon_plus\"><\/span><span class=\"icon_minus-06\"><\/span><\/span><\/span><span class=\"tab-title\"><span class=\"tab-title-inner\">Kas ma saan \u00f5ppida videost?<\/span><\/span><\/h4>\n\t\t\t\t<div  class=\"accordion_content\">\n\t\t\t<div class=\"accordion_content_inner\">\n\t\t\t\t\n\t<div class=\"wpb_text_column wpb_content_element\">\n\t\t<div class=\"wpb_wrapper\">\n\t\t\t<p style=\"text-align: justify;\">Videod ei ole \u00f5ppevahenditena ideaalsed. Optimaalselt on vaja kogenud ja kvalifitseeritud \u00f5petajat, kes n\u00e4eb teie keha ja annab teile konkreetset tagasisidet teie harjutuste sooritamise kohta. Siiski v\u00f5ivad videod olla suurep\u00e4rased vahendid harjutamiseks ja \u00f5ppimise t\u00f5hustamiseks.<\/p>\n<p>&nbsp;<\/p>\n<p>&nbsp;<\/p>\n\n\t\t<\/div>\n\t<\/div>\n\t\t\t<\/div>\n\t\t\t\t<\/div>\n\t\t\t\t<h4 class=\"clearfix title-holder\" style=\"\"><span class=\"accordion_mark left_mark\"><span class=\"accordion_mark_icon\"><span class=\"icon_plus\"><\/span><span class=\"icon_minus-06\"><\/span><\/span><\/span><span class=\"tab-title\"><span class=\"tab-title-inner\">Mis on vaatlus- ja abi\u00f5petaja t\u00f6\u00f6tunnid?<\/span><\/span><\/h4>\n\t\t\t\t<div  class=\"accordion_content\">\n\t\t\t<div class=\"accordion_content_inner\">\n\t\t\t\t\n\t<div class=\"wpb_text_column wpb_content_element\">\n\t\t<div class=\"wpb_wrapper\">\n\t\t\t<p style=\"text-align: justify;\">Iga kursuse puhul peate t\u00e4itma vaatlus- ja assistendi\u00f5petuse tunnid osana kursuse n\u00f5uetest. Te v\u00f5ite seda teha kursuse toimumiskohas asuvas stuudios ilma lisatasuta ja stuudio eeskirjade kohaselt.<br \/>\nKui stuudio ei ole l\u00e4hedal, v\u00f5tke \u00fchendust oma \u00f5petajakoolitajaga, et leida teile parim lahendus.<\/p>\n\n\t\t<\/div>\n\t<\/div>\n\t\t\t<\/div>\n\t\t\t\t<\/div>\n\t\t\t\t<h4 class=\"clearfix title-holder\" style=\"\"><span class=\"accordion_mark left_mark\"><span class=\"accordion_mark_icon\"><span class=\"icon_plus\"><\/span><span class=\"icon_minus-06\"><\/span><\/span><\/span><span class=\"tab-title\"><span class=\"tab-title-inner\">MIS JUHTUB, KUI MA HINDAMISTEL EI L\u00c4BI? MIS ON MU V\u00d5IMALUSED?<\/span><\/span><\/h4>\n\t\t\t\t<div  class=\"accordion_content\">\n\t\t\t<div class=\"accordion_content_inner\">\n\t\t\t\t\n\t<div class=\"wpb_text_column wpb_content_element\">\n\t\t<div class=\"wpb_wrapper\">\n\t\t\t<p style=\"text-align: justify;\">Hindamine jaguneb kahte kategooriasse: teoreetiline ja \u00f5petamine. M\u00f5lemat osa on v\u00f5imalik tasu eest uuesti hinnata.<\/p>\n\n\t\t<\/div>\n\t<\/div>\n\t\t\t<\/div>\n\t\t\t\t<\/div>\n\t\t\t\t<h4 class=\"clearfix title-holder\" style=\"\"><span class=\"accordion_mark left_mark\"><span class=\"accordion_mark_icon\"><span class=\"icon_plus\"><\/span><span class=\"icon_minus-06\"><\/span><\/span><\/span><span class=\"tab-title\"><span class=\"tab-title-inner\">MIDA ON VAJA, ET HOIDA KEHTIVANA OMA SERTIFIKAAT?<\/span><\/span><\/h4>\n\t\t\t\t<div  class=\"accordion_content\">\n\t\t\t<div class=\"accordion_content_inner\">\n\t\t\t\t\n\t<div class=\"wpb_text_column wpb_content_element\">\n\t\t<div class=\"wpb_wrapper\">\n\t\t\t<p class=\"p1\">Kuigi sertifikaadil ei ole kehtivusaega, soovitame tungivalt, et te ei l\u00f5petaks kunagi \u00f5ppimist. Pakume t\u00e4iend\u00f5ppekursusi ja ootame teid hea meelega tagasi t\u00e4iendavate kursuste jaoks.<\/p>\n\n\t\t<\/div>\n\t<\/div>\n\t\t\t<\/div>\n\t\t\t\t<\/div>\n\t<\/div><div class=\"separator  transparent\" style=\"\"><\/div><\/div><\/div><\/div><\/div><\/div><\/div><div class=\"wpb_column vc_column_container vc_col-sm-12\"><div class=\"vc_column-inner\"><div class=\"wpb_wrapper\"><\/div><\/div><\/div>\n<\/div>","protected":false},"excerpt":{"rendered":"FAQ \u0095 Frequently Asked Questions WHY CHOOSE BODY &amp; FLOW? Our programs are designed to reveal the best possible teacher in you! While focusing on anatomy and technique as well as teaching skills and hands-on cueing, we achieve maximum results as the information is layered...","protected":false},"author":1,"featured_media":0,"parent":148,"menu_order":0,"comment_status":"closed","ping_status":"closed","template":"full_width.php","meta":{"footnotes":""},"class_list":["post-1519","page","type-page","status-publish","hentry"],"_links":{"self":[{"href":"https:\/\/bodyandflow.com\/et\/wp-json\/wp\/v2\/pages\/1519","targetHints":{"allow":["GET"]}}],"collection":[{"href":"https:\/\/bodyandflow.com\/et\/wp-json\/wp\/v2\/pages"}],"about":[{"href":"https:\/\/bodyandflow.com\/et\/wp-json\/wp\/v2\/types\/page"}],"author":[{"embeddable":true,"href":"https:\/\/bodyandflow.com\/et\/wp-json\/wp\/v2\/users\/1"}],"replies":[{"embeddable":true,"href":"https:\/\/bodyandflow.com\/et\/wp-json\/wp\/v2\/comments?post=1519"}],"version-history":[{"count":0,"href":"https:\/\/bodyandflow.com\/et\/wp-json\/wp\/v2\/pages\/1519\/revisions"}],"up":[{"embeddable":true,"href":"https:\/\/bodyandflow.com\/et\/wp-json\/wp\/v2\/pages\/148"}],"wp:attachment":[{"href":"https:\/\/bodyandflow.com\/et\/wp-json\/wp\/v2\/media?parent=1519"}],"curies":[{"name":"wp","href":"https:\/\/api.w.org\/{rel}","templated":true}]}}