{"id":21883,"date":"2015-02-26T18:25:34","date_gmt":"2015-02-26T18:25:34","guid":{"rendered":"https:\/\/localhost:8888\/?page_id=21883"},"modified":"2020-07-22T12:12:33","modified_gmt":"2020-07-22T17:12:33","slug":"pilates-stuudio","status":"publish","type":"page","link":"https:\/\/bodyandflow.com\/et\/stuudiod\/pilates-stuudio\/","title":{"rendered":"The Pilates Studio"},"content":{"rendered":"<div class=\"wpb-content-wrapper\"><div id=\"top-page-noon\"    class=\"vc_row wpb_row section vc_row-fluid top-page-noon grid_section\" style=' text-align:left;'><div class=\"section_inner clearfix\"><div class='section_inner_margin clearfix'><div class=\"wpb_column vc_column_container vc_col-sm-12\"><div class=\"vc_column-inner\"><div class=\"wpb_wrapper\">\n\t<div class=\"wpb_text_column wpb_content_element\">\n\t\t<div class=\"wpb_wrapper\">\n\t\t\t<h1>Pilates Studio \u0095 Body &amp; Flow rahvusvahelised pilates-koolitusprogrammid<\/h1>\n\n\t\t<\/div>\n\t<\/div><\/div><\/div><\/div><\/div><\/div><\/div><div     class=\"vc_row wpb_row section vc_row-fluid text-align: justify; grid_section\" style=' padding-top:40px; padding-bottom:40px; text-align:left;'><div class=\"section_inner clearfix\"><div class='section_inner_margin clearfix'><div class=\"wpb_column vc_column_container vc_col-sm-12\"><div class=\"vc_column-inner\"><div class=\"wpb_wrapper\"><div class=\"separator  transparent\" style=\"border-width:1px;margin-top:10px;margin-bottom:0px\"><\/div>\n\t<div class=\"wpb_text_column wpb_content_element\">\n\t\t<div class=\"wpb_wrapper\">\n\t\t\t<h1><span style=\"color: #e6ae48;\">Pilates Studio \u0095\u00a0<\/span>\u00a0Bangkok, Tai<\/h1>\n\n\t\t<\/div>\n\t<\/div><div class=\"separator  transparent\" style=\"border-width:1px;margin-top:20px;margin-bottom:0px\"><\/div><div class=\"separator  transparent\" style=\"border-width:1px;margin-top:10px;margin-bottom:0px\"><\/div><div     class=\"vc_row wpb_row vc_inner section vc_row-fluid\" style=' text-align:left;'><div class=\"full_section_inner clearfix\"><div class=\"wpb_column vc_column_container vc_col-sm-3\"><div class=\"vc_column-inner\"><div class=\"wpb_wrapper\"><div class=\"separator  transparent\" style=\"\"><\/div>\n\t<div class=\"wpb_single_image wpb_content_element vc_align_center\">\n\t\t<div class=\"wpb_wrapper\">\n\t\t\t\n\t\t\t<div class=\"vc_single_image-wrapper vc_box_rounded  vc_box_border_grey\"><\/div>\n\t\t<\/div>\n\t<\/div>\n<div class=\"separator  transparent\" style=\"\"><\/div><\/div><\/div><\/div><div class=\"wpb_column vc_column_container vc_col-sm-9\"><div class=\"vc_column-inner\"><div class=\"wpb_wrapper\"><div class=\"separator  transparent\" style=\"border-width:1px;margin-top:20px;margin-bottom:0px\"><\/div>\n\t<div class=\"wpb_text_column wpb_content_element\">\n\t\t<div class=\"wpb_wrapper\">\n\t\t\t<p style=\"text-align: justify;\">Pilates Studio on t\u00e4ielikult varustatud stuudio, kus pakume professionaalsete instruktorite juhendamisel mitmesuguseid treeninguid soojas ja s\u00f5bralikus keskkonnas. Stuudio asub praegu kahes kohas Bangkokis, Phloenchit Roadil ja Nichada Thani piirkonnas. Alates asutamisest 2005. aastal pakub stuudio Pilates-tundides k\u00f5rgeimaid standardeid: matt, seadmed, Garuda, Fit Ball, rasedate ja s\u00fcnnitajate treeningud, f\u00fcsioteraapia, kardio- ja aeroobika, nimetades vaid m\u00f5ned, ning palju huvitavaid t\u00f6\u00f6tubasid, mida pakutakse igakuuliselt. Pakume ka Pilates-sertifitseerimiskursusi Body &amp; Flow poolt New Yorgis ja t\u00e4iend\u00f5ppekursusi professionaalidele.<\/p>\n\n\t\t<\/div>\n\t<\/div><div class=\"separator  transparent\" style=\"\"><\/div><\/div><\/div><\/div><\/div><\/div><div     class=\"vc_row wpb_row vc_inner section vc_row-fluid\" style=' text-align:left;'><div class=\"full_section_inner clearfix\"><div class=\"wpb_column vc_column_container vc_col-sm-4\"><div class=\"vc_column-inner\"><div class=\"wpb_wrapper\"><div class=\"separator  transparent\" style=\"border-width:1px;margin-top:20px;margin-bottom:0px\"><\/div>\n\t<div class=\"wpb_text_column wpb_content_element\">\n\t\t<div class=\"wpb_wrapper\">\n\t\t\t<h5 style=\"text-align: center;\"><span style=\"color: #e6ae48;\">Asukoht:<\/span>\u00a0Bangkok, Tai<\/h5>\n\n\t\t<\/div>\n\t<\/div><\/div><\/div><\/div><div class=\"wpb_column vc_column_container vc_col-sm-4\"><div class=\"vc_column-inner\"><div class=\"wpb_wrapper\"><div class=\"separator  transparent\" style=\"border-width:1px;margin-top:20px;margin-bottom:0px\"><\/div>\n\t<div class=\"wpb_text_column wpb_content_element\">\n\t\t<div class=\"wpb_wrapper\">\n\t\t\t<h5 style=\"text-align: center;\"><span style=\"color: #e6ae48;\">Telefon:<\/span> +66.2.6507797<\/h5>\n\n\t\t<\/div>\n\t<\/div><\/div><\/div><\/div><div class=\"wpb_column vc_column_container vc_col-sm-4\"><div class=\"vc_column-inner\"><div class=\"wpb_wrapper\"><div class=\"separator  transparent\" style=\"border-width:1px;margin-top:20px;margin-bottom:0px\"><\/div>\n\t<div class=\"wpb_text_column wpb_content_element\">\n\t\t<div class=\"wpb_wrapper\">\n\t\t\t<h5 style=\"text-align: center;\"><span style=\"color: #e6ae48;\">Asukoht:<\/span> <a title=\"pilates.co.th\" href=\"http:\/\/www.pilates.co.th\">pilates.co.th<\/a><\/h5>\n\n\t\t<\/div>\n\t<\/div><\/div><\/div><\/div><\/div><\/div><div class=\"separator  transparent\" style=\"border-width:1px;margin-top:10px;margin-bottom:0px\"><\/div><div     class=\"vc_row wpb_row vc_inner section vc_row-fluid\" style=' text-align:left;'><div class=\"full_section_inner clearfix\"><div class=\"wpb_column vc_column_container vc_col-sm-12\"><div class=\"vc_column-inner\"><div class=\"wpb_wrapper\"><div class=\"separator  transparent\" style=\"border-width:1px;margin-top:20px;margin-bottom:0px\"><\/div><div class=\"wpb_gmaps_widget wpb_content_element\"><div class=\"wpb_wrapper\"><div class=\"wpb_map_wraper\"><iframe loading=\"lazy\" src=\"https:\/\/www.google.com\/maps\/embed?pb=!1m18!1m12!1m3!1d3875.608939008066!2d100.54855400000004!3d13.742110000000007!2m3!1f0!2f0!3f0!3m2!1i1024!2i768!4f13.1!3m3!1m2!1s0x30e29edc59f9d87b%3A0xcb7b6afef41ac9af!2sPilates+Studio+PhloenChit!5e0!3m2!1sen!2sus!4v1424988658875\" width=\"600\" height=\"250\" frameborder=\"0\" style=\"border:0\"><\/iframe><\/div><\/div><\/div><div class=\"separator  transparent\" style=\"\"><\/div><\/div><\/div><\/div><\/div><\/div><\/div><\/div><\/div><\/div><\/div><\/div>\n<\/div>","protected":false},"excerpt":{"rendered":"The Pilates Studio \u0095 Body &amp; Flow international pilates education programs The Pilates\u00a0Studio\u00a0\u0095\u00a0\u00a0Bangkok\u00a0Thailand The Pilates Studio is a fully equipped studio in which we offer a variety of classes by professional instructors in a warm and friendly environment, currently situated in two locations down in...","protected":false},"author":1,"featured_media":0,"parent":22978,"menu_order":0,"comment_status":"closed","ping_status":"closed","template":"full_width.php","meta":{"footnotes":""},"class_list":["post-21883","page","type-page","status-publish","hentry"],"_links":{"self":[{"href":"https:\/\/bodyandflow.com\/et\/wp-json\/wp\/v2\/pages\/21883","targetHints":{"allow":["GET"]}}],"collection":[{"href":"https:\/\/bodyandflow.com\/et\/wp-json\/wp\/v2\/pages"}],"about":[{"href":"https:\/\/bodyandflow.com\/et\/wp-json\/wp\/v2\/types\/page"}],"author":[{"embeddable":true,"href":"https:\/\/bodyandflow.com\/et\/wp-json\/wp\/v2\/users\/1"}],"replies":[{"embeddable":true,"href":"https:\/\/bodyandflow.com\/et\/wp-json\/wp\/v2\/comments?post=21883"}],"version-history":[{"count":0,"href":"https:\/\/bodyandflow.com\/et\/wp-json\/wp\/v2\/pages\/21883\/revisions"}],"up":[{"embeddable":true,"href":"https:\/\/bodyandflow.com\/et\/wp-json\/wp\/v2\/pages\/22978"}],"wp:attachment":[{"href":"https:\/\/bodyandflow.com\/et\/wp-json\/wp\/v2\/media?parent=21883"}],"curies":[{"name":"wp","href":"https:\/\/api.w.org\/{rel}","templated":true}]}}