{"id":21885,"date":"2015-02-26T18:26:49","date_gmt":"2015-02-26T18:26:49","guid":{"rendered":"https:\/\/localhost:8888\/?page_id=21885"},"modified":"2023-06-27T10:43:12","modified_gmt":"2023-06-27T09:43:12","slug":"kotka-fitness-pilates-stuudio","status":"publish","type":"page","link":"https:\/\/bodyandflow.com\/et\/stuudiod\/kotka-fitness-pilates-stuudio\/","title":{"rendered":"Eagle fitness Pilates Studio"},"content":{"rendered":"<div class=\"wpb-content-wrapper\"><div id=\"top-page-noon\"    class=\"vc_row wpb_row section vc_row-fluid top-page-noon grid_section\" style=' text-align:left;'><div class=\"section_inner clearfix\"><div class='section_inner_margin clearfix'><div class=\"wpb_column vc_column_container vc_col-sm-12\"><div class=\"vc_column-inner\"><div class=\"wpb_wrapper\">\n\t<div class=\"wpb_text_column wpb_content_element\">\n\t\t<div class=\"wpb_wrapper\">\n\t\t\t<h1>Eagle fitness Pilates Studio \u0095 Body &amp; Flow rahvusvahelised pilates-koolitusprogrammid<\/h1>\n\n\t\t<\/div>\n\t<\/div><\/div><\/div><\/div><\/div><\/div><\/div><div     class=\"vc_row wpb_row section vc_row-fluid text-align: justify; grid_section\" style=' padding-top:40px; padding-bottom:40px; text-align:left;'><div class=\"section_inner clearfix\"><div class='section_inner_margin clearfix'><div class=\"wpb_column vc_column_container vc_col-sm-12\"><div class=\"vc_column-inner\"><div class=\"wpb_wrapper\"><div class=\"separator  transparent\" style=\"border-width:1px;margin-top:20px;margin-bottom:0px\"><\/div><div class=\"separator  transparent\" style=\"border-width:1px;margin-top:20px;margin-bottom:0px\"><\/div>\n\t<div class=\"wpb_text_column wpb_content_element\">\n\t\t<div class=\"wpb_wrapper\">\n\t\t\t<h1><span style=\"color: #e6ae48;\">Eagle fitness Pilates \u0095\u00a0<\/span>\u00a0San Benedetto del Tronto Itaalia<\/h1>\n\n\t\t<\/div>\n\t<\/div><div class=\"separator  transparent\" style=\"border-width:1px;margin-top:10px;margin-bottom:0px\"><\/div><div     class=\"vc_row wpb_row vc_inner section vc_row-fluid\" style=' text-align:left;'><div class=\"full_section_inner clearfix\"><div class=\"wpb_column vc_column_container vc_col-sm-3\"><div class=\"vc_column-inner\"><div class=\"wpb_wrapper\"><div class=\"separator  transparent\" style=\"\"><\/div>\n\t<div class=\"wpb_single_image wpb_content_element vc_align_center\">\n\t\t<div class=\"wpb_wrapper\">\n\t\t\t\n\t\t\t<div class=\"vc_single_image-wrapper vc_box_rounded  vc_box_border_grey\"><img decoding=\"async\" class=\"vc_single_image-img\" src=\"https:\/\/bodyandflow.com\/wp-content\/uploads\/2023\/06\/inc-180x180.png\" width=\"180\" height=\"180\" alt=\"inc\" title=\"inc\" loading=\"lazy\" \/><\/div>\n\t\t<\/div>\n\t<\/div>\n<div class=\"separator  transparent\" style=\"\"><\/div><\/div><\/div><\/div><div class=\"wpb_column vc_column_container vc_col-sm-9\"><div class=\"vc_column-inner\"><div class=\"wpb_wrapper\"><div class=\"separator  transparent\" style=\"\"><\/div><div class=\"separator  transparent\" style=\"\"><\/div><div class=\"separator  transparent\" style=\"\"><\/div><div class=\"separator  transparent\" style=\"\"><\/div>\n\t<div class=\"wpb_text_column wpb_content_element\">\n\t\t<div class=\"wpb_wrapper\">\n\t\t\t<p style=\"text-align: justify;\">Meie Pilates-stuudio asub kaunis, hoolikalt kujundatud ja helisummutusega ruumis, mis on varustatud k\u00f5igi suuremate seadmetega: Reformer, Cadillac, Combo Chair, Ladder Barrel ja Spine Corrector. See on spetsiaalselt loodud keskkond, et luua ideaalne \u201ckeha ja vaimu\u201d \u00fchendus v\u00f5i, nagu suur Joseph Hubertus Pilates v\u00e4itis, \u201caidata vaimul omandada t\u00e4ielik v\u00f5im oma keha \u00fcle\u201d.<\/p>\n\n\t\t<\/div>\n\t<\/div><div class=\"separator  transparent\" style=\"\"><\/div><\/div><\/div><\/div><\/div><\/div><div     class=\"vc_row wpb_row vc_inner section vc_row-fluid\" style=' text-align:left;'><div class=\"full_section_inner clearfix\"><div class=\"wpb_column vc_column_container vc_col-sm-6\"><div class=\"vc_column-inner\"><div class=\"wpb_wrapper\"><div class=\"separator  transparent\" style=\"border-width:1px;margin-top:20px;margin-bottom:0px\"><\/div>\n\t<div class=\"wpb_text_column wpb_content_element\">\n\t\t<div class=\"wpb_wrapper\">\n\t\t\t<h5 style=\"text-align: center;\"><span style=\"color: #e6ae48;\">Asukoht:<\/span>\u00a0San Benedetto del Tronto \u2013 Itaalia<\/h5>\n\n\t\t<\/div>\n\t<\/div><\/div><\/div><\/div><div class=\"wpb_column vc_column_container vc_col-sm-3\"><div class=\"vc_column-inner\"><div class=\"wpb_wrapper\"><div class=\"separator  transparent\" style=\"border-width:1px;margin-top:20px;margin-bottom:0px\"><\/div>\n\t<div class=\"wpb_text_column wpb_content_element\">\n\t\t<div class=\"wpb_wrapper\">\n\t\t\t<h5 style=\"text-align: center;\"><span style=\"color: #e6ae48;\">Telefon:<\/span> +39.334.7059622<\/h5>\n\n\t\t<\/div>\n\t<\/div><\/div><\/div><\/div><div class=\"wpb_column vc_column_container vc_col-sm-3\"><div class=\"vc_column-inner\"><div class=\"wpb_wrapper\"><div class=\"separator  transparent\" style=\"border-width:1px;margin-top:20px;margin-bottom:0px\"><\/div>\n\t<div class=\"wpb_text_column wpb_content_element\">\n\t\t<div class=\"wpb_wrapper\">\n\t\t\t<h5 style=\"text-align: center;\"><span style=\"color: #e6ae48;\">Asukoht:<\/span> <a title=\"maxrattapilates.it\" href=\"http:\/\/www.maxrattapilates.it\/home.html\">maxrattapilates.it<\/a><\/h5>\n\n\t\t<\/div>\n\t<\/div><\/div><\/div><\/div><\/div><\/div><div class=\"separator  transparent\" style=\"border-width:1px;margin-top:20px;margin-bottom:0px\"><\/div><\/div><\/div><\/div><\/div><\/div><\/div><div     class=\"vc_row wpb_row section vc_row-fluid  grid_section\" style='background-color:#ffffff; text-align:left;'><div class=\"section_inner clearfix\"><div class='section_inner_margin clearfix'><div class=\"wpb_column vc_column_container vc_col-sm-12\"><div class=\"vc_column-inner\"><div class=\"wpb_wrapper\"><div class=\"separator  transparent\" style=\"\"><\/div><div class=\"wpb_gmaps_widget wpb_content_element\"><div class=\"wpb_wrapper\"><div class=\"wpb_map_wraper\"><iframe loading=\"lazy\" src=\"https:\/\/www.google.com\/maps\/embed?pb=!1m18!1m12!1m3!1d2919.9013351117037!2d13.873330551331446!3d42.95928357904881!2m3!1f0!2f0!3f0!3m2!1i1024!2i768!4f13.1!3m3!1m2!1s0x13321fc93e6aaaab%3A0xa2a05ab500fc558a!2sEAGLE%20FITNESS%26SPA!5e0!3m2!1sen!2sil!4v1571998479442!5m2!1sen!2sil\" width=\"600\" height=\"250\" frameborder=\"0\" style=\"border:0;\" allowfullscreen=\"\"><\/iframe><\/div><\/div><\/div><div class=\"separator  transparent\" style=\"\"><\/div><\/div><\/div><\/div><\/div><\/div><\/div>\n<\/div>","protected":false},"excerpt":{"rendered":"Eagle fitness Pilates Studio \u0095 Body &amp; Flow international pilates education programs Eagle fitness Pilates\u00a0\u0095\u00a0\u00a0San Benedetto del Tronto Italy Il nostro studio Pilates \u00e8 strutturato in una bellissima sala curata nel design ed insonorizzata, dotata di tutti i grandi attrezzi: Reformer, Cadillac, Combo Chair, Ladder...","protected":false},"author":1,"featured_media":0,"parent":22978,"menu_order":0,"comment_status":"closed","ping_status":"closed","template":"full_width.php","meta":{"footnotes":""},"class_list":["post-21885","page","type-page","status-publish","hentry"],"_links":{"self":[{"href":"https:\/\/bodyandflow.com\/et\/wp-json\/wp\/v2\/pages\/21885","targetHints":{"allow":["GET"]}}],"collection":[{"href":"https:\/\/bodyandflow.com\/et\/wp-json\/wp\/v2\/pages"}],"about":[{"href":"https:\/\/bodyandflow.com\/et\/wp-json\/wp\/v2\/types\/page"}],"author":[{"embeddable":true,"href":"https:\/\/bodyandflow.com\/et\/wp-json\/wp\/v2\/users\/1"}],"replies":[{"embeddable":true,"href":"https:\/\/bodyandflow.com\/et\/wp-json\/wp\/v2\/comments?post=21885"}],"version-history":[{"count":0,"href":"https:\/\/bodyandflow.com\/et\/wp-json\/wp\/v2\/pages\/21885\/revisions"}],"up":[{"embeddable":true,"href":"https:\/\/bodyandflow.com\/et\/wp-json\/wp\/v2\/pages\/22978"}],"wp:attachment":[{"href":"https:\/\/bodyandflow.com\/et\/wp-json\/wp\/v2\/media?parent=21885"}],"curies":[{"name":"wp","href":"https:\/\/api.w.org\/{rel}","templated":true}]}}