{"id":2263,"date":"2014-02-20T08:11:43","date_gmt":"2014-02-20T08:11:43","guid":{"rendered":"https:\/\/www.bodyandflow.com\/?page_id=2263"},"modified":"2017-05-25T05:04:14","modified_gmt":"2017-05-25T10:04:14","slug":"tingimused","status":"publish","type":"page","link":"https:\/\/bodyandflow.com\/et\/tingimused\/","title":{"rendered":"Terms and Condition"},"content":{"rendered":"<div class=\"wpb-content-wrapper\"><div id=\"top-page-noon\"    class=\"vc_row wpb_row section vc_row-fluid top-page-noon grid_section\" style=' text-align:left;'><div class=\"section_inner clearfix\"><div class='section_inner_margin clearfix'><div class=\"wpb_column vc_column_container vc_col-sm-12\"><div class=\"vc_column-inner\"><div class=\"wpb_wrapper\">\n\t<div class=\"wpb_text_column wpb_content_element\">\n\t\t<div class=\"wpb_wrapper\">\n\t\t\t<h1>Tingimused \u0095 Body &amp; Flow rahvusvahelised pilates-koolitusprogrammid<\/h1>\n\n\t\t<\/div>\n\t<\/div><\/div><\/div><\/div><\/div><\/div><\/div><div     class=\"vc_row wpb_row section vc_row-fluid  grid_section\" style=' padding-top:40px; padding-bottom:40px; text-align:left;'><div class=\"section_inner clearfix\"><div class='section_inner_margin clearfix'><div class=\"wpb_column vc_column_container vc_col-sm-12\"><div class=\"vc_column-inner\"><div class=\"wpb_wrapper\"><div class=\"separator  transparent\" style=\"\"><\/div>\n\t<div class=\"wpb_text_column wpb_content_element\">\n\t\t<div class=\"wpb_wrapper\">\n\t\t\t<h1><span style=\"color: #e6ae48;\">Tingimused \u0095<\/span> Body &amp; Flow rahvusvahelised pilates-koolitusprogrammid<\/h1>\n\n\t\t<\/div>\n\t<\/div><div class=\"separator  transparent\" style=\"\"><\/div><div class=\"separator  transparent\" style=\"\"><\/div>\n\t<div class=\"wpb_text_column wpb_content_element\">\n\t\t<div class=\"wpb_wrapper\">\n\t\t\t<h2>TINGIMUSTE N\u00d5USTUMINE<\/h2>\n<p>Veebisait www.BodyandFlow.com (edaspidi \u201eveebisait\u201d) kuulub ja seda haldab Yaza-Media Inc.<br \/>\nVeebisaidile sisenemise v\u00f5i selle kasutamisega n\u00f5ustute k\u00e4esolevate tingimustega (edaspidi \u201etingimused\u201d) ning kinnitate ja aktsepteerite, et olete k\u00f5ik tingimused l\u00e4bi lugenud ja neist aru saanud.<br \/>\nBody &amp; Flow on teinud k\u00f5ik endast oleneva, et veebisaidil esitatud teave oleks korrektne, kuid me ei v\u00f5ta vastutust veebisaidil esitatud teabe vigade v\u00f5i puuduste eest.<br \/>\nOstes toote sellelt veebisaidilt, n\u00f5ustute selges\u00f5naliselt k\u00e4esolevate tingimustega.<br \/>\nBody &amp; Flow v\u00f5ib aeg-ajalt muuta k\u00e4esolevaid tingimusi ja mis tahes sellised muudatused j\u00f5ustuvad kohe p\u00e4rast nende avaldamist veebisaidil. Teie kohustus on end kursis hoida ja ajakohastada k\u00e4esolevate tingimuste mis tahes muudatustega. Te n\u00f5ustute, et p\u00e4rast k\u00e4esolevate tingimuste mis tahes muudatuste tegemist veebisaidile sisenemise v\u00f5i selle kasutamisega n\u00f5ustute te muudetud tingimustega ja kohustute neid j\u00e4rgima.<\/p>\n\n\t\t<\/div>\n\t<\/div><div class=\"separator  transparent\" style=\"\"><\/div>\n\t<div class=\"wpb_text_column wpb_content_element\">\n\t\t<div class=\"wpb_wrapper\">\n\t\t\t<h2>AUTORI\u00d5IGUS JA KAUBAM\u00c4RGID<\/h2>\n<p>K\u00e4esolev veebisait ja kogu sellel sisalduv materjal on Body &amp; Flow omand.<br \/>\nV\u00e4lja arvatud juhul, kui see on vajalik veebisaidil oleva materjali vaatamiseks, ei tohi veebisaidil olevat sisu reprodutseerida, kopeerida, taaskasutada, kohandada, muuta, levitada, kolmandatele isikutele \u00fcles laadida ega linkida ilma Body &amp; Flow eelneva kirjaliku n\u00f5usolekuta.<\/p>\n\n\t\t<\/div>\n\t<\/div><div class=\"separator  transparent\" style=\"\"><\/div>\n\t<div class=\"wpb_text_column wpb_content_element\">\n\t\t<div class=\"wpb_wrapper\">\n\t\t\t<p>KOLMANDATE OSAPOOLTE VEEBISAIDID<\/p>\n<p>Veebisait v\u00f5ib sisaldada linke teistele kolmandate osapoolte veebisaitidele. Body &amp; Flow ei toeta ega kiida heaks kolmandate osapoolte veebisaitidel sisalduvat materjali.<\/p>\n\n\t\t<\/div>\n\t<\/div><div class=\"separator  transparent\" style=\"\"><\/div>\n\t<div class=\"wpb_text_column wpb_content_element\">\n\t\t<div class=\"wpb_wrapper\">\n\t\t\t<p>V\u00c4RVID JA SUURUSED<\/p>\n<p>Meie r\u00f5ivaste v\u00e4rvid v\u00f5ivad erineda teie monitoril kuvatavatest v\u00e4rvidest. Body &amp; Flow ei saa tagada, et teie monitoril kuvatav v\u00e4rv on t\u00e4pne.<br \/>\nSuuruskaardid on m\u00f5eldud ainult juhendiks keha m\u00f5\u00f5tude kohta ega esinda r\u00f5ivaste m\u00f5\u00f5te. Lisateabe saamiseks vaadake palun meie suuruskaardi osa.<\/p>\n\n\t\t<\/div>\n\t<\/div><div class=\"separator  transparent\" style=\"\"><\/div>\n\t<div class=\"wpb_text_column wpb_content_element\">\n\t\t<div class=\"wpb_wrapper\">\n\t\t\t<h2>H\u00dcVITIS JA VASTUTUSE PIIRAMINE<\/h2>\n<p>K\u00e4esolevaga n\u00f5ustute h\u00fcvitama ja hoidma Body &amp; Flow kahjuta mis tahes kahjude, kohustuste, n\u00f5uete ja kulude eest, mis on tekkinud v\u00f5i mis on tekkinud seoses veebisaidi kasutamisega.<\/p>\n\n\t\t<\/div>\n\t<\/div><div class=\"separator  transparent\" style=\"\"><\/div>\n\t<div class=\"wpb_text_column wpb_content_element\">\n\t\t<div class=\"wpb_wrapper\">\n\t\t\t<h2>KAUPADE OSTMINE<\/h2>\n<p>K\u00f5ik k\u00e4esoleva veebisaidi kaudu esitatud tellimused kujutavad endast teie poolt Body &amp; Flow-le tehtud pakkumist osta konkreetne toode v\u00f5i teenus hinnaga (sh kohaletoimetamise ja muud kulud), mis on k\u00e4esoleval veebisaidil tellimuse esitamise hetkel m\u00e4rgitud.<br \/>\nBody &amp; Flow j\u00e4tab endale \u00f5iguse vastu v\u00f5tta v\u00f5i tagasi l\u00fckata mis tahes pakkumine mis tahes p\u00f5hjusel, sealhulgas, kuid mitte ainult, toote puudumine, viga v\u00f5i puudus toote kirjelduses v\u00f5i viga teie tellimuses.<br \/>\nSiduvat lepingut ei s\u00f5lmita enne, kui Body &amp; Flow teavitab teid, et on teie tellimuse vastu v\u00f5tnud ja ostuhinna maksmine on kinnitatud.<br \/>\nTooteid v\u00f5i teenuseid reklaamitakse Ameerika \u00dchendriikide dollarites ja need sisaldavad kaupade hinda ja makse. Hinnad on kehtivad veebisaidil avaldamise hetkel, kuid v\u00f5ivad aeg-ajalt ja igal ajal Body &amp; Flow'i \u00e4ran\u00e4gemisel muutuda.<\/p>\n\n\t\t<\/div>\n\t<\/div><div class=\"separator  transparent\" style=\"\"><\/div>\n\t<div class=\"wpb_text_column wpb_content_element\">\n\t\t<div class=\"wpb_wrapper\">\n\t\t\t<h2>KAUPADE TARNE<\/h2>\n<p>Body &amp; Flow s\u00e4ilitab \u00f5iguse ja omandi\u00f5iguse tellitud toodetele kuni nende t\u00e4ieliku tasumiseni.<br \/>\nKuigi tehakse k\u00f5ik v\u00f5imalik, et tagada toodete ohutu ja \u00f5igeaegne kohaletoimetamine, n\u00f5ustute, et Body &amp; Flow ei kanna riski ega vastuta toodete kadumise v\u00f5i kahjustumise eest nende transpordi ajal ning et sellise kadumise v\u00f5i kahjustumise risk l\u00e4heb \u00fcle Teile, kui tooted on transpordil v\u00f5i kohaletoimetamise protsessis.<\/p>\n\n\t\t<\/div>\n\t<\/div><div class=\"separator  transparent\" style=\"\"><\/div>\n\t<div class=\"wpb_text_column wpb_content_element\">\n\t\t<div class=\"wpb_wrapper\">\n\t\t\t<h2>MAKSE<\/h2>\n<p>Palun v\u00f5tke meiega \u00fchendust, et teha vajalikud korraldused. K\u00f5ik hinnad on USA dollarites.<\/p>\n\n\t\t<\/div>\n\t<\/div><div class=\"separator  transparent\" style=\"\"><\/div>\n\t<div class=\"wpb_text_column wpb_content_element\">\n\t\t<div class=\"wpb_wrapper\">\n\t\t\t<h2>Tagastamine ja vahetamine<\/h2>\n<p>Body &amp; Flow v\u00f5tab vastu uued, kandmata ja pesemata tooted, mis on ostetud meie veebisaidilt, 30 p\u00e4eva jooksul alates tarnekuup\u00e4evast, ning tagastab nende eest t\u00e4ieliku h\u00fcvitise v\u00f5i vahetab need v\u00e4lja. Soodusm\u00fc\u00fcgi tooteid ei saa tagastada ega vahetada.<br \/>\nKui teie toode on ostetud \u00fchelt meie edasim\u00fc\u00fcjalt, palun v\u00f5tke \u00fchendust edasim\u00fc\u00fcjaga, et saada teavet nende tagastamispoliitika kohta. Me ei v\u00f5ta vastu tagastusi toodete puhul, mis on ostetud kolmanda osapoole edasim\u00fc\u00fcjalt.<br \/>\nTagastame raha teie algsele makseviisile. T\u00e4ieliku ostuhinna tagastamiseks on vaja esitada ostut\u00f5end.<br \/>\nMeie tagastusaadress on:\u00a0<\/p>\n\n\t\t<\/div>\n\t<\/div><div class=\"separator  transparent\" style=\"\"><\/div>\n\t<div class=\"wpb_text_column wpb_content_element\">\n\t\t<div class=\"wpb_wrapper\">\n\t\t\t<h2>KOHALDATAV \u00d5IGUS JA KOHTUALLUVUS<\/h2>\n<p>K\u00e4esolevad tingimused reguleeritakse ja t\u00f5lgendatakse vastavalt Ameerika \u00dchendriikide New Yorgi osariigi seadustele.<br \/>\nTeie ja Body &amp; Flow n\u00f5ustute p\u00f6\u00f6rduma tagasiv\u00f5tmatult Ameerika \u00dchendriikide New Yorgi osariigi kohtute ainup\u00e4devusse.<\/p>\n\n\t\t<\/div>\n\t<\/div><div class=\"separator  transparent\" style=\"\"><\/div>\n\t<div class=\"wpb_text_column wpb_content_element\">\n\t\t<div class=\"wpb_wrapper\">\n\t\t\t<h2>PRIVAATSUS<\/h2>\n<p>Veebisaidile sisenemisel v\u00f5i seda kasutades m\u00f5istab Body &amp; Flow, et me v\u00f5ime k\u00fcsida isikuandmeid v\u00f5i et te v\u00f5ite neid veebisaidi kaudu edastada. Body &amp; Flow on p\u00fchendunud teie isikuandmete privaatsuse kaitsmisele.<\/p>\n<p>Seega salvestatakse k\u00f5ik veebisaidi kaudu esitatud isikuandmed meie turvalisele veebiserverile v\u00f5i privaatsetesse failidesse. Me ei jaga, m\u00fc\u00fc, rendi ega vaheta kolmandate osapooltega veebisaidi kaudu saadud isikuandmeid, v\u00e4lja arvatud k\u00e4esolevates tingimustes s\u00e4testatud juhtudel v\u00f5i seadusega n\u00f5utud juhtudel. K\u00f5iki veebisaidi kaudu esitatud isikuandmeid k\u00e4sitletakse hoolikalt ja rangelt konfidentsiaalsena.<\/p>\n<p>V\u00f5ime pakkuda koondatud statistilist, demograafilist ja muud isikut mitteidentifitseerivat teavet veebisaidi parandamise ja optimeerimise protsessi osana.<\/p>\n<p>Body &amp; Flow v\u00f5ib oma privaatsuspoliitikat igal ajal vastavalt seadusele muuta. Kui privaatsuspoliitikat muudetakse, avaldatakse need muudatused veebisaidil.<\/p>\n<p>Kui teil on meie privaatsuspoliitika kohta k\u00fcsimusi v\u00f5i muresid, v\u00f5tke meiega \u00fchendust aadressil info@bodyandflow.com.<\/p>\n\n\t\t<\/div>\n\t<\/div><div class=\"separator  transparent\" style=\"\"><\/div><\/div><\/div><\/div><\/div><\/div><\/div>\n<\/div>","protected":false},"excerpt":{"rendered":"Terms and Condition \u0095 Body &amp; Flow international pilates education programs Terms and Condition \u0095 Body &amp; Flow international pilates education programs ACCEPTANCE OF TERMS AND CONDITIONS The www.BodyandFlow.com website (\u0093the Website\u0094) is owned and operated by Yaza-Media Inc. By accessing or using the Website,...","protected":false},"author":1,"featured_media":0,"parent":0,"menu_order":0,"comment_status":"closed","ping_status":"closed","template":"full_width.php","meta":{"footnotes":""},"class_list":["post-2263","page","type-page","status-publish","hentry"],"_links":{"self":[{"href":"https:\/\/bodyandflow.com\/et\/wp-json\/wp\/v2\/pages\/2263","targetHints":{"allow":["GET"]}}],"collection":[{"href":"https:\/\/bodyandflow.com\/et\/wp-json\/wp\/v2\/pages"}],"about":[{"href":"https:\/\/bodyandflow.com\/et\/wp-json\/wp\/v2\/types\/page"}],"author":[{"embeddable":true,"href":"https:\/\/bodyandflow.com\/et\/wp-json\/wp\/v2\/users\/1"}],"replies":[{"embeddable":true,"href":"https:\/\/bodyandflow.com\/et\/wp-json\/wp\/v2\/comments?post=2263"}],"version-history":[{"count":0,"href":"https:\/\/bodyandflow.com\/et\/wp-json\/wp\/v2\/pages\/2263\/revisions"}],"wp:attachment":[{"href":"https:\/\/bodyandflow.com\/et\/wp-json\/wp\/v2\/media?parent=2263"}],"curies":[{"name":"wp","href":"https:\/\/api.w.org\/{rel}","templated":true}]}}