{"id":27308,"date":"2019-10-25T09:55:37","date_gmt":"2019-10-25T14:55:37","guid":{"rendered":"https:\/\/www.bodyandflow.com\/?page_id=27308"},"modified":"2019-10-25T11:21:30","modified_gmt":"2019-10-25T16:21:30","slug":"nicola-caswell","status":"publish","type":"page","link":"https:\/\/bodyandflow.com\/et\/treener\/nicola-caswell\/","title":{"rendered":"Nicola Caswell"},"content":{"rendered":"<div class=\"wpb-content-wrapper\"><div class=\"vc_row wpb_row section vc_row-fluid  grid_section\" style=' padding-top:40px; text-align:left;'><div class=\"section_inner clearfix\"><div class='section_inner_margin clearfix'><div class=\"element_from_fade\"><div><div class=\"wpb_column vc_column_container vc_col-sm-3 vc_col-has-fill\"><div class=\"vc_column-inner vc_custom_1425209688159\"><div class=\"wpb_wrapper\"><div class='q_team'><div class='q_team_inner'><div class='q_team_image'><img decoding=\"async\" src=\"https:\/\/bodyandflow.com\/wp-content\/uploads\/2016\/08\/nikola-original-e1708356009222.png\" alt=\"team_image\"  \/><div class='q_team_social_holder' ><div class='q_team_social'><div class='q_team_social_inner'><span class='q_social_icon_holder with_link circle_social' ><a href='https:\/\/www.facebook.com\/nicola.caswell.7' target='_blank'><span class='fa-stack  circle_social' style=''><i class='social_icon fa fa-facebook'><\/i><\/span><\/a><\/span><span class='q_social_icon_holder with_link circle_social' ><a href='mailto:caswellnicola@gmail.com' target='_blank'><span class='fa-stack  circle_social' style=''><i class='social_icon fa fa-envelope'><\/i><\/span><\/a><\/span><\/div><\/div><\/div><\/div><div class='q_team_text' ><div class='q_team_text_inner'><div class='q_team_title_holder'><h4 class='q_team_name' ><\/h4><\/div><div class=\"q_team_skills_holder\"><\/div><\/div><\/div><\/div><\/div><\/div><\/div><\/div><div class=\"wpb_column vc_column_container vc_col-sm-9\"><div class=\"vc_column-inner\"><div class=\"wpb_wrapper\"><div class=\"separator  transparent\" style=\"\"><\/div><div class=\"separator  transparent\" style=\"\"><\/div><div class=\"separator  transparent\" style=\"\"><\/div>\n\t<div class=\"wpb_text_column wpb_content_element\">\n\t\t<div class=\"wpb_wrapper\">\n\t\t\t<h2><span style=\"color: #e6ae48;\">Pilatesi \u00f5petaja koolitaja<\/span> Peruu<\/h2>\n\n\t\t<\/div>\n\t<\/div><div class=\"separator  transparent\" style=\"\"><\/div>\n\t<div class=\"wpb_text_column wpb_content_element\">\n\t\t<div class=\"wpb_wrapper\">\n\t\t\t<h3>Nicola Caswell<\/h3>\n\n\t\t<\/div>\n\t<\/div><div class=\"separator  transparent\" style=\"\"><\/div>\n\t<div class=\"wpb_text_column wpb_content_element\">\n\t\t<div class=\"wpb_wrapper\">\n\t\t\t<p class=\"p1\" style=\"text-align: justify;\"><span class=\"s1\">Nicola on alates 2001. aastast olnud algkooli spordi- ja kehalise kasvatuse \u00f5petaja.  Ta usub, et inimese terviklik areng algab juba varases eas, kui arendatakse nii vaimu kui ka keha. 2012. aastal l\u00e4bis Nicola Pilates Studio \u00f5petaja Ory juures Pilatesi \u00f5petaja koolituse Bangkokis, olles armunud sellesse meetodisse ja n\u00e4inud selle s\u00fcgavat m\u00f5ju oma j\u00f5ule, vastupidavusele ja vaimsele teadlikkusele. Ta \u00f5ppis algselt Physical Mind Institute'is seistes, mattidel ja seadmetel Pilatest ning on hiljuti l\u00f5petanud koolituse toitumise, anatoomia, edasij\u00f5udnud mattidel Pilatese ning s\u00fcnnituseelse ja -j\u00e4rgse Pilatese alal. Nicola tunneb au, et saab n\u00fc\u00fcd ise koolitada tulevasi Pilatese \u00f5petajaid ja jagada oma kirge, p\u00fchendumust ja armastust Pilatese ja elukestva \u00f5ppimise vastu.<\/span><span class=\"s3\">r<\/span><span class=\"s1\">ning.<\/span><\/p>\n\n\t\t<\/div>\n\t<\/div><\/div><\/div><\/div><\/div><\/div><\/div><\/div><\/div><div     class=\"vc_row wpb_row section vc_row-fluid  grid_section full_screen_section\" style='background-color:#ffffff; text-align:left;'><div class=\"section_inner clearfix\"><div class='section_inner_margin clearfix'><div class=\"wpb_column vc_column_container vc_col-sm-3\/5\"><div class=\"vc_column-inner\"><div class=\"wpb_wrapper\"><div class=\"separator  transparent\" style=\"\"><\/div><div  class=\"wpb_widgetised_column wpb_content_element\">\n\t\t<div class=\"wpb_wrapper\">\n\t\t\t\n\t\t\t\n\t\t<\/div>\n\t<\/div>\n<div class=\"separator  transparent\" style=\"\"><\/div><\/div><\/div><\/div><div class=\"wpb_column vc_column_container vc_col-sm-2\/5\"><div class=\"vc_column-inner\"><div class=\"wpb_wrapper\"><div class=\"separator  transparent\" style=\"\"><\/div><div class=\"separator  transparent\" style=\"\"><\/div><div class=\"separator  transparent\" style=\"\"><\/div><script>console.log(\": Slider with alias woocommercesmall-1 not found.\")<\/script>\n<\/div><\/div><\/div><\/div><\/div><\/div>\n<\/div>","protected":false},"excerpt":{"rendered":"Pilates Teacher Trainer \u0095 Peru Nicola Caswell Nicola has been a Primary School teacher of Sport and Physical Education since 2001.\u00a0 She believes\u00a0in\u00a0developing the whole person\u00a0with\u00a0mind and body education beginning at a young age. In 2012 Nicola trained as a Pilates\u00a0teacher with Ory\u00a0at the Pilates...","protected":false},"author":1,"featured_media":0,"parent":27294,"menu_order":0,"comment_status":"closed","ping_status":"closed","template":"full_width.php","meta":{"footnotes":""},"class_list":["post-27308","page","type-page","status-publish","hentry"],"_links":{"self":[{"href":"https:\/\/bodyandflow.com\/et\/wp-json\/wp\/v2\/pages\/27308","targetHints":{"allow":["GET"]}}],"collection":[{"href":"https:\/\/bodyandflow.com\/et\/wp-json\/wp\/v2\/pages"}],"about":[{"href":"https:\/\/bodyandflow.com\/et\/wp-json\/wp\/v2\/types\/page"}],"author":[{"embeddable":true,"href":"https:\/\/bodyandflow.com\/et\/wp-json\/wp\/v2\/users\/1"}],"replies":[{"embeddable":true,"href":"https:\/\/bodyandflow.com\/et\/wp-json\/wp\/v2\/comments?post=27308"}],"version-history":[{"count":0,"href":"https:\/\/bodyandflow.com\/et\/wp-json\/wp\/v2\/pages\/27308\/revisions"}],"up":[{"embeddable":true,"href":"https:\/\/bodyandflow.com\/et\/wp-json\/wp\/v2\/pages\/27294"}],"wp:attachment":[{"href":"https:\/\/bodyandflow.com\/et\/wp-json\/wp\/v2\/media?parent=27308"}],"curies":[{"name":"wp","href":"https:\/\/api.w.org\/{rel}","templated":true}]}}