{"id":27309,"date":"2019-10-25T09:50:32","date_gmt":"2019-10-25T14:50:32","guid":{"rendered":"https:\/\/www.bodyandflow.com\/?page_id=27309"},"modified":"2019-10-27T01:28:32","modified_gmt":"2019-10-27T06:28:32","slug":"ormploy-chutrakul","status":"publish","type":"page","link":"https:\/\/bodyandflow.com\/et\/treener\/ormploy-chutrakul\/","title":{"rendered":"Ormploy Chutrakul"},"content":{"rendered":"<div class=\"wpb-content-wrapper\"><div class=\"vc_row wpb_row section vc_row-fluid  grid_section\" style=' padding-top:40px; text-align:left;'><div class=\"section_inner clearfix\"><div class='section_inner_margin clearfix'><div class=\"element_from_fade\"><div><div class=\"wpb_column vc_column_container vc_col-sm-3 vc_col-has-fill\"><div class=\"vc_column-inner vc_custom_1425209688159\"><div class=\"wpb_wrapper\"><div class='q_team'><div class='q_team_inner'><div class='q_team_image'><img decoding=\"async\" src=\"\" alt=\"team_image\"  \/><div class='q_team_social_holder' ><div class='q_team_social'><div class='q_team_social_inner'><span class='q_social_icon_holder with_link circle_social' ><a href='https:\/\/www.facebook.com\/supawadee.prongsa' target='_blank'><span class='fa-stack  circle_social' style=''><i class='social_icon fa fa-facebook'><\/i><\/span><\/a><\/span><span class='q_social_icon_holder with_link circle_social' ><a href='mailto:birthsp@yahoo.com' target='_blank'><span class='fa-stack  circle_social' style=''><i class='social_icon fa fa-envelope'><\/i><\/span><\/a><\/span><\/div><\/div><\/div><\/div><div class='q_team_text' ><div class='q_team_text_inner'><div class='q_team_title_holder'><h4 class='q_team_name' ><\/h4><\/div><\/div><\/div><\/div><\/div><\/div><\/div><\/div><div class=\"wpb_column vc_column_container vc_col-sm-9\"><div class=\"vc_column-inner\"><div class=\"wpb_wrapper\"><div class=\"separator  transparent\" style=\"\"><\/div><div class=\"separator  transparent\" style=\"\"><\/div><div class=\"separator  transparent\" style=\"\"><\/div>\n\t<div class=\"wpb_text_column wpb_content_element\">\n\t\t<div class=\"wpb_wrapper\">\n\t\t\t<h2><span style=\"color: #e6ae48;\">Pilatesi \u00f5petaja koolitaja<\/span> Tai<\/h2>\n\n\t\t<\/div>\n\t<\/div><div class=\"separator  transparent\" style=\"\"><\/div>\n\t<div class=\"wpb_text_column wpb_content_element\">\n\t\t<div class=\"wpb_wrapper\">\n\t\t\t<h3>Ormploy Chutrakul<\/h3>\n\n\t\t<\/div>\n\t<\/div><div class=\"separator  transparent\" style=\"\"><\/div>\n\t<div class=\"wpb_text_column wpb_content_element\">\n\t\t<div class=\"wpb_wrapper\">\n\t\t\t<p>Supawadee (Khun Birth) l\u00f5petas f\u00fcsioteraapia eriala 1998. aastal. Khun Birth on ravinud patsiente PT-na nii riiklikes kui ka erahaiglates ja kliinikutes rohkem kui k\u00fcmme aastat. Birth alustas pilatese harrastamist 2004. aastal ja sai 2009. aastal pilatese\u00f5petajaks, et aidata oma patsientidel saada tugevamaks ja oma keha paremini tundma \u00f5ppida. Birth usub kindlalt Pilatesesse ja selle imelisse m\u00f5jusse inimkehale ning sai 2010. aastal Pilatese \u00f5petajaks. Ta \u00f5petab Pilatesi Bangkoki Pilate stuudios ja \u00f5pib pidevalt, et t\u00e4iustada oma oskusi \u00f5petajana ja lektorina Tais \u00fclikoolides ja erinevates \u00fchendustes.   Birth liitus Body &amp; Flow meeskonnaga 2018. aastal ja on uhke, et \u00f5petab kursusi Tai keeles ja teeb Pilatese naeratuste maal k\u00e4ttesaadavamaks.<\/p>\n\n\t\t<\/div>\n\t<\/div><\/div><\/div><\/div><\/div><\/div><\/div><\/div><\/div><div     class=\"vc_row wpb_row section vc_row-fluid  grid_section full_screen_section\" style='background-color:#ffffff; text-align:left;'><div class=\"section_inner clearfix\"><div class='section_inner_margin clearfix'><div class=\"wpb_column vc_column_container vc_col-sm-3\/5\"><div class=\"vc_column-inner\"><div class=\"wpb_wrapper\"><div class=\"separator  transparent\" style=\"\"><\/div><div  class=\"wpb_widgetised_column wpb_content_element\">\n\t\t<div class=\"wpb_wrapper\">\n\t\t\t\n\t\t\t\n\t\t<\/div>\n\t<\/div>\n<div class=\"separator  transparent\" style=\"\"><\/div><\/div><\/div><\/div><div class=\"wpb_column vc_column_container vc_col-sm-2\/5\"><div class=\"vc_column-inner\"><div class=\"wpb_wrapper\"><div class=\"separator  transparent\" style=\"\"><\/div><div class=\"separator  transparent\" style=\"\"><\/div><div class=\"separator  transparent\" style=\"\"><\/div><script>console.log(\": Slider with alias woocommercesmall-1 not found.\")<\/script>\n<\/div><\/div><\/div><\/div><\/div><\/div>\n<\/div>","protected":false},"excerpt":{"rendered":"Pilates Teacher Trainer \u0095\u00a0Thailand Ormploy Chutrakul Supawadee (Khun Birth) graduated in Physical Therapy in 1998. Khun Birth was taking care of patient as a PT in both government and private hospitals as well as in clinics for more than ten years. Birth started practicing Pilates...","protected":false},"author":1,"featured_media":0,"parent":27294,"menu_order":0,"comment_status":"closed","ping_status":"closed","template":"full_width.php","meta":{"footnotes":""},"class_list":["post-27309","page","type-page","status-publish","hentry"],"_links":{"self":[{"href":"https:\/\/bodyandflow.com\/et\/wp-json\/wp\/v2\/pages\/27309","targetHints":{"allow":["GET"]}}],"collection":[{"href":"https:\/\/bodyandflow.com\/et\/wp-json\/wp\/v2\/pages"}],"about":[{"href":"https:\/\/bodyandflow.com\/et\/wp-json\/wp\/v2\/types\/page"}],"author":[{"embeddable":true,"href":"https:\/\/bodyandflow.com\/et\/wp-json\/wp\/v2\/users\/1"}],"replies":[{"embeddable":true,"href":"https:\/\/bodyandflow.com\/et\/wp-json\/wp\/v2\/comments?post=27309"}],"version-history":[{"count":0,"href":"https:\/\/bodyandflow.com\/et\/wp-json\/wp\/v2\/pages\/27309\/revisions"}],"up":[{"embeddable":true,"href":"https:\/\/bodyandflow.com\/et\/wp-json\/wp\/v2\/pages\/27294"}],"wp:attachment":[{"href":"https:\/\/bodyandflow.com\/et\/wp-json\/wp\/v2\/media?parent=27309"}],"curies":[{"name":"wp","href":"https:\/\/api.w.org\/{rel}","templated":true}]}}