{"id":27310,"date":"2019-10-25T09:54:18","date_gmt":"2019-10-25T14:54:18","guid":{"rendered":"https:\/\/www.bodyandflow.com\/?page_id=27310"},"modified":"2019-10-25T16:12:17","modified_gmt":"2019-10-25T21:12:17","slug":"dr-serge-landrieu","status":"publish","type":"page","link":"https:\/\/bodyandflow.com\/et\/treener\/dr-serge-landrieu\/","title":{"rendered":"Dr Serge Landrieu"},"content":{"rendered":"<div class=\"wpb-content-wrapper\"><div class=\"vc_row wpb_row section vc_row-fluid  grid_section\" style=' padding-top:40px; text-align:left;'><div class=\"section_inner clearfix\"><div class='section_inner_margin clearfix'><div class=\"element_from_fade\"><div><div class=\"wpb_column vc_column_container vc_col-sm-3 vc_col-has-fill\"><div class=\"vc_column-inner vc_custom_1425209688159\"><div class=\"wpb_wrapper\"><div class='q_team'><div class='q_team_inner'><div class='q_team_image'><img decoding=\"async\" src=\"\" alt=\"team_image\"  \/><div class='q_team_social_holder' ><div class='q_team_social'><div class='q_team_social_inner'><span class='q_social_icon_holder with_link circle_social' ><a href='https:\/\/www.facebook.com\/dieu.langen' target='_blank'><span class='fa-stack  circle_social' style=''><i class='social_icon fa fa-facebook'><\/i><\/span><\/a><\/span><span class='q_social_icon_holder with_link circle_social' ><a href='mailto:drdrieu@gmail.com' target='_blank'><span class='fa-stack  circle_social' style=''><i class='social_icon fa fa-envelope'><\/i><\/span><\/a><\/span><\/div><\/div><\/div><\/div><div class='q_team_text' ><div class='q_team_text_inner'><div class='q_team_title_holder'><h4 class='q_team_name' ><\/h4><\/div><div class=\"q_team_skills_holder\"><\/div><\/div><\/div><\/div><\/div><\/div><\/div><\/div><div class=\"wpb_column vc_column_container vc_col-sm-9\"><div class=\"vc_column-inner\"><div class=\"wpb_wrapper\"><div class=\"separator  transparent\" style=\"\"><\/div><div class=\"separator  transparent\" style=\"\"><\/div><div class=\"separator  transparent\" style=\"\"><\/div>\n\t<div class=\"wpb_text_column wpb_content_element\">\n\t\t<div class=\"wpb_wrapper\">\n\t\t\t<h2><span style=\"color: #e6ae48;\">Pilatesi \u00f5petaja koolitaja<\/span> Tai<\/h2>\n\n\t\t<\/div>\n\t<\/div><div class=\"separator  transparent\" style=\"\"><\/div>\n\t<div class=\"wpb_text_column wpb_content_element\">\n\t\t<div class=\"wpb_wrapper\">\n\t\t\t<h3>Dr Serge Landrieu<\/h3>\n\n\t\t<\/div>\n\t<\/div><div class=\"separator  transparent\" style=\"\"><\/div>\n\t<div class=\"wpb_text_column wpb_content_element\">\n\t\t<div class=\"wpb_wrapper\">\n\t\t\t<p style=\"text-align: justify;\">Alates 1984. aastast arstina t\u00f6\u00f6tades on Serge kogunud rohkesti teadmisi ja kogemusi keha tasakaalu ja funktsioonih\u00e4iretega seotud valdkonnas. Tema esimesed Pilatesi harjutused 1995. aastal koos kuulsate baleriinidega muutsid tema arusaama oma kehast, mida ta oli juba k\u00fcmneaastasest peale harjutanud joogaga. Toetavate ravimeetoditena kasutati talassoteraapiat ja Watsut, samuti m\u00fcoteraapiat \u2013 uuenduslikku lihaste ja sidemete manipuleerimise tehnikat vastavalt nende meridiaaniradadele. K\u00f5ik see teeb temast v\u00e4ga leidliku Pilatese meetodi \u00f5petaja ja l\u00e4henemisviiside kasutaja. Serge \u00f5petab Pilatest Koh Samuis alates 2005. aastast ja liitus Body &amp; Flowga meistrikoolitajana 2014. aastal.<\/p>\n\n\t\t<\/div>\n\t<\/div><\/div><\/div><\/div><\/div><\/div><\/div><\/div><\/div><div     class=\"vc_row wpb_row section vc_row-fluid  grid_section full_screen_section\" style='background-color:#ffffff; text-align:left;'><div class=\"section_inner clearfix\"><div class='section_inner_margin clearfix'><div class=\"wpb_column vc_column_container vc_col-sm-3\/5\"><div class=\"vc_column-inner\"><div class=\"wpb_wrapper\"><div class=\"separator  transparent\" style=\"\"><\/div><div  class=\"wpb_widgetised_column wpb_content_element\">\n\t\t<div class=\"wpb_wrapper\">\n\t\t\t\n\t\t\t\n\t\t<\/div>\n\t<\/div>\n<div class=\"separator  transparent\" style=\"\"><\/div><\/div><\/div><\/div><div class=\"wpb_column vc_column_container vc_col-sm-2\/5\"><div class=\"vc_column-inner\"><div class=\"wpb_wrapper\"><div class=\"separator  transparent\" style=\"\"><\/div><div class=\"separator  transparent\" style=\"\"><\/div><div class=\"separator  transparent\" style=\"\"><\/div><script>console.log(\": Slider with alias woocommercesmall-1 not found.\")<\/script>\n<\/div><\/div><\/div><\/div><\/div><\/div>\n<\/div>","protected":false},"excerpt":{"rendered":"Pilates Teacher Trainer \u0095\u00a0Thailand Dr Serge Landrieu As a medical doctor since 1984, Serge has gathered an abundance of knowledge and experience working with body alignment and dysfunctions. His first Pilates exercises in 1995 with a star Ballerina changed his insights about his own body...","protected":false},"author":1,"featured_media":0,"parent":27294,"menu_order":0,"comment_status":"closed","ping_status":"closed","template":"full_width.php","meta":{"footnotes":""},"class_list":["post-27310","page","type-page","status-publish","hentry"],"_links":{"self":[{"href":"https:\/\/bodyandflow.com\/et\/wp-json\/wp\/v2\/pages\/27310","targetHints":{"allow":["GET"]}}],"collection":[{"href":"https:\/\/bodyandflow.com\/et\/wp-json\/wp\/v2\/pages"}],"about":[{"href":"https:\/\/bodyandflow.com\/et\/wp-json\/wp\/v2\/types\/page"}],"author":[{"embeddable":true,"href":"https:\/\/bodyandflow.com\/et\/wp-json\/wp\/v2\/users\/1"}],"replies":[{"embeddable":true,"href":"https:\/\/bodyandflow.com\/et\/wp-json\/wp\/v2\/comments?post=27310"}],"version-history":[{"count":0,"href":"https:\/\/bodyandflow.com\/et\/wp-json\/wp\/v2\/pages\/27310\/revisions"}],"up":[{"embeddable":true,"href":"https:\/\/bodyandflow.com\/et\/wp-json\/wp\/v2\/pages\/27294"}],"wp:attachment":[{"href":"https:\/\/bodyandflow.com\/et\/wp-json\/wp\/v2\/media?parent=27310"}],"curies":[{"name":"wp","href":"https:\/\/api.w.org\/{rel}","templated":true}]}}