{"id":102,"date":"2013-04-26T13:42:37","date_gmt":"2013-04-26T13:42:37","guid":{"rendered":"https:\/\/www.bodyandflow.com\/?page_id=102"},"modified":"2017-05-25T05:03:36","modified_gmt":"2017-05-25T10:03:36","slug":"testimonianze","status":"publish","type":"page","link":"https:\/\/bodyandflow.com\/it\/circa\/testimonianze\/","title":{"rendered":"Testimonials"},"content":{"rendered":"<div class=\"wpb-content-wrapper\"><div class=\"vc_row wpb_row section vc_row-fluid  grid_section\" style=' padding-top:80px; padding-bottom:40px; text-align:left;'><div class=\"section_inner clearfix\"><div class='section_inner_margin clearfix'><div class=\"element_from_bottom\"><div><div class=\"wpb_column vc_column_container vc_col-sm-12\"><div class=\"vc_column-inner\"><div class=\"wpb_wrapper\"><div class=\"separator  transparent\" style=\"\"><\/div>\n\t<div class=\"wpb_text_column wpb_content_element\">\n\t\t<div class=\"wpb_wrapper\">\n\t\t\t<h1>Cosa \u0095 <span style=\"color: #e6ae48;\">Cosa dicono gli studenti di Body &amp; Flow<\/span><\/h1>\n\n\t\t<\/div>\n\t<\/div><div class=\"separator  transparent\" style=\"\"><\/div><div class=\"separator  transparent\" style=\"\"><\/div><\/div><\/div><\/div><\/div><\/div><\/div><\/div><\/div><div     class=\"vc_row wpb_row section vc_row-fluid  grid_section\" style=' text-align:left;'><div class=\"section_inner clearfix\"><div class='section_inner_margin clearfix'><div class=\"wpb_column vc_column_container vc_col-sm-12\"><div class=\"vc_column-inner\"><div class=\"wpb_wrapper\"><div class=\"testimonials_holder clearfix dark\"><div class=\"testimonials testimonials_carousel\" data-show-navigation=\"yes\" data-show-navigation-arrows=\"no\" data-animation-type=\"slide\" data-animation-speed=\"\" data-auto-rotate-slides=\"15\"><ul class=\"slides\"><li id=\"testimonials21752\" class=\"testimonial_content\"><div class=\"testimonial_content_inner\"><div class=\"testimonial_text_holder left_align\"><div class=\"testimonial_text_inner\"><p style='color:#424242;'>Le istruzioni sono estremamente chiare, concise e dirette. L'insegnante \u00e8 molto concentrata e mantiene il ritmo della lezione costante. Mi sono divertita molto durante l'allenamento e continuer\u00f2 sicuramente ad allenarmi con Body &amp; Flow quando ne avr\u00f2 l'occasione. La consiglio a chiunque voglia allenarsi con il Pilates!<\/p><p class=\"testimonial_author\" style=\"\">- Suzanne Vian :: Vietnam<\/p><\/div><\/div><\/div><\/li><li id=\"testimonials21753\" class=\"testimonial_content\"><div class=\"testimonial_content_inner\"><div class=\"testimonial_text_holder left_align\"><div class=\"testimonial_text_inner\"><p style='color:#424242;'>Senza Ory, non avrei mai realizzato il mio sogno di diventare un'insegnante di Pilates. La conoscenza e la comprensione del metodo Pilates da parte di Ory e la sua abilit\u00e0 nell'insegnamento sono eccezionali. Le sessioni che ho trascorso imparando con Ory sono state coinvolgenti, ben pianificate e divertenti. Le sue aspettative sono molto elevate, ma fornisce sempre un feedback costruttivo e prezioso, poich\u00e9 Ory comprende che l'apprendimento \u00e8 un processo continuo e che dura tutta la vita.  Mi sento molto fortunata ad aver incontrato Ory, che mi ha fornito gli strumenti e una solida base per iniziare il mio percorso nel Pilates, e so che lei sar\u00e0 al mio fianco, sostenendomi negli anni a venire.<\/p><p class=\"testimonial_author\" style=\"\">- Nicola Caswell :: Inghilterra<\/p><\/div><\/div><\/div><\/li><li id=\"testimonials21754\" class=\"testimonial_content\"><div class=\"testimonial_content_inner\"><div class=\"testimonial_text_holder left_align\"><div class=\"testimonial_text_inner\"><p style='color:#424242;'>Questo corso ha superato le mie aspettative. All'inizio sono venuta qui pensando solo che dovevo farlo perch\u00e9 dovevo rimanere incinta. Ma quando oggi l'ho finito, ne sono uscita con la voglia di rimanere incinta. Il corso \u00e8 davvero stimolante e offre molte informazioni ed esperienze. Grazie.<\/p><p class=\"testimonial_author\" style=\"\">- Nooj :: Thailandia<\/p><\/div><\/div><\/div><\/li><li id=\"testimonials21755\" class=\"testimonial_content\"><div class=\"testimonial_content_inner\"><div class=\"testimonial_text_holder left_align\"><div class=\"testimonial_text_inner\"><p style='color:#424242;'>Dopo aver condotto ricerche approfondite su dove frequentare un corso di certificazione, abbiamo deciso di scegliere The Pilates Studio Bangkok e siamo felici di averlo fatto. Dopo aver contattato Ory, ci ha fornito tutte le informazioni necessarie relative alla partecipazione al corso e al viaggio in Thailandia, assicurandosi che fossimo sulla strada giusta. Dopo aver viaggiato dall'altra parte del mondo, siamo arrivati in uno studio ben attrezzato con personale cordiale e dedicato, oltre a compagni di corso adorabili. Abbiamo avuto la fortuna di avere un'insegnante eccezionale, Ory, che \u00e8 molto dedita al Pilates e al suo lavoro. \u00c8 un'insegnante straordinaria e competente, esigente ma comprensiva, espressiva, chiara e affascinante allo stesso tempo. Il corso era ben strutturato, logico, entusiasmante e completo.<\/p><p class=\"testimonial_author\" style=\"\">- Kristin e Julia :: Estonia<\/p><\/div><\/div><\/div><\/li><li id=\"testimonials21757\" class=\"testimonial_content\"><div class=\"testimonial_content_inner\"><div class=\"testimonial_text_holder left_align\"><div class=\"testimonial_text_inner\"><p style='color:#424242;'>Ho ammirato la tua passione e competenza nel Pilates e tutte le conoscenze e le capacit\u00e0 didattiche che hai saputo condividere con noi. Sono stupita di quanto sia cambiata la sensazione del mio corpo, di quanto sia migliorata la mia pratica e di come riesca a eseguire gli esercizi molto meglio rispetto a prima. Le conoscenze su tutti i muscoli e il lavoro svolto durante il corso sono stati molto interessanti e ora so molto di pi\u00f9 sul mio corpo. Sei davvero un'ottima insegnante.<\/p><p class=\"testimonial_author\" style=\"\">- Barbara Manning :: Stati Uniti<\/p><\/div><\/div><\/div><\/li><li id=\"testimonials21758\" class=\"testimonial_content\"><div class=\"testimonial_content_inner\"><div class=\"testimonial_text_holder left_align\"><div class=\"testimonial_text_inner\"><p style='color:#424242;'>Come ballerina e insegnante, ho trovato che il corso intensivo di certificazione Pilates fosse il perfetto equilibrio tra rigore e soddisfazione. Il corso \u00e8 stimolante e ricco di passione per il Pilates. Ory presenta il corso con un profondo livello di comprensione, collegando il Pilates a una vasta gamma di abilit\u00e0, stili di vita e interessi. Il suo studio professionale e ben progettato rinvigorisce tutti i visitatori in un ambiente Pilates stimolante ma ben equilibrato.<\/p><p class=\"testimonial_author\" style=\"\">- Jaleea Price :: Stati Uniti<\/p><\/div><\/div><\/div><\/li><li id=\"testimonials21759\" class=\"testimonial_content\"><div class=\"testimonial_content_inner\"><div class=\"testimonial_text_holder left_align\"><div class=\"testimonial_text_inner\"><p style='color:#424242;'>Le dimensioni erano perfette, cos\u00ec come il livello delle informazioni fornite. L'insegnante \u00e8 molto disponibile e competente. Gli studenti sono molto motivati.<\/p><p class=\"testimonial_author\" style=\"\">- Cristina Graces :: Stati Uniti<\/p><\/div><\/div><\/div><\/li><li id=\"testimonials21549\" class=\"testimonial_content\"><div class=\"testimonial_content_inner\"><div class=\"testimonial_text_holder left_align\"><div class=\"testimonial_text_inner\"><p style='color:#424242;'>Vale davvero la pena seguire il corso, anche se ho dovuto prendere dei giorni di ferie dal mio lavoro a tempo pieno. L'insegnante \u00e8 molto professionale. Gli amici sono simpatici. Le mie abilit\u00e0 nel Pilates sono davvero migliorate. Pi\u00f9 conosco le basi del Pilates e l'anatomia, pi\u00f9 riesco ad applicare le mie conoscenze a molti esercizi utili. Sono motivata a insegnare, a rafforzare e a guarire gli altri, almeno attraverso le mie abilit\u00e0 nel Pilates.<\/p><p class=\"testimonial_author\" style=\"\">- Tum :: Thailandia<\/p><\/div><\/div><\/div><\/li><li id=\"testimonials21548\" class=\"testimonial_content\"><div class=\"testimonial_content_inner\"><div class=\"testimonial_text_holder left_align\"><div class=\"testimonial_text_inner\"><p style='color:#424242;'>Mi sento fortunata e onorata di conoscerti, Ory. Penso che tu sia fantastica e mi \u00e8 piaciuto molto allenarmi con te, sei un'insegnante eccellente con grande concentrazione e carisma. Ora mi sento ispirata a rileggere tutti i miei appunti, seguire tutti i miei disegni e praticare Pilates. Stamattina ho inserito alcuni elementi fondamentali nella mia lezione di yoga!<\/p><p class=\"testimonial_author\" style=\"\">- Annie Milstead :: Singapore<\/p><\/div><\/div><\/div><\/li><\/ul><\/div><\/div><\/div><\/div><\/div><\/div><\/div><\/div>\n<\/div>","protected":false},"excerpt":{"rendered":"","protected":false},"author":1,"featured_media":0,"parent":148,"menu_order":0,"comment_status":"closed","ping_status":"closed","template":"full_width.php","meta":{"footnotes":""},"class_list":["post-102","page","type-page","status-publish","hentry"],"_links":{"self":[{"href":"https:\/\/bodyandflow.com\/it\/wp-json\/wp\/v2\/pages\/102","targetHints":{"allow":["GET"]}}],"collection":[{"href":"https:\/\/bodyandflow.com\/it\/wp-json\/wp\/v2\/pages"}],"about":[{"href":"https:\/\/bodyandflow.com\/it\/wp-json\/wp\/v2\/types\/page"}],"author":[{"embeddable":true,"href":"https:\/\/bodyandflow.com\/it\/wp-json\/wp\/v2\/users\/1"}],"replies":[{"embeddable":true,"href":"https:\/\/bodyandflow.com\/it\/wp-json\/wp\/v2\/comments?post=102"}],"version-history":[{"count":0,"href":"https:\/\/bodyandflow.com\/it\/wp-json\/wp\/v2\/pages\/102\/revisions"}],"up":[{"embeddable":true,"href":"https:\/\/bodyandflow.com\/it\/wp-json\/wp\/v2\/pages\/148"}],"wp:attachment":[{"href":"https:\/\/bodyandflow.com\/it\/wp-json\/wp\/v2\/media?parent=102"}],"curies":[{"name":"wp","href":"https:\/\/api.w.org\/{rel}","templated":true}]}}