{"id":1519,"date":"2013-06-29T02:52:43","date_gmt":"2013-06-29T02:52:43","guid":{"rendered":"https:\/\/bodyandflow.com\/?page_id=1519"},"modified":"2024-03-27T20:21:14","modified_gmt":"2024-03-27T20:21:14","slug":"domande-frequenti","status":"publish","type":"page","link":"https:\/\/bodyandflow.com\/it\/circa\/domande-frequenti\/","title":{"rendered":"Domande frequenti"},"content":{"rendered":"<div class=\"wpb-content-wrapper\"><div class=\"vc_row wpb_row section vc_row-fluid  grid_section\" style=' padding-top:40px; padding-bottom:40px; text-align:left;'><div class=\"section_inner clearfix\"><div class='section_inner_margin clearfix'><div class=\"wpb_column vc_column_container vc_col-sm-12\"><div class=\"vc_column-inner\"><div class=\"wpb_wrapper\"><div class=\"separator  transparent\" style=\"\"><\/div>\n\t<div class=\"wpb_text_column wpb_content_element\">\n\t\t<div class=\"wpb_wrapper\">\n\t\t\t<h1><span style=\"color: #e6ae48;\">Domande frequenti \u0095 <\/span>Domande frequenti<\/h1>\n\n\t\t<\/div>\n\t<\/div><div class=\"separator  transparent\" style=\"\"><\/div><div class=\"separator  transparent\" style=\"\"><\/div>\n\t<div class=\"q_accordion_holder clearfix wpb_content_element toggle  not-column-inherit\" data-active-tab=\"\" data-collapsible=\"yes\" data-border-radius=\"\">\n\t\t\t\n\t\t\t\t<h4 class=\"clearfix title-holder\" style=\"\"><span class=\"accordion_mark left_mark\"><span class=\"accordion_mark_icon\"><span class=\"icon_plus\"><\/span><span class=\"icon_minus-06\"><\/span><\/span><\/span><span class=\"tab-title\"><span class=\"tab-title-inner\">PERCH\u00c9 SCEGLIERE BODY &amp; FLOW?<\/span><\/span><\/h4>\n\t\t\t\t<div  class=\"accordion_content\">\n\t\t\t<div class=\"accordion_content_inner\">\n\t\t\t\t\n\t<div class=\"wpb_text_column wpb_content_element\">\n\t\t<div class=\"wpb_wrapper\">\n\t\t\t<p>I nostri programmi sono pensati per far emergere il miglior insegnante che c'\u00e8 in te! Concentrandoci sull'anatomia e sulla tecnica, nonch\u00e9 sulle capacit\u00e0 didattiche e sulle indicazioni pratiche, otteniamo i massimi risultati grazie a un approccio progressivo alla trasmissione delle informazioni. Non crediamo nella memorizzazione, ma piuttosto nella comprensione dei concetti. Crediamo nell'apprendimento e nella comprensione piuttosto che nella memorizzazione e nella ripetizione meccanica. Il nostro team di insegnanti esperti \u00e8 a tua disposizione per supportarti prima, durante e dopo la formazione. Consentiamo ai nostri studenti di frequentare nuovamente i corsi senza costi aggiuntivi.<\/p>\n<p><strong>Come insegnare<\/strong> \u0096<\/p>\n<p>Ti insegneremo come insegnare, non solo cosa insegnare. Nei nostri corsi ci concentriamo sulla creazione di insegnanti capaci di pensare e ispirare. Utilizzando vari metodi didattici come l'apprendimento interattivo, la pratica, i laboratori, la risoluzione di problemi e i giochi di ruolo, lavoriamo intensamente sulle competenze didattiche, ampliando il vocabolario didattico ed esplorando il tatto per insegnare. Diamo grande importanza alla sicurezza e impareremo a individuare e correggere allineamenti errati ed esecuzioni problematiche, problemi di postura e struttura. Attraverso la pratica e il duro lavoro, il nostro corso ti aiuta a liberare l'insegnante creativo, appassionato e gentile che \u00e8 in te.<\/p>\n<p><strong>Qualit\u00e0 contro quantit\u00e0 \u0096<\/strong><\/p>\n<p>Dal 2008 offriamo i nostri programmi di formazione in tutto il mondo e siamo fedeli al principio di Joseph Pilates che privilegia la qualit\u00e0 alla quantit\u00e0. Limitiamo l'iscrizione a 12 studenti per corso, per garantire che ciascuno riceva l'attenzione che merita.<\/p>\n<p><strong>Preparati al successo<\/strong> \u0096<\/p>\n<p>In qualit\u00e0 di nostro formatore, guiderai una nuova generazione di studenti verso una connessione significativa tra corpo e mente. Sarai il ricordo che porteranno con s\u00e9 lungo il loro percorso. Consideriamo questa responsabilit\u00e0 enorme e abbiamo lavorato con impegno per fornirti gli strumenti migliori possibili per portare a termine questo compito, con un supporto continuo e una comunit\u00e0 in cui imparare, condividere ed esplorare.<\/p>\n<p><strong>Team Body &amp; Flow<\/strong> \u0096<\/p>\n<p>Il corpo docente di Body &amp; Flow, composto da formatori altamente qualificati, \u00e8 stato selezionato con cura e comprende solo i membri pi\u00f9 qualificati. Durante il corso il nostro team ti seguir\u00e0, ti fornir\u00e0 feedback e ti guider\u00e0. I nostri formatori hanno sede in Asia, Europa e Stati Uniti e ricevono supporto e valutazioni continui dalla nostra sede centrale.<br \/>\n(programma in sintesi)<\/p>\n<p>\n\t\t\t\t<h4 class=\"clearfix title-holder\" style=\"\"><span class=\"accordion_mark left_mark\"><span class=\"accordion_mark_icon\"><span class=\"icon_plus\"><\/span><span class=\"icon_minus-06\"><\/span><\/span><\/span><span class=\"tab-title\"><span class=\"tab-title-inner\">QUANDO POSSO INIZIARE A INSEGNARE? <\/span><\/span><\/h4>\n\t\t\t\t<div  class=\"accordion_content\">\n\t\t\t<div class=\"accordion_content_inner\">Empty section. Edit page to add content here.\n\t\t\t<\/div>\n\t\t\t\t<\/div>\n\t<div class=\"wpb_text_column wpb_content_element\">\n\t\t<div class=\"wpb_wrapper\">\n\t\t\t\n\t\t<\/div>\n\t<\/div>Una volta completato il corso e soddisfatti i requisiti, sarai pronto per insegnare.<\/p>\n\n\t\t<\/div>\n\t<\/div>\n\t\t\t<\/div>\n\t\t\t\t<\/div>\n\t\t\t\t<h4 class=\"clearfix title-holder\" style=\"\"><span class=\"accordion_mark left_mark\"><span class=\"accordion_mark_icon\"><span class=\"icon_plus\"><\/span><span class=\"icon_minus-06\"><\/span><\/span><\/span><span class=\"tab-title\"><span class=\"tab-title-inner\">QUAL \u00c8 L'APPROCCIO DI BODY &amp; FLOW AL PILATES?<\/span><\/span><\/h4>\n\t\t\t\t<div  class=\"accordion_content\">\n\t\t\t<div class=\"accordion_content_inner\">\n\t\t\t\t\n\t<div class=\"wpb_text_column wpb_content_element\">\n\t\t<div class=\"wpb_wrapper\">\n\t\t\t<p style=\"text-align: justify;\">Esistono molte varianti del Pilates. Noi adottiamo l'approccio contemporaneo, che \u00e8 pi\u00f9 adattabile e adatto alla popolazione odierna.<br \/>\nCrediamo che non esistano due corpi uguali n\u00e9 due menti identiche. Pertanto, ci impegniamo a formare insegnanti capaci di individuare eventuali disallineamenti e di adattare in modo sicuro la lezione alle esigenze individuali.<\/p>\n\n\t\t<\/div>\n\t<\/div>\n\t\t\t<\/div>\n\t\t\t\t<\/div>\n\t\t\t\t<h4 class=\"clearfix title-holder\" style=\"\"><span class=\"accordion_mark left_mark\"><span class=\"accordion_mark_icon\"><span class=\"icon_plus\"><\/span><span class=\"icon_minus-06\"><\/span><\/span><\/span><span class=\"tab-title\"><span class=\"tab-title-inner\">OFFRIRETE PROGRAMMI DI FORMAZIONE?<\/span><\/span><\/h4>\n\t\t\t\t<div  class=\"accordion_content\">\n\t\t\t<div class=\"accordion_content_inner\">\n\t\t\t\t\n\t<div class=\"wpb_text_column wpb_content_element\">\n\t\t<div class=\"wpb_wrapper\">\n\t\t\t<p>S\u00ec, Body &amp; Flow offre programmi di formazione in Pilates Mat e Apparatus, Prenatale, Postnatale e altro ancora. Offriamo anche workshop e corsi di formazione continua (CEC).<\/p>\n\n\t\t<\/div>\n\t<\/div>\n\t\t\t<\/div>\n\t\t\t\t<\/div>\n\t\t\t\t<h4 class=\"clearfix title-holder\" style=\"\"><span class=\"accordion_mark left_mark\"><span class=\"accordion_mark_icon\"><span class=\"icon_plus\"><\/span><span class=\"icon_minus-06\"><\/span><\/span><\/span><span class=\"tab-title\"><span class=\"tab-title-inner\">OFFRI UN CORSO COMPLETO DI PILATES?<\/span><\/span><\/h4>\n\t\t\t\t<div  class=\"accordion_content\">\n\t\t\t<div class=\"accordion_content_inner\">\n\t\t\t\t\n\t<div class=\"wpb_text_column wpb_content_element\">\n\t\t<div class=\"wpb_wrapper\">\n\t\t\t<p>Il nostro programma completo di Pilates comprende i seguenti corsi: Anatomia, Pilates Mat I e II, corsi, workshop sugli accessori, corso Reformer, corso Cadillac, workshop su sedia e barili. Il nostro programma ha una durata di 600 ore e ti preparer\u00e0 al successo!<\/p>\n\n\t\t<\/div>\n\t<\/div>\n\t\t\t<\/div>\n\t\t\t\t<\/div>\n\t\t\t\t<h4 class=\"clearfix title-holder\" style=\"\"><span class=\"accordion_mark left_mark\"><span class=\"accordion_mark_icon\"><span class=\"icon_plus\"><\/span><span class=\"icon_minus-06\"><\/span><\/span><\/span><span class=\"tab-title\"><span class=\"tab-title-inner\">DI QUALI MATERIALI HO BISOGNO PRIMA DI INIZIARE UN PROGRAMMA?<\/span><\/span><\/h4>\n\t\t\t\t<div  class=\"accordion_content\">\n\t\t\t<div class=\"accordion_content_inner\">\n\t\t\t\t\n\t<div class=\"wpb_text_column wpb_content_element\">\n\t\t<div class=\"wpb_wrapper\">\n\t\t\t<p>Ogni programma dispone di manuali specifici, articoli e supporto online (video e quiz). Al momento della registrazione riceverai il materiale e le informazioni per l'accesso online.<\/p>\n\n\t\t<\/div>\n\t<\/div>\n\t\t\t<\/div>\n\t\t\t\t<\/div>\n\t\t\t\t<h4 class=\"clearfix title-holder\" style=\"\"><span class=\"accordion_mark left_mark\"><span class=\"accordion_mark_icon\"><span class=\"icon_plus\"><\/span><span class=\"icon_minus-06\"><\/span><\/span><\/span><span class=\"tab-title\"><span class=\"tab-title-inner\">QUANTO DURA OGNI PROGRAMMA FORMATIVO? CI SONO PREREQUISITI PER ACCEDERE AI PROGRAMMI?<\/span><\/span><\/h4>\n\t\t\t\t<div  class=\"accordion_content\">\n\t\t\t<div class=\"accordion_content_inner\">\n\t\t\t\t\n\t<div class=\"wpb_text_column wpb_content_element\">\n\t\t<div class=\"wpb_wrapper\">\n\t\t\t<p>Ciascuno dei nostri programmi di formazione richiede un impegno di tempo diverso.<br \/>\nClicca sulla pagina dei corsi e verifica la durata dei corsi.<\/p>\n\n\t\t<\/div>\n\t<\/div>\n\t\t\t<\/div>\n\t\t\t\t<\/div>\n\t\t\t\t<h4 class=\"clearfix title-holder\" style=\"\"><span class=\"accordion_mark left_mark\"><span class=\"accordion_mark_icon\"><span class=\"icon_plus\"><\/span><span class=\"icon_minus-06\"><\/span><\/span><\/span><span class=\"tab-title\"><span class=\"tab-title-inner\">POSSO IMPARARE DA UN VIDEO?<\/span><\/span><\/h4>\n\t\t\t\t<div  class=\"accordion_content\">\n\t\t\t<div class=\"accordion_content_inner\">\n\t\t\t\t\n\t<div class=\"wpb_text_column wpb_content_element\">\n\t\t<div class=\"wpb_wrapper\">\n\t\t\t<p style=\"text-align: justify;\">I video non sono strumenti ideali per l'apprendimento. L'ideale sarebbe avere un insegnante esperto e qualificato che possa osservare il tuo corpo e darti consigli specifici sulle tue prestazioni durante gli esercizi. Tuttavia, i video possono essere un ottimo modo per esercitarsi e migliorare l'apprendimento.<\/p>\n<p>&nbsp;<\/p>\n<p>&nbsp;<\/p>\n\n\t\t<\/div>\n\t<\/div>\n\t\t\t<\/div>\n\t\t\t\t<\/div>\n\t\t\t\t<h4 class=\"clearfix title-holder\" style=\"\"><span class=\"accordion_mark left_mark\"><span class=\"accordion_mark_icon\"><span class=\"icon_plus\"><\/span><span class=\"icon_minus-06\"><\/span><\/span><\/span><span class=\"tab-title\"><span class=\"tab-title-inner\">COSA SONO LE ORE DI OSSERVAZIONE E DI ASSISTENZA ALL'INSEGNANTE?<\/span><\/span><\/h4>\n\t\t\t\t<div  class=\"accordion_content\">\n\t\t\t<div class=\"accordion_content_inner\">\n\t\t\t\t\n\t<div class=\"wpb_text_column wpb_content_element\">\n\t\t<div class=\"wpb_wrapper\">\n\t\t\t<p style=\"text-align: justify;\">Per ogni corso \u00e8 necessario completare le ore di osservazione e di assistenza didattica previste dai requisiti del corso. \u00c8 possibile farlo presso lo studio in cui si svolge il corso senza costi aggiuntivi e nel rispetto delle politiche dello studio.<br \/>\nSe non ci sono studi nelle vicinanze, contatta il tuo insegnante per trovare la soluzione pi\u00f9 adatta alle tue esigenze.<\/p>\n\n\t\t<\/div>\n\t<\/div>\n\t\t\t<\/div>\n\t\t\t\t<\/div>\n\t\t\t\t<h4 class=\"clearfix title-holder\" style=\"\"><span class=\"accordion_mark left_mark\"><span class=\"accordion_mark_icon\"><span class=\"icon_plus\"><\/span><span class=\"icon_minus-06\"><\/span><\/span><\/span><span class=\"tab-title\"><span class=\"tab-title-inner\">COSA SUCCEDE SE NON SUPERI LE VALUTAZIONI? QUALI SONO LE MIE OPZIONI?<\/span><\/span><\/h4>\n\t\t\t\t<div  class=\"accordion_content\">\n\t\t\t<div class=\"accordion_content_inner\">\n\t\t\t\t\n\t<div class=\"wpb_text_column wpb_content_element\">\n\t\t<div class=\"wpb_wrapper\">\n\t\t\t<p style=\"text-align: justify;\">Le valutazioni sono di due tipi: teoriche e didattiche. Ciascuna parte pu\u00f2 essere rivalutata a pagamento.<\/p>\n\n\t\t<\/div>\n\t<\/div>\n\t\t\t<\/div>\n\t\t\t\t<\/div>\n\t\t\t\t<h4 class=\"clearfix title-holder\" style=\"\"><span class=\"accordion_mark left_mark\"><span class=\"accordion_mark_icon\"><span class=\"icon_plus\"><\/span><span class=\"icon_minus-06\"><\/span><\/span><\/span><span class=\"tab-title\"><span class=\"tab-title-inner\">COSA \u00c8 NECESSARIO PER MANTENERE IL MIO CERTIFICATO?<\/span><\/span><\/h4>\n\t\t\t\t<div  class=\"accordion_content\">\n\t\t\t<div class=\"accordion_content_inner\">\n\t\t\t\t\n\t<div class=\"wpb_text_column wpb_content_element\">\n\t\t<div class=\"wpb_wrapper\">\n\t\t\t<p class=\"p1\">Sebbene il certificato non abbia una data di scadenza, ti consigliamo vivamente di non smettere mai di imparare. Offriamo corsi di formazione continua e saremo lieti di averti nuovamente con noi per ulteriori corsi.<\/p>\n\n\t\t<\/div>\n\t<\/div>\n\t\t\t<\/div>\n\t\t\t\t<\/div>\n\t<\/div><div class=\"separator  transparent\" style=\"\"><\/div><\/div><\/div><\/div><\/div><\/div><\/div><div class=\"wpb_column vc_column_container vc_col-sm-12\"><div class=\"vc_column-inner\"><div class=\"wpb_wrapper\"><\/div><\/div><\/div>\n<\/div>","protected":false},"excerpt":{"rendered":"FAQ \u0095 Frequently Asked Questions WHY CHOOSE BODY &amp; FLOW? Our programs are designed to reveal the best possible teacher in you! While focusing on anatomy and technique as well as teaching skills and hands-on cueing, we achieve maximum results as the information is layered...","protected":false},"author":1,"featured_media":0,"parent":148,"menu_order":0,"comment_status":"closed","ping_status":"closed","template":"full_width.php","meta":{"footnotes":""},"class_list":["post-1519","page","type-page","status-publish","hentry"],"_links":{"self":[{"href":"https:\/\/bodyandflow.com\/it\/wp-json\/wp\/v2\/pages\/1519","targetHints":{"allow":["GET"]}}],"collection":[{"href":"https:\/\/bodyandflow.com\/it\/wp-json\/wp\/v2\/pages"}],"about":[{"href":"https:\/\/bodyandflow.com\/it\/wp-json\/wp\/v2\/types\/page"}],"author":[{"embeddable":true,"href":"https:\/\/bodyandflow.com\/it\/wp-json\/wp\/v2\/users\/1"}],"replies":[{"embeddable":true,"href":"https:\/\/bodyandflow.com\/it\/wp-json\/wp\/v2\/comments?post=1519"}],"version-history":[{"count":0,"href":"https:\/\/bodyandflow.com\/it\/wp-json\/wp\/v2\/pages\/1519\/revisions"}],"up":[{"embeddable":true,"href":"https:\/\/bodyandflow.com\/it\/wp-json\/wp\/v2\/pages\/148"}],"wp:attachment":[{"href":"https:\/\/bodyandflow.com\/it\/wp-json\/wp\/v2\/media?parent=1519"}],"curies":[{"name":"wp","href":"https:\/\/api.w.org\/{rel}","templated":true}]}}