{"id":21881,"date":"2015-02-26T18:23:49","date_gmt":"2015-02-26T18:23:49","guid":{"rendered":"https:\/\/localhost:8888\/?page_id=21881"},"modified":"2023-06-27T10:41:23","modified_gmt":"2023-06-27T09:41:23","slug":"nomme-pilates","status":"publish","type":"page","link":"https:\/\/bodyandflow.com\/it\/studi\/nomme-pilates\/","title":{"rendered":"N\u00f5mme Pilates Studio"},"content":{"rendered":"<div class=\"wpb-content-wrapper\"><div id=\"top-page-noon\"    class=\"vc_row wpb_row section vc_row-fluid top-page-noon grid_section\" style=' text-align:left;'><div class=\"section_inner clearfix\"><div class='section_inner_margin clearfix'><div class=\"wpb_column vc_column_container vc_col-sm-12\"><div class=\"vc_column-inner\"><div class=\"wpb_wrapper\">\n\t<div class=\"wpb_text_column wpb_content_element\">\n\t\t<div class=\"wpb_wrapper\">\n\t\t\t<h1 class=\"site-title\">N\u00f5mme Pilates Studio \u0095 Programmi internazionali di formazione Pilates Body &amp; Flow<\/h1>\n\n\t\t<\/div>\n\t<\/div><\/div><\/div><\/div><\/div><\/div><\/div><div     class=\"vc_row wpb_row section vc_row-fluid text-align: justify; grid_section\" style=' padding-top:40px; padding-bottom:40px; text-align:left;'><div class=\"section_inner clearfix\"><div class='section_inner_margin clearfix'><div class=\"wpb_column vc_column_container vc_col-sm-12\"><div class=\"vc_column-inner\"><div class=\"wpb_wrapper\"><div class=\"separator  transparent\" style=\"border-width:1px;margin-top:10px;margin-bottom:0px\"><\/div><div class=\"separator  transparent\" style=\"border-width:1px;margin-top:10px;margin-bottom:0px\"><\/div>\n\t<div class=\"wpb_text_column wpb_content_element\">\n\t\t<div class=\"wpb_wrapper\">\n\t\t\t<h1><span style=\"color: #e6ae48;\">Pilates a N\u00f5mme \u0095\u00a0<\/span>\u00a0Tallinn, Estonia<\/h1>\n\n\t\t<\/div>\n\t<\/div><div class=\"separator  transparent\" style=\"border-width:1px;margin-top:20px;margin-bottom:0px\"><\/div><div     class=\"vc_row wpb_row vc_inner section vc_row-fluid\" style=' text-align:left;'><div class=\"full_section_inner clearfix\"><div class=\"wpb_column vc_column_container vc_col-sm-3\"><div class=\"vc_column-inner\"><div class=\"wpb_wrapper\"><div class=\"separator  transparent\" style=\"\"><\/div>\n\t<div class=\"wpb_single_image wpb_content_element vc_align_center\">\n\t\t<div class=\"wpb_wrapper\">\n\t\t\t\n\t\t\t<div class=\"vc_single_image-wrapper vc_box_rounded  vc_box_border_grey\"><img decoding=\"async\" class=\"vc_single_image-img\" src=\"https:\/\/bodyandflow.com\/wp-content\/uploads\/2023\/06\/nommepilates.ee-logo-original-180x180.png\" width=\"180\" height=\"180\" alt=\"nommepilates.ee-logo\" title=\"nommepilates.ee-logo\" loading=\"lazy\" \/><\/div>\n\t\t<\/div>\n\t<\/div>\n<div class=\"separator  transparent\" style=\"\"><\/div><\/div><\/div><\/div><div class=\"wpb_column vc_column_container vc_col-sm-9\"><div class=\"vc_column-inner\"><div class=\"wpb_wrapper\"><div class=\"separator  transparent\" style=\"\"><\/div><div class=\"separator  transparent\" style=\"\"><\/div><div class=\"separator  transparent\" style=\"\"><\/div>\n\t<div class=\"wpb_text_column wpb_content_element\">\n\t\t<div class=\"wpb_wrapper\">\n\t\t\t<p style=\"text-align: justify;\">Nomme Pilates Studio<\/p>\n<p>Purtroppo, a causa di una serie di sfortunate coincidenze, diversi allenatori sono contemporaneamente malati e pertanto alla fine di agosto e all'inizio di settembre alcuni allenamenti saranno cancellati.<\/p>\n<p>Cerchiamo di sostituire e combinare, ma controlla sempre l'orario delle lezioni prima di venire, per assicurarti che la lezione si tenga... e chi la tiene.\u00a0<img decoding=\"async\" class=\"emoji\" draggable=\"false\" src=\"https:\/\/s.w.org\/images\/core\/emoji\/11\/svg\/1f642.svg\" alt=\"?\" \/><\/p>\n<p>Buon viaggio e buona salute!<\/p>\n\n\t\t<\/div>\n\t<\/div><div class=\"separator  transparent\" style=\"\"><\/div><\/div><\/div><\/div><\/div><\/div><div     class=\"vc_row wpb_row vc_inner section vc_row-fluid\" style=' text-align:left;'><div class=\"full_section_inner clearfix\"><div class=\"wpb_column vc_column_container vc_col-sm-4\"><div class=\"vc_column-inner\"><div class=\"wpb_wrapper\"><div class=\"separator  transparent\" style=\"border-width:1px;margin-top:20px;margin-bottom:0px\"><\/div>\n\t<div class=\"wpb_text_column wpb_content_element\">\n\t\t<div class=\"wpb_wrapper\">\n\t\t\t<h5 style=\"text-align: center;\"><span style=\"color: #e6ae48;\">Ubicazione:<\/span> Tallinn, Estonia<\/h5>\n\n\t\t<\/div>\n\t<\/div><\/div><\/div><\/div><div class=\"wpb_column vc_column_container vc_col-sm-4\"><div class=\"vc_column-inner\"><div class=\"wpb_wrapper\"><div class=\"separator  transparent\" style=\"border-width:1px;margin-top:20px;margin-bottom:0px\"><\/div>\n\t<div class=\"wpb_text_column wpb_content_element\">\n\t\t<div class=\"wpb_wrapper\">\n\t\t\t<h5 style=\"text-align: center;\"><span style=\"color: #e6ae48;\">Telefono:<\/span> +372.523.1518<\/h5>\n\n\t\t<\/div>\n\t<\/div><\/div><\/div><\/div><div class=\"wpb_column vc_column_container vc_col-sm-4\"><div class=\"vc_column-inner\"><div class=\"wpb_wrapper\"><div class=\"separator  transparent\" style=\"border-width:1px;margin-top:20px;margin-bottom:0px\"><\/div>\n\t<div class=\"wpb_text_column wpb_content_element\">\n\t\t<div class=\"wpb_wrapper\">\n\t\t\t<h5 style=\"text-align: center;\"><span style=\"color: #e6ae48;\">Sito:<\/span> <a title=\"nommepilates.ee\" href=\"http:\/\/nommepilates.ee\">nommepilates.ee<\/a><\/h5>\n\n\t\t<\/div>\n\t<\/div><\/div><\/div><\/div><\/div><\/div><div class=\"separator  transparent\" style=\"border-width:1px;margin-top:20px;margin-bottom:0px\"><\/div><\/div><\/div><\/div><\/div><\/div><\/div><div     class=\"vc_row wpb_row section vc_row-fluid  grid_section\" style='background-color:#ffffff; text-align:left;'><div class=\"section_inner clearfix\"><div class='section_inner_margin clearfix'><div class=\"wpb_column vc_column_container vc_col-sm-12\"><div class=\"vc_column-inner\"><div class=\"wpb_wrapper\"><div class=\"separator  transparent\" style=\"\"><\/div><div class=\"wpb_gmaps_widget wpb_content_element\"><div class=\"wpb_wrapper\"><div class=\"wpb_map_wraper\"><iframe loading=\"lazy\" src=\"https:\/\/www.google.com\/maps\/embed?pb=!1m18!1m12!1m3!1d2032.1124381583952!2d24.659944451847153!3d59.381150881587104!2m3!1f0!2f0!3f0!3m2!1i1024!2i768!4f13.1!3m3!1m2!1s0x4692950b11f83917%3A0xda42385daf5f4528!2sN%C3%B5mme%20Pilates!5e0!3m2!1sen!2sil!4v1571998579907!5m2!1sen!2sil\" width=\"600\" height=\"250\" frameborder=\"0\" style=\"border:0;\" allowfullscreen=\"\"><\/iframe><\/div><\/div><\/div><div class=\"separator  transparent\" style=\"\"><\/div><\/div><\/div><\/div><\/div><\/div><\/div>\n<\/div>","protected":false},"excerpt":{"rendered":"N\u00f5mme Pilates Studio \u0095 Body &amp; Flow international pilates education programs N\u00f5mme Pilates \u0095\u00a0\u00a0Tallinn Estonia Nomme Pilates Studio Kahjuks on meil halva kokkusattumuse tagaj\u00e4rjel mitu treenerit korraga haiged ning seet\u00f5ttu augusti l\u00f5pp \u2013 septembri algus j\u00e4\u00e4b osa treeninguid \u00e4ra. P\u00fc\u00fcame asendada ja kombineerida, kuid vaata...","protected":false},"author":1,"featured_media":0,"parent":22978,"menu_order":0,"comment_status":"closed","ping_status":"closed","template":"full_width.php","meta":{"footnotes":""},"class_list":["post-21881","page","type-page","status-publish","hentry"],"_links":{"self":[{"href":"https:\/\/bodyandflow.com\/it\/wp-json\/wp\/v2\/pages\/21881","targetHints":{"allow":["GET"]}}],"collection":[{"href":"https:\/\/bodyandflow.com\/it\/wp-json\/wp\/v2\/pages"}],"about":[{"href":"https:\/\/bodyandflow.com\/it\/wp-json\/wp\/v2\/types\/page"}],"author":[{"embeddable":true,"href":"https:\/\/bodyandflow.com\/it\/wp-json\/wp\/v2\/users\/1"}],"replies":[{"embeddable":true,"href":"https:\/\/bodyandflow.com\/it\/wp-json\/wp\/v2\/comments?post=21881"}],"version-history":[{"count":0,"href":"https:\/\/bodyandflow.com\/it\/wp-json\/wp\/v2\/pages\/21881\/revisions"}],"up":[{"embeddable":true,"href":"https:\/\/bodyandflow.com\/it\/wp-json\/wp\/v2\/pages\/22978"}],"wp:attachment":[{"href":"https:\/\/bodyandflow.com\/it\/wp-json\/wp\/v2\/media?parent=21881"}],"curies":[{"name":"wp","href":"https:\/\/api.w.org\/{rel}","templated":true}]}}