{"id":2263,"date":"2014-02-20T08:11:43","date_gmt":"2014-02-20T08:11:43","guid":{"rendered":"https:\/\/www.bodyandflow.com\/?page_id=2263"},"modified":"2017-05-25T05:04:14","modified_gmt":"2017-05-25T10:04:14","slug":"termini-e-condizioni","status":"publish","type":"page","link":"https:\/\/bodyandflow.com\/it\/termini-e-condizioni\/","title":{"rendered":"Terms and Condition"},"content":{"rendered":"<div class=\"wpb-content-wrapper\"><div id=\"top-page-noon\"    class=\"vc_row wpb_row section vc_row-fluid top-page-noon grid_section\" style=' text-align:left;'><div class=\"section_inner clearfix\"><div class='section_inner_margin clearfix'><div class=\"wpb_column vc_column_container vc_col-sm-12\"><div class=\"vc_column-inner\"><div class=\"wpb_wrapper\">\n\t<div class=\"wpb_text_column wpb_content_element\">\n\t\t<div class=\"wpb_wrapper\">\n\t\t\t<h1>Termini e condizioni \u0095 Programmi internazionali di formazione Pilates Body &amp; Flow<\/h1>\n\n\t\t<\/div>\n\t<\/div><\/div><\/div><\/div><\/div><\/div><\/div><div     class=\"vc_row wpb_row section vc_row-fluid  grid_section\" style=' padding-top:40px; padding-bottom:40px; text-align:left;'><div class=\"section_inner clearfix\"><div class='section_inner_margin clearfix'><div class=\"wpb_column vc_column_container vc_col-sm-12\"><div class=\"vc_column-inner\"><div class=\"wpb_wrapper\"><div class=\"separator  transparent\" style=\"\"><\/div>\n\t<div class=\"wpb_text_column wpb_content_element\">\n\t\t<div class=\"wpb_wrapper\">\n\t\t\t<h1><span style=\"color: #e6ae48;\">Termini e condizioni \u0095<\/span> Programmi internazionali di formazione Pilates Body &amp; Flow<\/h1>\n\n\t\t<\/div>\n\t<\/div><div class=\"separator  transparent\" style=\"\"><\/div><div class=\"separator  transparent\" style=\"\"><\/div>\n\t<div class=\"wpb_text_column wpb_content_element\">\n\t\t<div class=\"wpb_wrapper\">\n\t\t\t<h2>ACCETTAZIONE DEI TERMINI E DELLE CONDIZIONI<\/h2>\n<p>Il sito web www.BodyandFlow.com (il \"Sito web\") \u00e8 di propriet\u00e0 e gestito da Yaza-Media Inc.<br \/>\nAccedendo o utilizzando il sito web, l'utente accetta di essere vincolato dai presenti termini e condizioni (\"Termini e condizioni\") e dichiara di aver letto e compreso tutti i Termini e condizioni.<br \/>\nBody &amp; Flow ha compiuto ogni sforzo per garantire che le informazioni contenute nel sito web siano corrette; tuttavia, non possiamo assumerci alcuna responsabilit\u00e0 per eventuali errori o omissioni nelle informazioni contenute nel sito web.<br \/>\nAcquistando un prodotto da questo sito web, l'utente accetta espressamente di essere vincolato dai presenti Termini e condizioni.<br \/>\nBody &amp; Flow pu\u00f2 modificare i presenti Termini e condizioni di volta in volta e qualsiasi modifica avr\u00e0 effetto immediato dal momento della sua pubblicazione sul sito web. L'utente \u00e8 tenuto a tenersi informato e aggiornato su eventuali modifiche ai Termini e condizioni. L'utente accetta che, accedendo o utilizzando il sito web dopo qualsiasi modifica ai Termini e condizioni, acconsente a essere vincolato e a rispettare i Termini e condizioni modificati.<\/p>\n\n\t\t<\/div>\n\t<\/div><div class=\"separator  transparent\" style=\"\"><\/div>\n\t<div class=\"wpb_text_column wpb_content_element\">\n\t\t<div class=\"wpb_wrapper\">\n\t\t\t<h2>COPYRIGHT E MARCHI COMMERCIALI<\/h2>\n<p>Questo sito web e tutto il materiale in esso contenuto sono di propriet\u00e0 di Body &amp; Flow.<br \/>\nSalvo nei casi in cui sia necessario per visualizzare il materiale presente sul sito web, nulla di quanto contenuto nel sito web pu\u00f2 essere riprodotto, copiato o riutilizzato, adattato, modificato, distribuito, caricato su siti di terzi o collegato senza il previo consenso scritto di Body &amp; Flow.<\/p>\n\n\t\t<\/div>\n\t<\/div><div class=\"separator  transparent\" style=\"\"><\/div>\n\t<div class=\"wpb_text_column wpb_content_element\">\n\t\t<div class=\"wpb_wrapper\">\n\t\t\t<p>SITI WEB DI TERZE PARTI<\/p>\n<p>Il sito web pu\u00f2 contenere link ad altri siti web di terze parti. Body &amp; Flow non avalla n\u00e9 approva alcun materiale contenuto nei siti web di terze parti.<\/p>\n\n\t\t<\/div>\n\t<\/div><div class=\"separator  transparent\" style=\"\"><\/div>\n\t<div class=\"wpb_text_column wpb_content_element\">\n\t\t<div class=\"wpb_wrapper\">\n\t\t\t<p>TABELLA COLORI E TAGLIE<\/p>\n<p>I colori dei nostri capi potrebbero differire da quelli visualizzati sul tuo monitor. Body &amp; Flow non pu\u00f2 garantire che il colore visualizzato sul tuo monitor sia accurato.<br \/>\nLe tabelle delle taglie hanno solo scopo indicativo in merito alle misure del corpo e non intendono rappresentare le dimensioni dei capi. Per ulteriori informazioni, consultare la nostra sezione dedicata alle tabelle delle taglie.<\/p>\n\n\t\t<\/div>\n\t<\/div><div class=\"separator  transparent\" style=\"\"><\/div>\n\t<div class=\"wpb_text_column wpb_content_element\">\n\t\t<div class=\"wpb_wrapper\">\n\t\t\t<h2>INDENNIZZO E LIMITAZIONE DI RESPONSABILIT\u00c0<\/h2>\n<p>Con la presente accetti di risarcire e tenere indenne Body &amp; Flow per eventuali perdite, responsabilit\u00e0, danni, reclami e spese subiti o sostenuti dall'utente derivanti da o relativi all'utilizzo del sito web.<\/p>\n\n\t\t<\/div>\n\t<\/div><div class=\"separator  transparent\" style=\"\"><\/div>\n\t<div class=\"wpb_text_column wpb_content_element\">\n\t\t<div class=\"wpb_wrapper\">\n\t\t\t<h2>ACQUISTO DI BENI<\/h2>\n<p>Qualsiasi ordine effettuato dall'utente tramite questo sito web costituisce un'offerta da parte dell'utente a Body &amp; Flow per l'acquisto di un determinato prodotto o servizio al prezzo (comprese le spese di consegna e altri oneri) specificato in questo sito web al momento dell'ordine.<br \/>\nBody &amp; Flow si riserva il diritto di accettare o rifiutare qualsiasi offerta per qualsiasi motivo, inclusi, senza limitazioni, l'indisponibilit\u00e0 di qualsiasi prodotto, un errore o un'omissione nel prezzo della descrizione del prodotto o un errore nel tuo ordine.<br \/>\nNon verr\u00e0 stipulato alcun contratto vincolante a meno che Body &amp; Flow non comunichi all'utente di aver accettato l'ordine e che il pagamento del prezzo di acquisto sia stato confermato.<br \/>\nI prezzi pubblicizzati per i prodotti o i servizi sono espressi in dollari statunitensi e includono le imposte. I prezzi sono quelli in vigore al momento della loro pubblicazione sul sito web, ma possono variare di volta in volta e in qualsiasi momento a esclusiva discrezione di Body &amp; Flow.<\/p>\n\n\t\t<\/div>\n\t<\/div><div class=\"separator  transparent\" style=\"\"><\/div>\n\t<div class=\"wpb_text_column wpb_content_element\">\n\t\t<div class=\"wpb_wrapper\">\n\t\t\t<h2>CONSEGNA DELLA MERCE<\/h2>\n<p>Body &amp; Flow mantiene il diritto e la propriet\u00e0 dei prodotti ordinati fino al completo pagamento degli stessi.<br \/>\nSebbene venga fatto tutto il possibile per garantire la consegna sicura e puntuale dei prodotti, l'utente accetta che Body &amp; Flow non si assume alcun rischio n\u00e9 \u00e8 responsabile per eventuali perdite o danni ai prodotti durante il trasporto e che il rischio di tali perdite o danni ai prodotti passa all'utente una volta che questi sono in transito o in fase di consegna da parte del corriere.<\/p>\n\n\t\t<\/div>\n\t<\/div><div class=\"separator  transparent\" style=\"\"><\/div>\n\t<div class=\"wpb_text_column wpb_content_element\">\n\t\t<div class=\"wpb_wrapper\">\n\t\t\t<h2>PAGAMENTO<\/h2>\n<p>Contattateci per prendere gli accordi necessari. Tutti i prezzi sono espressi in dollari statunitensi.<\/p>\n\n\t\t<\/div>\n\t<\/div><div class=\"separator  transparent\" style=\"\"><\/div>\n\t<div class=\"wpb_text_column wpb_content_element\">\n\t\t<div class=\"wpb_wrapper\">\n\t\t\t<h2>RESI E CAMBI<\/h2>\n<p>Body &amp; Flow accetta resi di prodotti nuovi, mai indossati e mai lavati, acquistati sul nostro sito web, entro 30 giorni dalla data di consegna, per un rimborso completo o un cambio. Gli articoli in saldo non possono essere restituiti o cambiati.<br \/>\nSe il tuo articolo \u00e8 stato acquistato presso uno dei nostri rivenditori, ti preghiamo di contattare il rivenditore per conoscere la sua politica di restituzione. Non possiamo accettare resi per articoli acquistati tramite un rivenditore terzo.<br \/>\nIl rimborso verr\u00e0 effettuato utilizzando lo stesso metodo di pagamento utilizzato per l'acquisto. Per ottenere il rimborso dell'intero importo \u00e8 necessario presentare la prova d'acquisto.<br \/>\nIl nostro indirizzo di ritorno \u00e8:\u00a0<\/p>\n\n\t\t<\/div>\n\t<\/div><div class=\"separator  transparent\" style=\"\"><\/div>\n\t<div class=\"wpb_text_column wpb_content_element\">\n\t\t<div class=\"wpb_wrapper\">\n\t\t\t<h2>LEGGE APPLICABILE E GIURISDIZIONE<\/h2>\n<p>I presenti Termini e condizioni sono regolati e interpretati in conformit\u00e0 con le leggi dello Stato di New York, Stati Uniti d'America.<br \/>\nTu e Body &amp; Flow accettate di sottomettervi irrevocabilmente alla giurisdizione esclusiva dei tribunali dello Stato di New York, USA.<\/p>\n\n\t\t<\/div>\n\t<\/div><div class=\"separator  transparent\" style=\"\"><\/div>\n\t<div class=\"wpb_text_column wpb_content_element\">\n\t\t<div class=\"wpb_wrapper\">\n\t\t\t<h2>PRIVACY<\/h2>\n<p>Accedendo o utilizzando il sito web, Body &amp; Flow \u00e8 consapevole che potrebbero essere richieste informazioni personali da parte nostra o comunicate dall'utente tramite il sito web. Body &amp; Flow si impegna a proteggere la privacy delle informazioni personali dell'utente.<\/p>\n<p>Di conseguenza, tutte le informazioni personali fornite dall'utente attraverso il sito web saranno conservate sul nostro server web sicuro o su file privati. Non condivideremo, venderemo, affitteremo o scambieremo con terzi le informazioni personali ottenute attraverso il sito web, salvo quanto previsto nei presenti Termini e condizioni o richiesto dalla legge. Tutte le informazioni personali fornite dall'utente attraverso il sito web saranno trattate con cura e nella massima riservatezza.<\/p>\n<p>Potremmo fornire informazioni aggregate di natura statistica, demografica e altre informazioni non identificative a titolo personale nell'ambito del processo di miglioramento e ottimizzazione del sito web.<\/p>\n<p>Body &amp; Flow pu\u00f2 modificare la propria politica sulla privacy in qualsiasi momento in conformit\u00e0 con la legge. Ogni volta che la politica sulla privacy viene modificata, tali modifiche saranno pubblicate sul sito web.<\/p>\n<p>Per qualsiasi domanda o dubbio relativo alla nostra politica sulla privacy, contattaci all'indirizzo info@bodyandflow.com.<\/p>\n\n\t\t<\/div>\n\t<\/div><div class=\"separator  transparent\" style=\"\"><\/div><\/div><\/div><\/div><\/div><\/div><\/div>\n<\/div>","protected":false},"excerpt":{"rendered":"Terms and Condition \u0095 Body &amp; Flow international pilates education programs Terms and Condition \u0095 Body &amp; Flow international pilates education programs ACCEPTANCE OF TERMS AND CONDITIONS The www.BodyandFlow.com website (\u0093the Website\u0094) is owned and operated by Yaza-Media Inc. By accessing or using the Website,...","protected":false},"author":1,"featured_media":0,"parent":0,"menu_order":0,"comment_status":"closed","ping_status":"closed","template":"full_width.php","meta":{"footnotes":""},"class_list":["post-2263","page","type-page","status-publish","hentry"],"_links":{"self":[{"href":"https:\/\/bodyandflow.com\/it\/wp-json\/wp\/v2\/pages\/2263","targetHints":{"allow":["GET"]}}],"collection":[{"href":"https:\/\/bodyandflow.com\/it\/wp-json\/wp\/v2\/pages"}],"about":[{"href":"https:\/\/bodyandflow.com\/it\/wp-json\/wp\/v2\/types\/page"}],"author":[{"embeddable":true,"href":"https:\/\/bodyandflow.com\/it\/wp-json\/wp\/v2\/users\/1"}],"replies":[{"embeddable":true,"href":"https:\/\/bodyandflow.com\/it\/wp-json\/wp\/v2\/comments?post=2263"}],"version-history":[{"count":0,"href":"https:\/\/bodyandflow.com\/it\/wp-json\/wp\/v2\/pages\/2263\/revisions"}],"wp:attachment":[{"href":"https:\/\/bodyandflow.com\/it\/wp-json\/wp\/v2\/media?parent=2263"}],"curies":[{"name":"wp","href":"https:\/\/api.w.org\/{rel}","templated":true}]}}