{"id":102,"date":"2013-04-26T13:42:37","date_gmt":"2013-04-26T13:42:37","guid":{"rendered":"https:\/\/www.bodyandflow.com\/?page_id=102"},"modified":"2017-05-25T05:03:36","modified_gmt":"2017-05-25T10:03:36","slug":"nhung-loi-chung-thuc","status":"publish","type":"page","link":"https:\/\/bodyandflow.com\/vi\/ve\/nhung-loi-chung-thuc\/","title":{"rendered":"Testimonials"},"content":{"rendered":"<div class=\"wpb-content-wrapper\"><div class=\"vc_row wpb_row section vc_row-fluid  grid_section\" style=' padding-top:80px; padding-bottom:40px; text-align:left;'><div class=\"section_inner clearfix\"><div class='section_inner_margin clearfix'><div class=\"element_from_bottom\"><div><div class=\"wpb_column vc_column_container vc_col-sm-12\"><div class=\"vc_column-inner\"><div class=\"wpb_wrapper\"><div class=\"separator  transparent\" style=\"\"><\/div>\n\t<div class=\"wpb_text_column wpb_content_element\">\n\t\t<div class=\"wpb_wrapper\">\n\t\t\t<h1>G\u00ec \u0095 <span style=\"color: #e6ae48;\">Sinh vi\u00ean n\u00f3i v\u1ec1 C\u01a1 th\u1ec3 &amp; D\u00f2ng ch\u1ea3y<\/span><\/h1>\n\n\t\t<\/div>\n\t<\/div><div class=\"separator  transparent\" style=\"\"><\/div><div class=\"separator  transparent\" style=\"\"><\/div><\/div><\/div><\/div><\/div><\/div><\/div><\/div><\/div><div     class=\"vc_row wpb_row section vc_row-fluid  grid_section\" style=' text-align:left;'><div class=\"section_inner clearfix\"><div class='section_inner_margin clearfix'><div class=\"wpb_column vc_column_container vc_col-sm-12\"><div class=\"vc_column-inner\"><div class=\"wpb_wrapper\"><div class=\"testimonials_holder clearfix dark\"><div class=\"testimonials testimonials_carousel\" data-show-navigation=\"yes\" data-show-navigation-arrows=\"no\" data-animation-type=\"slide\" data-animation-speed=\"\" data-auto-rotate-slides=\"15\"><ul class=\"slides\"><li id=\"testimonials21752\" class=\"testimonial_content\"><div class=\"testimonial_content_inner\"><div class=\"testimonial_text_holder left_align\"><div class=\"testimonial_text_inner\"><p style='color:#424242;'>H\u01b0\u1edbng d\u1eabn r\u1ea5t r\u00f5 r\u00e0ng, s\u00fac t\u00edch v\u00e0 \u0111i th\u1eb3ng v\u00e0o v\u1ea5n \u0111\u1ec1. Gi\u00e1o vi\u00ean t\u1eadp trung cao \u0111\u1ed9 v\u00e0 duy tr\u00ec nh\u1ecbp \u0111\u1ed9 \u1ed5n \u0111\u1ecbnh cho bu\u1ed5i h\u1ecdc. T\u00f4i \u0111\u00e3 c\u00f3 r\u1ea5t nhi\u1ec1u ni\u1ec1m vui khi tham gia kh\u00f3a hu\u1ea5n luy\u1ec7n n\u00e0y v\u00e0 ch\u1eafc ch\u1eafn s\u1ebd ti\u1ebfp t\u1ee5c t\u1eadp luy\u1ec7n v\u1edbi Body &amp; Flow khi c\u00f3 c\u01a1 h\u1ed9i. T\u00f4i khuy\u00ean m\u1ecdi ng\u01b0\u1eddi \u0111ang t\u00ecm ki\u1ebfm kh\u00f3a hu\u1ea5n luy\u1ec7n Pilates n\u00ean tham gia c\u00f9ng c\u00f4 \u1ea5y!<\/p><p class=\"testimonial_author\" style=\"\">- Suzanne :: Vi\u1ec7t Nam<\/p><\/div><\/div><\/div><\/li><li id=\"testimonials21753\" class=\"testimonial_content\"><div class=\"testimonial_content_inner\"><div class=\"testimonial_text_holder left_align\"><div class=\"testimonial_text_inner\"><p style='color:#424242;'>N\u1ebfu kh\u00f4ng c\u00f3 Ory, t\u00f4i s\u1ebd kh\u00f4ng bao gi\u1edd th\u1ef1c hi\u1ec7n \u0111\u01b0\u1ee3c \u01b0\u1edbc m\u01a1 tr\u1edf th\u00e0nh gi\u00e1o vi\u00ean Pilates. Ki\u1ebfn th\u1ee9c v\u00e0 s\u1ef1 hi\u1ec3u bi\u1ebft c\u1ee7a Ory v\u1ec1 ph\u01b0\u01a1ng ph\u00e1p Pilates c\u00f9ng kh\u1ea3 n\u0103ng gi\u1ea3ng d\u1ea1y c\u1ee7a c\u00f4 \u1ea5y th\u1eadt s\u1ef1 xu\u1ea5t s\u1eafc. Nh\u1eefng bu\u1ed5i h\u1ecdc t\u00f4i tham gia c\u00f9ng Ory lu\u00f4n th\u00fa v\u1ecb, \u0111\u01b0\u1ee3c chu\u1ea9n b\u1ecb k\u1ef9 l\u01b0\u1ee1ng v\u00e0 \u0111\u1ea7y h\u1ee9ng kh\u1edfi. M\u1eb7c d\u00f9 y\u00eau c\u1ea7u c\u1ee7a c\u00f4 \u1ea5y r\u1ea5t cao, nh\u01b0ng Ory lu\u00f4n cung c\u1ea5p ph\u1ea3n h\u1ed3i x\u00e2y d\u1ef1ng v\u00e0 c\u00f3 gi\u00e1 tr\u1ecb, v\u00ec c\u00f4 \u1ea5y hi\u1ec3u r\u1eb1ng h\u1ecdc t\u1eadp l\u00e0 m\u1ed9t qu\u00e1 tr\u00ecnh li\u00ean t\u1ee5c v\u00e0 su\u1ed1t \u0111\u1eddi.  T\u00f4i c\u1ea3m th\u1ea5y r\u1ea5t may m\u1eafn khi \u0111\u01b0\u1ee3c g\u1eb7p Ory, ng\u01b0\u1eddi \u0111\u00e3 trao cho t\u00f4i nh\u1eefng c\u00f4ng c\u1ee5 v\u00e0 n\u1ec1n t\u1ea3ng v\u1eefng ch\u1eafc \u0111\u1ec3 b\u1eaft \u0111\u1ea7u h\u00e0nh tr\u00ecnh Pilates c\u1ee7a m\u00ecnh, v\u00e0 t\u00f4i bi\u1ebft r\u1eb1ng c\u00f4 \u1ea5y s\u1ebd lu\u00f4n \u0111\u1ed3ng h\u00e0nh v\u00e0 h\u1ed7 tr\u1ee3 t\u00f4i trong nhi\u1ec1u n\u0103m t\u1edbi.<\/p><p class=\"testimonial_author\" style=\"\">- Nicola Caswell :: Anh<\/p><\/div><\/div><\/div><\/li><li id=\"testimonials21754\" class=\"testimonial_content\"><div class=\"testimonial_content_inner\"><div class=\"testimonial_text_holder left_align\"><div class=\"testimonial_text_inner\"><p style='color:#424242;'>Kh\u00f3a h\u1ecdc n\u00e0y th\u1ef1c s\u1ef1 v\u01b0\u1ee3t qu\u00e1 mong \u0111\u1ee3i c\u1ee7a t\u00f4i. Ban \u0111\u1ea7u, t\u00f4i \u0111\u1ebfn \u0111\u00e2y ch\u1ec9 v\u00ec ngh\u0129 r\u1eb1ng m\u00ecnh ph\u1ea3i l\u00e0m \u0111i\u1ec1u n\u00e0y v\u00ec c\u1ea7n ph\u1ea3i mang thai. Nh\u01b0ng khi k\u1ebft th\u00fac kh\u00f3a h\u1ecdc h\u00f4m nay, t\u00f4i ra v\u1ec1 v\u1edbi c\u1ea3m gi\u00e1c mu\u1ed1n mang thai. Kh\u00f3a h\u1ecdc th\u1eadt s\u1ef1 truy\u1ec1n c\u1ea3m h\u1ee9ng v\u00e0 cung c\u1ea5p r\u1ea5t nhi\u1ec1u th\u00f4ng tin v\u00e0 kinh nghi\u1ec7m. C\u1ea3m \u01a1n b\u1ea1n.<\/p><p class=\"testimonial_author\" style=\"\">- Nooj :: Th\u00e1i Lan<\/p><\/div><\/div><\/div><\/li><li id=\"testimonials21755\" class=\"testimonial_content\"><div class=\"testimonial_content_inner\"><div class=\"testimonial_text_holder left_align\"><div class=\"testimonial_text_inner\"><p style='color:#424242;'>Sau khi ti\u1ebfn h\u00e0nh nghi\u00ean c\u1ee9u k\u1ef9 l\u01b0\u1ee1ng v\u1ec1 n\u01a1i tham gia kh\u00f3a h\u1ecdc ch\u1ee9ng ch\u1ec9, ch\u00fang t\u00f4i \u0111\u00e3 quy\u1ebft \u0111\u1ecbnh ch\u1ecdn The Pilates Studio Bangkok v\u00e0 r\u1ea5t h\u00e0i l\u00f2ng v\u1edbi quy\u1ebft \u0111\u1ecbnh n\u00e0y. Khi li\u00ean h\u1ec7 v\u1edbi Ory, c\u00f4 \u0111\u00e3 cung c\u1ea5p cho ch\u00fang t\u00f4i t\u1ea5t c\u1ea3 th\u00f4ng tin c\u1ea7n thi\u1ebft v\u1ec1 vi\u1ec7c tham gia kh\u00f3a h\u1ecdc v\u00e0 du l\u1ecbch \u0111\u1ebfn Th\u00e1i Lan, \u0111\u1ea3m b\u1ea3o ch\u00fang t\u00f4i \u0111i \u0111\u00fang h\u01b0\u1edbng. Sau khi bay sang b\u00ean kia b\u00e1n c\u1ea7u, ch\u00fang t\u00f4i \u0111\u1ebfn m\u1ed9t studio \u0111\u01b0\u1ee3c trang b\u1ecb \u0111\u1ea7y \u0111\u1ee7 v\u1edbi \u0111\u1ed9i ng\u0169 nh\u00e2n vi\u00ean th\u00e2n thi\u1ec7n v\u00e0 t\u1eadn t\u00e2m, c\u00f9ng v\u1edbi nh\u1eefng b\u1ea1n h\u1ecdc th\u00e2n thi\u1ec7n. Ch\u00fang t\u00f4i may m\u1eafn c\u00f3 \u0111\u01b0\u1ee3c m\u1ed9t gi\u00e1o vi\u00ean xu\u1ea5t s\u1eafc, Ory, ng\u01b0\u1eddi r\u1ea5t \u0111am m\u00ea Pilates v\u00e0 c\u00f4ng vi\u1ec7c c\u1ee7a m\u00ecnh. C\u00f4 l\u00e0 m\u1ed9t gi\u00e1o vi\u00ean t\u00e0i n\u0103ng v\u00e0 xu\u1ea5t s\u1eafc, v\u1eeba nghi\u00eam kh\u1eafc v\u1eeba th\u1ea5u hi\u1ec3u, v\u1eeba bi\u1ec3u c\u1ea3m, r\u00f5 r\u00e0ng v\u00e0 quy\u1ebfn r\u0169. Kh\u00f3a h\u1ecdc \u0111\u01b0\u1ee3c thi\u1ebft k\u1ebf m\u1ed9t c\u00e1ch logic, h\u1ea5p d\u1eabn v\u00e0 to\u00e0n di\u1ec7n.<\/p><p class=\"testimonial_author\" style=\"\">- Kristin v\u00e0 Julia :: Estonia<\/p><\/div><\/div><\/div><\/li><li id=\"testimonials21757\" class=\"testimonial_content\"><div class=\"testimonial_content_inner\"><div class=\"testimonial_text_holder left_align\"><div class=\"testimonial_text_inner\"><p style='color:#424242;'>T\u00f4i r\u1ea5t ng\u01b0\u1ee1ng m\u1ed9 ni\u1ec1m \u0111am m\u00ea v\u00e0 chuy\u00ean m\u00f4n c\u1ee7a b\u1ea1n trong Pilates, c\u0169ng nh\u01b0 t\u1ea5t c\u1ea3 ki\u1ebfn th\u1ee9c v\u00e0 k\u1ef9 n\u0103ng gi\u1ea3ng d\u1ea1y m\u00e0 b\u1ea1n \u0111\u00e3 chia s\u1ebb v\u1edbi ch\u00fang t\u00f4i. T\u00f4i th\u1eadt s\u1ef1 ng\u1ea1c nhi\u00ean v\u1ec1 s\u1ef1 thay \u0111\u1ed5i trong c\u01a1 th\u1ec3 m\u00ecnh, c\u00e1ch th\u1ef1c h\u00e0nh c\u1ee7a t\u00f4i \u0111\u00e3 c\u1ea3i thi\u1ec7n nh\u01b0 th\u1ebf n\u00e0o v\u00e0 t\u00f4i c\u00f3 th\u1ec3 th\u1ef1c hi\u1ec7n c\u00e1c b\u00e0i t\u1eadp t\u1ed1t h\u01a1n nhi\u1ec1u so v\u1edbi tr\u01b0\u1edbc \u0111\u00e2y. Ki\u1ebfn th\u1ee9c v\u1ec1 c\u00e1c c\u01a1 b\u1eafp v\u00e0 ch\u01b0\u01a1ng tr\u00ecnh h\u1ecdc r\u1ea5t th\u00fa v\u1ecb, v\u00e0 b\u00e2y gi\u1edd t\u00f4i hi\u1ec3u r\u00f5 h\u01a1n r\u1ea5t nhi\u1ec1u v\u1ec1 c\u01a1 th\u1ec3 c\u1ee7a ch\u00ednh m\u00ecnh. B\u1ea1n th\u1ef1c s\u1ef1 l\u00e0 m\u1ed9t gi\u00e1o vi\u00ean tuy\u1ec7t v\u1eddi.<\/p><p class=\"testimonial_author\" style=\"\">- Barbara Manning :: Hoa K\u1ef3<\/p><\/div><\/div><\/div><\/li><li id=\"testimonials21758\" class=\"testimonial_content\"><div class=\"testimonial_content_inner\"><div class=\"testimonial_text_holder left_align\"><div class=\"testimonial_text_inner\"><p style='color:#424242;'>V\u1edbi t\u01b0 c\u00e1ch l\u00e0 m\u1ed9t v\u0169 c\u00f4ng v\u00e0 gi\u00e1o vi\u00ean, t\u00f4i th\u1ea5y kh\u00f3a h\u1ecdc ch\u1ee9ng ch\u1ec9 Pilates chuy\u00ean s\u00e2u l\u00e0 s\u1ef1 k\u1ebft h\u1ee3p ho\u00e0n h\u1ea3o gi\u1eefa t\u00ednh nghi\u00eam ng\u1eb7t v\u00e0 ph\u1ea7n th\u01b0\u1edfng. Kh\u00f3a h\u1ecdc mang \u0111\u1ebfn ngu\u1ed3n c\u1ea3m h\u1ee9ng v\u00e0 \u0111am m\u00ea s\u00e2u s\u1eafc v\u1edbi Pilates. Ory gi\u1ea3ng d\u1ea1y kh\u00f3a h\u1ecdc \u1edf m\u1ee9c \u0111\u1ed9 hi\u1ec3u bi\u1ebft s\u00e2u s\u1eafc, \u0111\u1ed3ng th\u1eddi k\u1ebft n\u1ed1i Pilates v\u1edbi \u0111a d\u1ea1ng kh\u1ea3 n\u0103ng, l\u1ed1i s\u1ed1ng v\u00e0 s\u1edf th\u00edch c\u1ee7a h\u1ecdc vi\u00ean. Ph\u00f2ng t\u1eadp chuy\u00ean nghi\u1ec7p v\u00e0 \u0111\u01b0\u1ee3c thi\u1ebft k\u1ebf tinh t\u1ebf c\u1ee7a c\u00f4 mang \u0111\u1ebfn ngu\u1ed3n n\u0103ng l\u01b0\u1ee3ng t\u00edch c\u1ef1c cho t\u1ea5t c\u1ea3 h\u1ecdc vi\u00ean trong m\u00f4i tr\u01b0\u1eddng Pilates \u0111\u1ea7y th\u00e1ch th\u1ee9c nh\u01b0ng v\u1eabn c\u00e2n b\u1eb1ng ho\u00e0n h\u1ea3o.<\/p><p class=\"testimonial_author\" style=\"\">- Jaleea Price :: Hoa K\u1ef3<\/p><\/div><\/div><\/div><\/li><li id=\"testimonials21759\" class=\"testimonial_content\"><div class=\"testimonial_content_inner\"><div class=\"testimonial_text_holder left_align\"><div class=\"testimonial_text_inner\"><p style='color:#424242;'>K\u00edch th\u01b0\u1edbc ho\u00e0n h\u1ea3o v\u00e0 l\u01b0\u1ee3ng th\u00f4ng tin c\u0169ng r\u1ea5t \u0111\u1ea7y \u0111\u1ee7. Gi\u1ea3ng vi\u00ean r\u1ea5t c\u1edfi m\u1edf v\u00e0 am hi\u1ec3u. H\u1ecdc vi\u00ean r\u1ea5t nhi\u1ec7t t\u00ecnh.<\/p><p class=\"testimonial_author\" style=\"\">- Cristina Graces :: Hoa K\u1ef3<\/p><\/div><\/div><\/div><\/li><li id=\"testimonials21549\" class=\"testimonial_content\"><div class=\"testimonial_content_inner\"><div class=\"testimonial_text_holder left_align\"><div class=\"testimonial_text_inner\"><p style='color:#424242;'>Kh\u00f3a h\u1ecdc n\u00e0y th\u1ef1c s\u1ef1 \u0111\u00e1ng \u0111\u1ec3 tham gia, ngay c\u1ea3 khi t\u00f4i ph\u1ea3i ngh\u1ec9 vi\u1ec7c to\u00e0n th\u1eddi gian \u0111\u1ec3 tham gia. Gi\u1ea3ng vi\u00ean r\u1ea5t chuy\u00ean nghi\u1ec7p. C\u00e1c b\u1ea1n h\u1ecdc vi\u00ean r\u1ea5t th\u00e2n thi\u1ec7n. K\u1ef9 n\u0103ng Pilates c\u1ee7a t\u00f4i \u0111\u00e3 \u0111\u01b0\u1ee3c c\u1ea3i thi\u1ec7n \u0111\u00e1ng k\u1ec3. C\u00e0ng hi\u1ec3u r\u00f5 v\u1ec1 c\u01a1 b\u1ea3n c\u1ee7a Pilates v\u00e0 gi\u1ea3i ph\u1eabu h\u1ecdc, t\u00f4i c\u00e0ng c\u00f3 th\u1ec3 \u00e1p d\u1ee5ng ki\u1ebfn th\u1ee9c c\u1ee7a m\u00ecnh v\u00e0o nhi\u1ec1u b\u00e0i t\u1eadp h\u1eefu \u00edch. T\u00f4i c\u1ea3m th\u1ea5y \u0111\u01b0\u1ee3c truy\u1ec1n c\u1ea3m h\u1ee9ng \u0111\u1ec3 gi\u1ea3ng d\u1ea1y, \u0111\u1ec3 c\u1ee7ng c\u1ed1 v\u00e0 ch\u1eefa l\u00e0nh cho ng\u01b0\u1eddi kh\u00e1c, \u00edt nh\u1ea5t l\u00e0 th\u00f4ng qua k\u1ef9 n\u0103ng Pilates c\u1ee7a m\u00ecnh.<\/p><p class=\"testimonial_author\" style=\"\">- Tum :: Th\u00e1i Lan<\/p><\/div><\/div><\/div><\/li><li id=\"testimonials21548\" class=\"testimonial_content\"><div class=\"testimonial_content_inner\"><div class=\"testimonial_text_holder left_align\"><div class=\"testimonial_text_inner\"><p style='color:#424242;'>T\u00f4i c\u1ea3m th\u1ea5y may m\u1eafn v\u00e0 vinh d\u1ef1 khi \u0111\u01b0\u1ee3c bi\u1ebft \u0111\u1ebfn b\u1ea1n, Ory. T\u00f4i ngh\u0129 b\u1ea1n th\u1eadt tuy\u1ec7t v\u1eddi v\u00e0 t\u00f4i \u0111\u00e3 r\u1ea5t th\u00edch th\u00fa v\u1edbi kh\u00f3a hu\u1ea5n luy\u1ec7n c\u1ee7a m\u00ecnh c\u00f9ng b\u1ea1n. B\u1ea1n l\u00e0 m\u1ed9t gi\u00e1o vi\u00ean xu\u1ea5t s\u1eafc v\u1edbi s\u1ef1 t\u1eadp trung cao \u0111\u1ed9 v\u00e0 s\u1ee9c h\u00fat \u0111\u1eb7c bi\u1ec7t. Hi\u1ec7n t\u1ea1i, t\u00f4i c\u1ea3m th\u1ea5y \u0111\u01b0\u1ee3c truy\u1ec1n c\u1ea3m h\u1ee9ng \u0111\u1ec3 \u0111\u1ecdc l\u1ea1i t\u1ea5t c\u1ea3 ghi ch\u00e9p c\u1ee7a m\u00ecnh, theo d\u00f5i c\u00e1c b\u1ea3n v\u1ebd v\u00e0 th\u1ef1c h\u00e0nh Pilates. S\u00e1ng nay, t\u00f4i \u0111\u00e3 l\u1ed3ng gh\u00e9p m\u1ed9t s\u1ed1 nguy\u00ean t\u1eafc c\u01a1 b\u1ea3n v\u00e0o l\u1edbp yoga c\u1ee7a m\u00ecnh!<\/p><p class=\"testimonial_author\" style=\"\">- Annie Milstead :: Singapore<\/p><\/div><\/div><\/div><\/li><\/ul><\/div><\/div><\/div><\/div><\/div><\/div><\/div><\/div>\n<\/div>","protected":false},"excerpt":{"rendered":"","protected":false},"author":1,"featured_media":0,"parent":148,"menu_order":0,"comment_status":"closed","ping_status":"closed","template":"full_width.php","meta":{"footnotes":""},"class_list":["post-102","page","type-page","status-publish","hentry"],"_links":{"self":[{"href":"https:\/\/bodyandflow.com\/vi\/wp-json\/wp\/v2\/pages\/102","targetHints":{"allow":["GET"]}}],"collection":[{"href":"https:\/\/bodyandflow.com\/vi\/wp-json\/wp\/v2\/pages"}],"about":[{"href":"https:\/\/bodyandflow.com\/vi\/wp-json\/wp\/v2\/types\/page"}],"author":[{"embeddable":true,"href":"https:\/\/bodyandflow.com\/vi\/wp-json\/wp\/v2\/users\/1"}],"replies":[{"embeddable":true,"href":"https:\/\/bodyandflow.com\/vi\/wp-json\/wp\/v2\/comments?post=102"}],"version-history":[{"count":0,"href":"https:\/\/bodyandflow.com\/vi\/wp-json\/wp\/v2\/pages\/102\/revisions"}],"up":[{"embeddable":true,"href":"https:\/\/bodyandflow.com\/vi\/wp-json\/wp\/v2\/pages\/148"}],"wp:attachment":[{"href":"https:\/\/bodyandflow.com\/vi\/wp-json\/wp\/v2\/media?parent=102"}],"curies":[{"name":"wp","href":"https:\/\/api.w.org\/{rel}","templated":true}]}}