{"id":21883,"date":"2015-02-26T18:25:34","date_gmt":"2015-02-26T18:25:34","guid":{"rendered":"https:\/\/localhost:8888\/?page_id=21883"},"modified":"2020-07-22T12:12:33","modified_gmt":"2020-07-22T17:12:33","slug":"phong-tap-pilates","status":"publish","type":"page","link":"https:\/\/bodyandflow.com\/vi\/phong-thu\/phong-tap-pilates\/","title":{"rendered":"The Pilates Studio"},"content":{"rendered":"<div class=\"wpb-content-wrapper\"><div id=\"top-page-noon\"    class=\"vc_row wpb_row section vc_row-fluid top-page-noon grid_section\" style=' text-align:left;'><div class=\"section_inner clearfix\"><div class='section_inner_margin clearfix'><div class=\"wpb_column vc_column_container vc_col-sm-12\"><div class=\"vc_column-inner\"><div class=\"wpb_wrapper\">\n\t<div class=\"wpb_text_column wpb_content_element\">\n\t\t<div class=\"wpb_wrapper\">\n\t\t\t<h1>Trung t\u00e2m Pilates \u0095 Body &amp; Flow - Ch\u01b0\u01a1ng tr\u00ecnh \u0111\u00e0o t\u1ea1o Pilates qu\u1ed1c t\u1ebf<\/h1>\n\n\t\t<\/div>\n\t<\/div><\/div><\/div><\/div><\/div><\/div><\/div><div     class=\"vc_row wpb_row section vc_row-fluid text-align: justify; grid_section\" style=' padding-top:40px; padding-bottom:40px; text-align:left;'><div class=\"section_inner clearfix\"><div class='section_inner_margin clearfix'><div class=\"wpb_column vc_column_container vc_col-sm-12\"><div class=\"vc_column-inner\"><div class=\"wpb_wrapper\"><div class=\"separator  transparent\" style=\"border-width:1px;margin-top:10px;margin-bottom:0px\"><\/div>\n\t<div class=\"wpb_text_column wpb_content_element\">\n\t\t<div class=\"wpb_wrapper\">\n\t\t\t<h1><span style=\"color: #e6ae48;\">Ph\u00f2ng t\u1eadp Pilates \u0095\u00a0<\/span>\u00a0Bangkok, Th\u00e1i Lan<\/h1>\n\n\t\t<\/div>\n\t<\/div><div class=\"separator  transparent\" style=\"border-width:1px;margin-top:20px;margin-bottom:0px\"><\/div><div class=\"separator  transparent\" style=\"border-width:1px;margin-top:10px;margin-bottom:0px\"><\/div><div     class=\"vc_row wpb_row vc_inner section vc_row-fluid\" style=' text-align:left;'><div class=\"full_section_inner clearfix\"><div class=\"wpb_column vc_column_container vc_col-sm-3\"><div class=\"vc_column-inner\"><div class=\"wpb_wrapper\"><div class=\"separator  transparent\" style=\"\"><\/div>\n\t<div class=\"wpb_single_image wpb_content_element vc_align_center\">\n\t\t<div class=\"wpb_wrapper\">\n\t\t\t\n\t\t\t<div class=\"vc_single_image-wrapper vc_box_rounded  vc_box_border_grey\"><\/div>\n\t\t<\/div>\n\t<\/div>\n<div class=\"separator  transparent\" style=\"\"><\/div><\/div><\/div><\/div><div class=\"wpb_column vc_column_container vc_col-sm-9\"><div class=\"vc_column-inner\"><div class=\"wpb_wrapper\"><div class=\"separator  transparent\" style=\"border-width:1px;margin-top:20px;margin-bottom:0px\"><\/div>\n\t<div class=\"wpb_text_column wpb_content_element\">\n\t\t<div class=\"wpb_wrapper\">\n\t\t\t<p style=\"text-align: justify;\">Ph\u00f2ng t\u1eadp Pilates l\u00e0 m\u1ed9t ph\u00f2ng t\u1eadp \u0111\u1ea7y \u0111\u1ee7 trang thi\u1ebft b\u1ecb, n\u01a1i ch\u00fang t\u00f4i cung c\u1ea5p \u0111a d\u1ea1ng c\u00e1c l\u1edbp h\u1ecdc do c\u00e1c hu\u1ea5n luy\u1ec7n vi\u00ean chuy\u00ean nghi\u1ec7p gi\u1ea3ng d\u1ea1y trong m\u00f4i tr\u01b0\u1eddng \u1ea5m c\u00fang v\u00e0 th\u00e2n thi\u1ec7n. Hi\u1ec7n t\u1ea1i, ph\u00f2ng t\u1eadp c\u00f3 hai chi nh\u00e1nh t\u1ea1i khu v\u1ef1c trung t\u00e2m th\u01b0\u01a1ng m\u1ea1i Bangkok (CBD) tr\u00ean \u0111\u01b0\u1eddng Phloenchit v\u00e0 t\u1ea1i Nichada Thani. K\u1ec3 t\u1eeb khi th\u00e0nh l\u1eadp v\u00e0o n\u0103m 2005, ph\u00f2ng t\u1eadp \u0111\u00e3 \u00e1p d\u1ee5ng c\u00e1c ti\u00eau chu\u1ea9n cao nh\u1ea5t trong c\u00e1c l\u1edbp h\u1ecdc Pilates: Pilates tr\u00ean th\u1ea3m, Pilates v\u1edbi thi\u1ebft b\u1ecb, Garuda, Fit Ball, Pilates cho ph\u1ee5 n\u1eef mang thai v\u00e0 sau sinh, V\u1eadt l\u00fd tr\u1ecb li\u1ec7u, Cardio v\u00e0 Nh\u1ea3y Aerobic, c\u00f9ng nhi\u1ec1u workshop th\u00fa v\u1ecb \u0111\u01b0\u1ee3c t\u1ed5 ch\u1ee9c h\u00e0ng th\u00e1ng. Ch\u00fang t\u00f4i c\u0169ng cung c\u1ea5p c\u00e1c kh\u00f3a h\u1ecdc ch\u1ee9ng ch\u1ec9 Pilates do Body &amp; Flow t\u1ea1i NYC t\u1ed5 ch\u1ee9c v\u00e0 c\u00e1c kh\u00f3a h\u1ecdc \u0111\u00e0o t\u1ea1o b\u1ed5 sung cho chuy\u00ean gia.<\/p>\n\n\t\t<\/div>\n\t<\/div><div class=\"separator  transparent\" style=\"\"><\/div><\/div><\/div><\/div><\/div><\/div><div     class=\"vc_row wpb_row vc_inner section vc_row-fluid\" style=' text-align:left;'><div class=\"full_section_inner clearfix\"><div class=\"wpb_column vc_column_container vc_col-sm-4\"><div class=\"vc_column-inner\"><div class=\"wpb_wrapper\"><div class=\"separator  transparent\" style=\"border-width:1px;margin-top:20px;margin-bottom:0px\"><\/div>\n\t<div class=\"wpb_text_column wpb_content_element\">\n\t\t<div class=\"wpb_wrapper\">\n\t\t\t<h5 style=\"text-align: center;\"><span style=\"color: #e6ae48;\">V\u1ecb tr\u00ed:<\/span>\u00a0Bangkok, Th\u00e1i Lan<\/h5>\n\n\t\t<\/div>\n\t<\/div><\/div><\/div><\/div><div class=\"wpb_column vc_column_container vc_col-sm-4\"><div class=\"vc_column-inner\"><div class=\"wpb_wrapper\"><div class=\"separator  transparent\" style=\"border-width:1px;margin-top:20px;margin-bottom:0px\"><\/div>\n\t<div class=\"wpb_text_column wpb_content_element\">\n\t\t<div class=\"wpb_wrapper\">\n\t\t\t<h5 style=\"text-align: center;\"><span style=\"color: #e6ae48;\">\u0110i\u1ec7n tho\u1ea1i:<\/span> +66.2.6507797<\/h5>\n\n\t\t<\/div>\n\t<\/div><\/div><\/div><\/div><div class=\"wpb_column vc_column_container vc_col-sm-4\"><div class=\"vc_column-inner\"><div class=\"wpb_wrapper\"><div class=\"separator  transparent\" style=\"border-width:1px;margin-top:20px;margin-bottom:0px\"><\/div>\n\t<div class=\"wpb_text_column wpb_content_element\">\n\t\t<div class=\"wpb_wrapper\">\n\t\t\t<h5 style=\"text-align: center;\"><span style=\"color: #e6ae48;\">Trang web:<\/span> <a title=\"pilates.co.th\" href=\"http:\/\/www.pilates.co.th\">pilates.co.th<\/a><\/h5>\n\n\t\t<\/div>\n\t<\/div><\/div><\/div><\/div><\/div><\/div><div class=\"separator  transparent\" style=\"border-width:1px;margin-top:10px;margin-bottom:0px\"><\/div><div     class=\"vc_row wpb_row vc_inner section vc_row-fluid\" style=' text-align:left;'><div class=\"full_section_inner clearfix\"><div class=\"wpb_column vc_column_container vc_col-sm-12\"><div class=\"vc_column-inner\"><div class=\"wpb_wrapper\"><div class=\"separator  transparent\" style=\"border-width:1px;margin-top:20px;margin-bottom:0px\"><\/div><div class=\"wpb_gmaps_widget wpb_content_element\"><div class=\"wpb_wrapper\"><div class=\"wpb_map_wraper\"><iframe loading=\"lazy\" src=\"https:\/\/www.google.com\/maps\/embed?pb=!1m18!1m12!1m3!1d3875.608939008066!2d100.54855400000004!3d13.742110000000007!2m3!1f0!2f0!3f0!3m2!1i1024!2i768!4f13.1!3m3!1m2!1s0x30e29edc59f9d87b%3A0xcb7b6afef41ac9af!2sPilates+Studio+PhloenChit!5e0!3m2!1sen!2sus!4v1424988658875\" width=\"600\" height=\"250\" frameborder=\"0\" style=\"border:0\"><\/iframe><\/div><\/div><\/div><div class=\"separator  transparent\" style=\"\"><\/div><\/div><\/div><\/div><\/div><\/div><\/div><\/div><\/div><\/div><\/div><\/div>\n<\/div>","protected":false},"excerpt":{"rendered":"The Pilates Studio \u0095 Body &amp; Flow international pilates education programs The Pilates\u00a0Studio\u00a0\u0095\u00a0\u00a0Bangkok\u00a0Thailand The Pilates Studio is a fully equipped studio in which we offer a variety of classes by professional instructors in a warm and friendly environment, currently situated in two locations down in...","protected":false},"author":1,"featured_media":0,"parent":22978,"menu_order":0,"comment_status":"closed","ping_status":"closed","template":"full_width.php","meta":{"footnotes":""},"class_list":["post-21883","page","type-page","status-publish","hentry"],"_links":{"self":[{"href":"https:\/\/bodyandflow.com\/vi\/wp-json\/wp\/v2\/pages\/21883","targetHints":{"allow":["GET"]}}],"collection":[{"href":"https:\/\/bodyandflow.com\/vi\/wp-json\/wp\/v2\/pages"}],"about":[{"href":"https:\/\/bodyandflow.com\/vi\/wp-json\/wp\/v2\/types\/page"}],"author":[{"embeddable":true,"href":"https:\/\/bodyandflow.com\/vi\/wp-json\/wp\/v2\/users\/1"}],"replies":[{"embeddable":true,"href":"https:\/\/bodyandflow.com\/vi\/wp-json\/wp\/v2\/comments?post=21883"}],"version-history":[{"count":0,"href":"https:\/\/bodyandflow.com\/vi\/wp-json\/wp\/v2\/pages\/21883\/revisions"}],"up":[{"embeddable":true,"href":"https:\/\/bodyandflow.com\/vi\/wp-json\/wp\/v2\/pages\/22978"}],"wp:attachment":[{"href":"https:\/\/bodyandflow.com\/vi\/wp-json\/wp\/v2\/media?parent=21883"}],"curies":[{"name":"wp","href":"https:\/\/api.w.org\/{rel}","templated":true}]}}