{"id":21884,"date":"2015-02-26T18:26:08","date_gmt":"2015-02-26T18:26:08","guid":{"rendered":"https:\/\/localhost:8888\/?page_id=21884"},"modified":"2025-04-15T18:20:01","modified_gmt":"2025-04-15T17:20:01","slug":"phong-tap-yoga-zenith","status":"publish","type":"page","link":"https:\/\/bodyandflow.com\/vi\/phong-thu\/phong-tap-yoga-zenith\/","title":{"rendered":"Zenith Yoga Studio"},"content":{"rendered":"<div class=\"wpb-content-wrapper\"><div id=\"top-page-noon\"    class=\"vc_row wpb_row section vc_row-fluid top-page-noon grid_section\" style=' text-align:left;'><div class=\"section_inner clearfix\"><div class='section_inner_margin clearfix'><div class=\"wpb_column vc_column_container vc_col-sm-12\"><div class=\"vc_column-inner\"><div class=\"wpb_wrapper\">\n\t<div class=\"wpb_text_column wpb_content_element\">\n\t\t<div class=\"wpb_wrapper\">\n\t\t\t<h1>Zenith Yoga Studio  \u0095 Ch\u01b0\u01a1ng tr\u00ecnh \u0111\u00e0o t\u1ea1o Pilates qu\u1ed1c t\u1ebf Body &amp; Flow<\/h1>\n\n\t\t<\/div>\n\t<\/div><\/div><\/div><\/div><\/div><\/div><\/div><div     class=\"vc_row wpb_row section vc_row-fluid text-align: justify; grid_section\" style=' padding-top:40px; padding-bottom:40px; text-align:left;'><div class=\"section_inner clearfix\"><div class='section_inner_margin clearfix'><div class=\"wpb_column vc_column_container vc_col-sm-12\"><div class=\"vc_column-inner\"><div class=\"wpb_wrapper\"><div class=\"separator  transparent\" style=\"border-width:1px;margin-top:10px;margin-bottom:0px\"><\/div>\n\t<div class=\"wpb_text_column wpb_content_element\">\n\t\t<div class=\"wpb_wrapper\">\n\t\t\t<h1><span style=\"color: #e6ae48;\">Zenith Yoga \u0095\u00a0<\/span>\u00a0H\u00e0 N\u1ed9i, Vi\u1ec7t Nam<\/h1>\n\n\t\t<\/div>\n\t<\/div><div class=\"separator  transparent\" style=\"border-width:1px;margin-top:20px;margin-bottom:0px\"><\/div><div class=\"separator  transparent\" style=\"border-width:1px;margin-top:10px;margin-bottom:0px\"><\/div><div     class=\"vc_row wpb_row vc_inner section vc_row-fluid\" style=' text-align:left;'><div class=\"full_section_inner clearfix\"><div class=\"wpb_column vc_column_container vc_col-sm-3\"><div class=\"vc_column-inner\"><div class=\"wpb_wrapper\"><div class=\"separator  transparent\" style=\"\"><\/div>\n\t<div class=\"wpb_single_image wpb_content_element vc_align_center\">\n\t\t<div class=\"wpb_wrapper\">\n\t\t\t\n\t\t\t<div class=\"vc_single_image-wrapper vc_box_rounded  vc_box_border_grey\"><\/div>\n\t\t<\/div>\n\t<\/div>\n<div class=\"separator  transparent\" style=\"\"><\/div><\/div><\/div><\/div><div class=\"wpb_column vc_column_container vc_col-sm-9\"><div class=\"vc_column-inner\"><div class=\"wpb_wrapper\"><div class=\"separator  transparent\" style=\"border-width:1px;margin-top:20px;margin-bottom:0px\"><\/div>\n\t<div class=\"wpb_text_column wpb_content_element\">\n\t\t<div class=\"wpb_wrapper\">\n\t\t\t<p style=\"text-align: justify;\">Zenith Yoga c\u00f3 m\u1ed9t ph\u00f2ng t\u1eadp r\u1ed9ng r\u00e3i v\u1edbi 3 t\u1ea7ng t\u1ea1i khu v\u1ef1c T\u00e2y H\u1ed3, H\u00e0 N\u1ed9i. Cung c\u1ea5p \u0111a d\u1ea1ng c\u00e1c phong c\u00e1ch l\u1edbp h\u1ecdc Yoga t\u1eeb Iyengar \u0111\u1ebfn Ashtanga, Hatha, Vinyasa, Acro v\u00e0 Kundalini Yoga. C\u00e1c l\u1edbp Pilates, Thi\u1ec1n v\u00e0 Yoga C\u01b0\u1eddi c\u0169ng \u0111\u01b0\u1ee3c t\u1ed5 ch\u1ee9c c\u00f9ng v\u1edbi nhi\u1ec1u workshop \u0111\u01b0\u1ee3c s\u1eafp x\u1ebfp h\u00e0ng th\u00e1ng. Ph\u00f2ng t\u1eadp \u0111\u01b0\u1ee3c trang b\u1ecb \u0111\u1ea7y \u0111\u1ee7 c\u00e1c d\u1ee5ng c\u1ee5 h\u1ed7 tr\u1ee3 v\u00e0 c\u00f3 c\u1eeda h\u00e0ng Yoga b\u00e1n c\u00e1c v\u1eadt d\u1ee5ng c\u1ea7n thi\u1ebft cho t\u1eadp luy\u1ec7n. M\u1ed9t \u1ed1c \u0111\u1ea3o b\u00ecnh y\u00ean cho vi\u1ec7c t\u1eadp luy\u1ec7n v\u00e0 th\u01b0 gi\u00e3n c\u1ee7a b\u1ea1n. Zenith Yoga r\u1ea5t vui m\u1eebng khai tr\u01b0\u01a1ng studio &amp; qu\u00e1n c\u00e0 ph\u00ea th\u1ee9 hai t\u1ea1i s\u1ed1 16 \u0111\u01b0\u1eddng D\u01b0\u01a1ng Th\u00e0nh.<\/p>\n\n\t\t<\/div>\n\t<\/div><div class=\"separator  transparent\" style=\"\"><\/div><\/div><\/div><\/div><\/div><\/div><div     class=\"vc_row wpb_row vc_inner section vc_row-fluid\" style=' text-align:left;'><div class=\"full_section_inner clearfix\"><div class=\"wpb_column vc_column_container vc_col-sm-4\"><div class=\"vc_column-inner\"><div class=\"wpb_wrapper\"><div class=\"separator  transparent\" style=\"border-width:1px;margin-top:20px;margin-bottom:0px\"><\/div>\n\t<div class=\"wpb_text_column wpb_content_element\">\n\t\t<div class=\"wpb_wrapper\">\n\t\t\t<h5 style=\"text-align: center;\"><span style=\"color: #e6ae48;\">V\u1ecb tr\u00ed:\u00a0<\/span>H\u00e0 N\u1ed9i, Vi\u1ec7t Nam<\/h5>\n\n\t\t<\/div>\n\t<\/div><\/div><\/div><\/div><div class=\"wpb_column vc_column_container vc_col-sm-4\"><div class=\"vc_column-inner\"><div class=\"wpb_wrapper\"><div class=\"separator  transparent\" style=\"border-width:1px;margin-top:20px;margin-bottom:0px\"><\/div>\n\t<div class=\"wpb_text_column wpb_content_element\">\n\t\t<div class=\"wpb_wrapper\">\n\t\t\t<h5 style=\"text-align: center;\"><span style=\"color: #e6ae48;\">\u0110i\u1ec7n tho\u1ea1i:<\/span>\u00a0+84.904.356.561<\/h5>\n\n\t\t<\/div>\n\t<\/div><\/div><\/div><\/div><div class=\"wpb_column vc_column_container vc_col-sm-4\"><div class=\"vc_column-inner\"><div class=\"wpb_wrapper\"><div class=\"separator  transparent\" style=\"border-width:1px;margin-top:20px;margin-bottom:0px\"><\/div>\n\t<div class=\"wpb_text_column wpb_content_element\">\n\t\t<div class=\"wpb_wrapper\">\n\t\t\t<h5 style=\"text-align: center;\"><span style=\"color: #e6ae48;\">Trang web:<\/span> <a title=\"zenithyogahanoi.com\" href=\"https:\/\/www.facebook.com\/ZenithHanoi\/\">zenithyogahanoi.com<\/a><\/h5>\n\n\t\t<\/div>\n\t<\/div><\/div><\/div><\/div><\/div><\/div><div class=\"separator  transparent\" style=\"border-width:1px;margin-top:10px;margin-bottom:0px\"><\/div><div     class=\"vc_row wpb_row vc_inner section vc_row-fluid\" style=' text-align:left;'><div class=\"full_section_inner clearfix\"><div class=\"wpb_column vc_column_container vc_col-sm-12\"><div class=\"vc_column-inner\"><div class=\"wpb_wrapper\"><div class=\"separator  transparent\" style=\"border-width:1px;margin-top:20px;margin-bottom:0px\"><\/div><div class=\"wpb_gmaps_widget wpb_content_element\"><div class=\"wpb_wrapper\"><div class=\"wpb_map_wraper\"><iframe loading=\"lazy\" src=\"https:\/\/www.google.com\/maps\/embed?pb=!1m14!1m8!1m3!1d3723.1104099800446!2d105.826288!3d21.068251999999994!3m2!1i1024!2i768!4f13.1!3m3!1m2!1s0x3135aaf783007f0d%3A0x5326c162253ac262!2sTrung+t%C3%A2m+Yoga+Zenith!5e0!3m2!1sen!2sus!4v1424989664137\" width=\"600\" height=\"250\" frameborder=\"0\" style=\"border:0\"><\/iframe><\/div><\/div><\/div><div class=\"separator  transparent\" style=\"\"><\/div><\/div><\/div><\/div><\/div><\/div><\/div><\/div><\/div><\/div><\/div><\/div>\n<\/div>","protected":false},"excerpt":{"rendered":"Zenith Yoga Studio \u00a0\u0095 Body &amp; Flow international pilates education programs Zenith Yoga\u00a0\u0095\u00a0\u00a0Hanoi Vietnam Zenith Yoga has a spacious studio with 3 floors in the Tay Ho area of Hanoi. Offering a wide variety of styles of Yoga classes from Iyengar to Asthanga, Hatha, Vinyasa,...","protected":false},"author":1,"featured_media":0,"parent":22978,"menu_order":0,"comment_status":"closed","ping_status":"closed","template":"full_width.php","meta":{"footnotes":""},"class_list":["post-21884","page","type-page","status-publish","hentry"],"_links":{"self":[{"href":"https:\/\/bodyandflow.com\/vi\/wp-json\/wp\/v2\/pages\/21884","targetHints":{"allow":["GET"]}}],"collection":[{"href":"https:\/\/bodyandflow.com\/vi\/wp-json\/wp\/v2\/pages"}],"about":[{"href":"https:\/\/bodyandflow.com\/vi\/wp-json\/wp\/v2\/types\/page"}],"author":[{"embeddable":true,"href":"https:\/\/bodyandflow.com\/vi\/wp-json\/wp\/v2\/users\/1"}],"replies":[{"embeddable":true,"href":"https:\/\/bodyandflow.com\/vi\/wp-json\/wp\/v2\/comments?post=21884"}],"version-history":[{"count":0,"href":"https:\/\/bodyandflow.com\/vi\/wp-json\/wp\/v2\/pages\/21884\/revisions"}],"up":[{"embeddable":true,"href":"https:\/\/bodyandflow.com\/vi\/wp-json\/wp\/v2\/pages\/22978"}],"wp:attachment":[{"href":"https:\/\/bodyandflow.com\/vi\/wp-json\/wp\/v2\/media?parent=21884"}],"curies":[{"name":"wp","href":"https:\/\/api.w.org\/{rel}","templated":true}]}}