{"id":2263,"date":"2014-02-20T08:11:43","date_gmt":"2014-02-20T08:11:43","guid":{"rendered":"https:\/\/www.bodyandflow.com\/?page_id=2263"},"modified":"2017-05-25T05:04:14","modified_gmt":"2017-05-25T10:04:14","slug":"dieu-khoan-va-dieu-kien","status":"publish","type":"page","link":"https:\/\/bodyandflow.com\/vi\/dieu-khoan-va-dieu-kien\/","title":{"rendered":"Terms and Condition"},"content":{"rendered":"<div class=\"wpb-content-wrapper\"><div id=\"top-page-noon\"    class=\"vc_row wpb_row section vc_row-fluid top-page-noon grid_section\" style=' text-align:left;'><div class=\"section_inner clearfix\"><div class='section_inner_margin clearfix'><div class=\"wpb_column vc_column_container vc_col-sm-12\"><div class=\"vc_column-inner\"><div class=\"wpb_wrapper\">\n\t<div class=\"wpb_text_column wpb_content_element\">\n\t\t<div class=\"wpb_wrapper\">\n\t\t\t<h1>\u0110i\u1ec1u kho\u1ea3n v\u00e0 \u0110i\u1ec1u ki\u1ec7n \u0095 Ch\u01b0\u01a1ng tr\u00ecnh \u0111\u00e0o t\u1ea1o Pilates qu\u1ed1c t\u1ebf Body &amp; Flow<\/h1>\n\n\t\t<\/div>\n\t<\/div><\/div><\/div><\/div><\/div><\/div><\/div><div     class=\"vc_row wpb_row section vc_row-fluid  grid_section\" style=' padding-top:40px; padding-bottom:40px; text-align:left;'><div class=\"section_inner clearfix\"><div class='section_inner_margin clearfix'><div class=\"wpb_column vc_column_container vc_col-sm-12\"><div class=\"vc_column-inner\"><div class=\"wpb_wrapper\"><div class=\"separator  transparent\" style=\"\"><\/div>\n\t<div class=\"wpb_text_column wpb_content_element\">\n\t\t<div class=\"wpb_wrapper\">\n\t\t\t<h1><span style=\"color: #e6ae48;\">\u0110i\u1ec1u kho\u1ea3n v\u00e0 \u0110i\u1ec1u ki\u1ec7n \u0095<\/span> Ch\u01b0\u01a1ng tr\u00ecnh \u0111\u00e0o t\u1ea1o Pilates qu\u1ed1c t\u1ebf Body &amp; Flow<\/h1>\n\n\t\t<\/div>\n\t<\/div><div class=\"separator  transparent\" style=\"\"><\/div><div class=\"separator  transparent\" style=\"\"><\/div>\n\t<div class=\"wpb_text_column wpb_content_element\">\n\t\t<div class=\"wpb_wrapper\">\n\t\t\t<h2>S\u1ef0 \u0110\u1ed2NG \u00dd V\u1edaI C\u00c1C \u0110I\u1ec0U KHO\u1ea2N V\u00c0 \u0110I\u1ec0U KI\u1ec6N<\/h2>\n<p>Trang web www.BodyandFlow.com (\u0093Trang web\u0094) thu\u1ed9c s\u1edf h\u1eefu v\u00e0 \u0111\u01b0\u1ee3c v\u1eadn h\u00e0nh b\u1edfi Yaza-Media Inc.<br \/>\nB\u1eb1ng c\u00e1ch truy c\u1eadp ho\u1eb7c s\u1eed d\u1ee5ng Trang web, b\u1ea1n \u0111\u1ed3ng \u00fd tu\u00e2n th\u1ee7 c\u00e1c \u0111i\u1ec1u kho\u1ea3n v\u00e0 \u0111i\u1ec1u ki\u1ec7n (\u0093\u0110i\u1ec1u kho\u1ea3n v\u00e0 \u0110i\u1ec1u ki\u1ec7n\u0094) v\u00e0 x\u00e1c nh\u1eadn r\u1eb1ng b\u1ea1n \u0111\u00e3 \u0111\u1ecdc v\u00e0 hi\u1ec3u r\u00f5 to\u00e0n b\u1ed9 c\u00e1c \u0110i\u1ec1u kho\u1ea3n v\u00e0 \u0110i\u1ec1u ki\u1ec7n.<br \/>\nBody &amp; Flow \u0111\u00e3 n\u1ed7 l\u1ef1c h\u1ebft s\u1ee9c \u0111\u1ec3 \u0111\u1ea3m b\u1ea3o r\u1eb1ng th\u00f4ng tin tr\u00ean Trang web l\u00e0 ch\u00ednh x\u00e1c; tuy nhi\u00ean, ch\u00fang t\u00f4i kh\u00f4ng ch\u1ecbu tr\u00e1ch nhi\u1ec7m v\u1ec1 b\u1ea5t k\u1ef3 sai s\u00f3t ho\u1eb7c thi\u1ebfu s\u00f3t n\u00e0o trong th\u00f4ng tin \u0111\u01b0\u1ee3c \u0111\u0103ng t\u1ea3i tr\u00ean Trang web.<br \/>\nB\u1eb1ng vi\u1ec7c mua s\u1ea3n ph\u1ea9m t\u1eeb trang web n\u00e0y, b\u1ea1n \u0111\u1ed3ng \u00fd r\u00f5 r\u00e0ng tu\u00e2n th\u1ee7 c\u00e1c \u0110i\u1ec1u kho\u1ea3n v\u00e0 \u0110i\u1ec1u ki\u1ec7n n\u00e0y.<br \/>\nBody &amp; Flow c\u00f3 th\u1ec3 \u0111i\u1ec1u ch\u1ec9nh c\u00e1c \u0110i\u1ec1u kho\u1ea3n v\u00e0 \u0110i\u1ec1u ki\u1ec7n n\u00e0y theo th\u1eddi gian v\u00e0 b\u1ea5t k\u1ef3 s\u1ef1 \u0111i\u1ec1u ch\u1ec9nh n\u00e0o nh\u01b0 v\u1eady s\u1ebd c\u00f3 hi\u1ec7u l\u1ef1c ngay l\u1eadp t\u1ee9c sau khi \u0111\u01b0\u1ee3c \u0111\u0103ng t\u1ea3i tr\u00ean Trang web. B\u1ea1n c\u00f3 tr\u00e1ch nhi\u1ec7m t\u1ef1 c\u1eadp nh\u1eadt v\u00e0 n\u1eafm r\u00f5 b\u1ea5t k\u1ef3 s\u1ef1 \u0111i\u1ec1u ch\u1ec9nh n\u00e0o \u0111\u1ed1i v\u1edbi c\u00e1c \u0110i\u1ec1u kho\u1ea3n v\u00e0 \u0110i\u1ec1u ki\u1ec7n. B\u1ea1n \u0111\u1ed3ng \u00fd r\u1eb1ng b\u1eb1ng vi\u1ec7c truy c\u1eadp ho\u1eb7c s\u1eed d\u1ee5ng Trang web sau khi c\u00f3 b\u1ea5t k\u1ef3 s\u1ef1 \u0111i\u1ec1u ch\u1ec9nh n\u00e0o \u0111\u1ed1i v\u1edbi c\u00e1c \u0110i\u1ec1u kho\u1ea3n v\u00e0 \u0110i\u1ec1u ki\u1ec7n, b\u1ea1n \u0111\u1ed3ng \u00fd tu\u00e2n th\u1ee7 v\u00e0 tu\u00e2n theo c\u00e1c \u0110i\u1ec1u kho\u1ea3n v\u00e0 \u0110i\u1ec1u ki\u1ec7n \u0111\u00e3 \u0111\u01b0\u1ee3c \u0111i\u1ec1u ch\u1ec9nh.<\/p>\n\n\t\t<\/div>\n\t<\/div><div class=\"separator  transparent\" style=\"\"><\/div>\n\t<div class=\"wpb_text_column wpb_content_element\">\n\t\t<div class=\"wpb_wrapper\">\n\t\t\t<h2>B\u1ea2N QUY\u1ec0N V\u00c0 NH\u00c3N HI\u1ec6U<\/h2>\n<p>Trang web n\u00e0y v\u00e0 t\u1ea5t c\u1ea3 n\u1ed9i dung \u0111\u01b0\u1ee3c \u0111\u0103ng t\u1ea3i tr\u00ean trang web n\u00e0y thu\u1ed9c s\u1edf h\u1eefu c\u1ee7a Body &amp; Flow.<br \/>\nTr\u1eeb tr\u01b0\u1eddng h\u1ee3p c\u1ea7n thi\u1ebft \u0111\u1ec3 xem n\u1ed9i dung tr\u00ean Trang web, kh\u00f4ng \u0111\u01b0\u1ee3c sao ch\u00e9p, t\u00e1i s\u1eed d\u1ee5ng, ch\u1ec9nh s\u1eeda, ph\u00e2n ph\u1ed1i, t\u1ea3i l\u00ean cho b\u00ean th\u1ee9 ba ho\u1eb7c li\u00ean k\u1ebft \u0111\u1ebfn b\u1ea5t k\u1ef3 n\u1ed9i dung n\u00e0o tr\u00ean Trang web m\u00e0 kh\u00f4ng c\u00f3 s\u1ef1 \u0111\u1ed3ng \u00fd b\u1eb1ng v\u0103n b\u1ea3n tr\u01b0\u1edbc c\u1ee7a Body &amp; Flow.<\/p>\n\n\t\t<\/div>\n\t<\/div><div class=\"separator  transparent\" style=\"\"><\/div>\n\t<div class=\"wpb_text_column wpb_content_element\">\n\t\t<div class=\"wpb_wrapper\">\n\t\t\t<p>C\u00c1C TRANG WEB C\u1ee6A B\u00caN TH\u1ee8 BA<\/p>\n<p>Trang web c\u00f3 th\u1ec3 ch\u1ee9a c\u00e1c li\u00ean k\u1ebft \u0111\u1ebfn c\u00e1c trang web c\u1ee7a b\u00ean th\u1ee9 ba. Body &amp; Flow kh\u00f4ng \u1ee7ng h\u1ed9 ho\u1eb7c ch\u1ea5p thu\u1eadn b\u1ea5t k\u1ef3 n\u1ed9i dung n\u00e0o tr\u00ean c\u00e1c trang web c\u1ee7a b\u00ean th\u1ee9 ba.<\/p>\n\n\t\t<\/div>\n\t<\/div><div class=\"separator  transparent\" style=\"\"><\/div>\n\t<div class=\"wpb_text_column wpb_content_element\">\n\t\t<div class=\"wpb_wrapper\">\n\t\t\t<p>B\u1ea2NG M\u00c0U V\u00c0 K\u00cdCH TH\u01af\u1edaC<\/p>\n<p>M\u00e0u s\u1eafc c\u1ee7a qu\u1ea7n \u00e1o c\u1ee7a ch\u00fang t\u00f4i c\u00f3 th\u1ec3 kh\u00e1c v\u1edbi nh\u1eefng g\u00ec hi\u1ec3n th\u1ecb tr\u00ean m\u00e0n h\u00ecnh c\u1ee7a b\u1ea1n. Body &amp; Flow kh\u00f4ng th\u1ec3 \u0111\u1ea3m b\u1ea3o r\u1eb1ng m\u00e0u s\u1eafc hi\u1ec3n th\u1ecb tr\u00ean m\u00e0n h\u00ecnh c\u1ee7a b\u1ea1n l\u00e0 ch\u00ednh x\u00e1c.<br \/>\nB\u1ea3ng k\u00edch th\u01b0\u1edbc ch\u1ec9 \u0111\u01b0\u1ee3c s\u1eed d\u1ee5ng nh\u01b0 m\u1ed9t h\u01b0\u1edbng d\u1eabn v\u1ec1 k\u00edch th\u01b0\u1edbc c\u01a1 th\u1ec3 v\u00e0 kh\u00f4ng nh\u1eb1m m\u1ee5c \u0111\u00edch th\u1ec3 hi\u1ec7n k\u00edch th\u01b0\u1edbc c\u1ee7a trang ph\u1ee5c. Vui l\u00f2ng tham kh\u1ea3o ph\u1ea7n b\u1ea3ng k\u00edch th\u01b0\u1edbc c\u1ee7a ch\u00fang t\u00f4i \u0111\u1ec3 bi\u1ebft th\u00eam th\u00f4ng tin chi ti\u1ebft.<\/p>\n\n\t\t<\/div>\n\t<\/div><div class=\"separator  transparent\" style=\"\"><\/div>\n\t<div class=\"wpb_text_column wpb_content_element\">\n\t\t<div class=\"wpb_wrapper\">\n\t\t\t<h2>B\u1ed2I TH\u01af\u1edcNG V\u00c0 GI\u1edaI H\u1ea0N TR\u00c1CH NHI\u1ec6M<\/h2>\n<p>B\u1ea1n \u0111\u1ed3ng \u00fd b\u1ed3i th\u01b0\u1eddng v\u00e0 mi\u1ec5n tr\u1eeb tr\u00e1ch nhi\u1ec7m cho Body &amp; Flow \u0111\u1ed1i v\u1edbi m\u1ecdi t\u1ed5n th\u1ea5t, tr\u00e1ch nhi\u1ec7m ph\u00e1p l\u00fd, thi\u1ec7t h\u1ea1i, khi\u1ebfu n\u1ea1i v\u00e0 chi ph\u00ed m\u00e0 b\u1ea1n ph\u1ea3i ch\u1ecbu ho\u1eb7c ph\u00e1t sinh t\u1eeb vi\u1ec7c s\u1eed d\u1ee5ng Trang web.<\/p>\n\n\t\t<\/div>\n\t<\/div><div class=\"separator  transparent\" style=\"\"><\/div>\n\t<div class=\"wpb_text_column wpb_content_element\">\n\t\t<div class=\"wpb_wrapper\">\n\t\t\t<h2>MUA H\u00c0NG<\/h2>\n<p>B\u1ea5t k\u1ef3 \u0111\u01a1n \u0111\u1eb7t h\u00e0ng n\u00e0o b\u1ea1n \u0111\u1eb7t qua Trang web n\u00e0y \u0111\u01b0\u1ee3c coi l\u00e0 \u0111\u1ec1 ngh\u1ecb c\u1ee7a b\u1ea1n \u0111\u1ed1i v\u1edbi Body &amp; Flow \u0111\u1ec3 mua m\u1ed9t s\u1ea3n ph\u1ea9m ho\u1eb7c d\u1ecbch v\u1ee5 c\u1ee5 th\u1ec3 v\u1edbi gi\u00e1 (bao g\u1ed3m ph\u00ed v\u1eadn chuy\u1ec3n v\u00e0 c\u00e1c kho\u1ea3n ph\u00ed kh\u00e1c) \u0111\u01b0\u1ee3c quy \u0111\u1ecbnh tr\u00ean Trang web n\u00e0y t\u1ea1i th\u1eddi \u0111i\u1ec3m b\u1ea1n \u0111\u1eb7t h\u00e0ng.<br \/>\nBody &amp; Flow c\u00f3 quy\u1ec1n ch\u1ea5p nh\u1eadn ho\u1eb7c t\u1eeb ch\u1ed1i b\u1ea5t k\u1ef3 \u0111\u1ec1 ngh\u1ecb n\u00e0o v\u00ec b\u1ea5t k\u1ef3 l\u00fd do g\u00ec, bao g\u1ed3m nh\u01b0ng kh\u00f4ng gi\u1edbi h\u1ea1n \u1edf vi\u1ec7c s\u1ea3n ph\u1ea9m kh\u00f4ng c\u00f3 s\u1eb5n, sai s\u00f3t ho\u1eb7c thi\u1ebfu s\u00f3t trong gi\u00e1 ho\u1eb7c m\u00f4 t\u1ea3 s\u1ea3n ph\u1ea9m, ho\u1eb7c sai s\u00f3t trong \u0111\u01a1n \u0111\u1eb7t h\u00e0ng c\u1ee7a b\u1ea1n.<br \/>\nKh\u00f4ng c\u00f3 h\u1ee3p \u0111\u1ed3ng r\u00e0ng bu\u1ed9c n\u00e0o \u0111\u01b0\u1ee3c h\u00ecnh th\u00e0nh tr\u1eeb khi Body &amp; Flow th\u00f4ng b\u00e1o cho b\u1ea1n r\u1eb1ng h\u1ecd \u0111\u00e3 ch\u1ea5p nh\u1eadn \u0111\u01a1n \u0111\u1eb7t h\u00e0ng c\u1ee7a b\u1ea1n v\u00e0 vi\u1ec7c thanh to\u00e1n gi\u00e1 mua \u0111\u00e3 \u0111\u01b0\u1ee3c x\u00e1c nh\u1eadn.<br \/>\nGi\u00e1 ni\u00eam y\u1ebft cho s\u1ea3n ph\u1ea9m ho\u1eb7c d\u1ecbch v\u1ee5 \u0111\u01b0\u1ee3c t\u00ednh b\u1eb1ng \u0111\u00f4 la M\u1ef9 v\u00e0 \u0111\u00e3 bao g\u1ed3m thu\u1ebf h\u00e0ng h\u00f3a. Gi\u00e1 c\u1ea3 \u0111\u01b0\u1ee3c c\u1eadp nh\u1eadt t\u1ea1i th\u1eddi \u0111i\u1ec3m \u0111\u0103ng t\u1ea3i tr\u00ean Website nh\u01b0ng c\u00f3 th\u1ec3 thay \u0111\u1ed5i theo th\u1eddi gian v\u00e0 b\u1ea5t c\u1ee9 l\u00fac n\u00e0o theo quy\u1ebft \u0111\u1ecbnh ri\u00eang c\u1ee7a Body &amp; Flow.<\/p>\n\n\t\t<\/div>\n\t<\/div><div class=\"separator  transparent\" style=\"\"><\/div>\n\t<div class=\"wpb_text_column wpb_content_element\">\n\t\t<div class=\"wpb_wrapper\">\n\t\t\t<h2>V\u1eacN CHUY\u1ec2N H\u00c0NG H\u00d3A<\/h2>\n<p>Body &amp; Flow gi\u1eef quy\u1ec1n s\u1edf h\u1eefu v\u00e0 quy\u1ec1n s\u1edf h\u1eefu \u0111\u1ed1i v\u1edbi c\u00e1c s\u1ea3n ph\u1ea9m b\u1ea1n \u0111\u1eb7t h\u00e0ng cho \u0111\u1ebfn khi b\u1ea1n thanh to\u00e1n \u0111\u1ea7y \u0111\u1ee7 cho c\u00e1c s\u1ea3n ph\u1ea9m \u0111\u00f3.<br \/>\nM\u1eb7c d\u00f9 m\u1ecdi n\u1ed7 l\u1ef1c \u0111\u00e3 \u0111\u01b0\u1ee3c th\u1ef1c hi\u1ec7n \u0111\u1ec3 \u0111\u1ea3m b\u1ea3o vi\u1ec7c giao h\u00e0ng an to\u00e0n v\u00e0 \u0111\u00fang h\u1eb9n, b\u1ea1n \u0111\u1ed3ng \u00fd r\u1eb1ng Body &amp; Flow kh\u00f4ng ch\u1ecbu tr\u00e1ch nhi\u1ec7m v\u00e0 kh\u00f4ng ph\u1ea3i b\u1ed3i th\u01b0\u1eddng cho b\u1ea5t k\u1ef3 t\u1ed5n th\u1ea5t ho\u1eb7c h\u01b0 h\u1ecfng n\u00e0o \u0111\u1ed1i v\u1edbi s\u1ea3n ph\u1ea9m trong qu\u00e1 tr\u00ecnh v\u1eadn chuy\u1ec3n. R\u1ee7i ro v\u1ec1 t\u1ed5n th\u1ea5t ho\u1eb7c h\u01b0 h\u1ecfng \u0111\u1ed1i v\u1edbi s\u1ea3n ph\u1ea9m s\u1ebd chuy\u1ec3n sang b\u1ea1n ngay khi s\u1ea3n ph\u1ea9m \u0111\u01b0\u1ee3c v\u1eadn chuy\u1ec3n ho\u1eb7c \u0111ang trong qu\u00e1 tr\u00ecnh giao h\u00e0ng b\u1edfi \u0111\u01a1n v\u1ecb v\u1eadn chuy\u1ec3n.<\/p>\n\n\t\t<\/div>\n\t<\/div><div class=\"separator  transparent\" style=\"\"><\/div>\n\t<div class=\"wpb_text_column wpb_content_element\">\n\t\t<div class=\"wpb_wrapper\">\n\t\t\t<h2>THANH TO\u00c1N<\/h2>\n<p>Vui l\u00f2ng li\u00ean h\u1ec7 v\u1edbi ch\u00fang t\u00f4i \u0111\u1ec3 th\u1ef1c hi\u1ec7n c\u00e1c th\u1ee7 t\u1ee5c c\u1ea7n thi\u1ebft. T\u1ea5t c\u1ea3 c\u00e1c gi\u00e1 \u0111\u1ec1u \u0111\u01b0\u1ee3c t\u00ednh b\u1eb1ng \u0111\u00f4 la M\u1ef9.<\/p>\n\n\t\t<\/div>\n\t<\/div><div class=\"separator  transparent\" style=\"\"><\/div>\n\t<div class=\"wpb_text_column wpb_content_element\">\n\t\t<div class=\"wpb_wrapper\">\n\t\t\t<h2>\u0110\u1ed5i tr\u1ea3 v\u00e0 \u0111\u1ed5i h\u00e0ng<\/h2>\n<p>Body &amp; Flow s\u1ebd ch\u1ea5p nh\u1eadn \u0111\u1ed5i tr\u1ea3 s\u1ea3n ph\u1ea9m m\u1edbi, ch\u01b0a qua s\u1eed d\u1ee5ng v\u00e0 ch\u01b0a gi\u1eb7t trong v\u00f2ng 30 ng\u00e0y k\u1ec3 t\u1eeb ng\u00e0y giao h\u00e0ng cho \u0111\u01a1n h\u00e0ng \u0111\u1eb7t mua tr\u00ean Website c\u1ee7a ch\u00fang t\u00f4i, v\u1edbi h\u00ecnh th\u1ee9c ho\u00e0n ti\u1ec1n \u0111\u1ea7y \u0111\u1ee7 ho\u1eb7c \u0111\u1ed5i s\u1ea3n ph\u1ea9m. S\u1ea3n ph\u1ea9m \u0111ang khuy\u1ebfn m\u00e3i kh\u00f4ng \u0111\u01b0\u1ee3c \u0111\u1ed5i tr\u1ea3 ho\u1eb7c \u0111\u1ed5i s\u1ea3n ph\u1ea9m.<br \/>\nN\u1ebfu s\u1ea3n ph\u1ea9m c\u1ee7a b\u1ea1n \u0111\u01b0\u1ee3c mua t\u1eeb m\u1ed9t trong c\u00e1c nh\u00e0 b\u00e1n l\u1ebb c\u1ee7a ch\u00fang t\u00f4i, vui l\u00f2ng li\u00ean h\u1ec7 v\u1edbi nh\u00e0 b\u00e1n l\u1ebb \u0111\u00f3 \u0111\u1ec3 bi\u1ebft ch\u00ednh s\u00e1ch \u0111\u1ed5i tr\u1ea3 c\u1ee7a h\u1ecd. Ch\u00fang t\u00f4i kh\u00f4ng th\u1ec3 ch\u1ea5p nh\u1eadn \u0111\u1ed5i tr\u1ea3 cho c\u00e1c s\u1ea3n ph\u1ea9m \u0111\u01b0\u1ee3c mua qua nh\u00e0 b\u00e1n l\u1ebb b\u00ean th\u1ee9 ba.<br \/>\nCh\u00fang t\u00f4i s\u1ebd ho\u00e0n ti\u1ec1n v\u00e0o ph\u01b0\u01a1ng th\u1ee9c thanh to\u00e1n ban \u0111\u1ea7u c\u1ee7a qu\u00fd kh\u00e1ch. Qu\u00fd kh\u00e1ch c\u1ea7n cung c\u1ea5p ch\u1ee9ng t\u1eeb mua h\u00e0ng \u0111\u1ec3 \u0111\u01b0\u1ee3c ho\u00e0n l\u1ea1i to\u00e0n b\u1ed9 gi\u00e1 tr\u1ecb \u0111\u01a1n h\u00e0ng.<br \/>\n\u0110\u1ecba ch\u1ec9 tr\u1ea3 h\u00e0ng c\u1ee7a ch\u00fang t\u00f4i l\u00e0:\u00a0<\/p>\n\n\t\t<\/div>\n\t<\/div><div class=\"separator  transparent\" style=\"\"><\/div>\n\t<div class=\"wpb_text_column wpb_content_element\">\n\t\t<div class=\"wpb_wrapper\">\n\t\t\t<h2>PH\u00c1P LU\u1eacT \u00c1P D\u1ee4NG V\u00c0 TH\u1ea8M QUY\u1ec0N T\u00d2A \u00c1N<\/h2>\n<p>C\u00e1c \u0110i\u1ec1u kho\u1ea3n v\u00e0 \u0110i\u1ec1u ki\u1ec7n n\u00e0y \u0111\u01b0\u1ee3c \u0111i\u1ec1u ch\u1ec9nh v\u00e0 gi\u1ea3i th\u00edch theo lu\u1eadt c\u1ee7a Ti\u1ec3u bang New York, Hoa K\u1ef3.<br \/>\nB\u1ea1n v\u00e0 Body &amp; Flow \u0111\u1ed3ng \u00fd m\u1ed9t c\u00e1ch kh\u00f4ng th\u1ec3 h\u1ee7y ngang tu\u00e2n theo th\u1ea9m quy\u1ec1n \u0111\u1ed9c quy\u1ec1n c\u1ee7a c\u00e1c t\u00f2a \u00e1n c\u1ee7a Ti\u1ec3u bang New York, Hoa K\u1ef3.<\/p>\n\n\t\t<\/div>\n\t<\/div><div class=\"separator  transparent\" style=\"\"><\/div>\n\t<div class=\"wpb_text_column wpb_content_element\">\n\t\t<div class=\"wpb_wrapper\">\n\t\t\t<h2>QUY\u1ec0N RI\u00caNG T\u01af<\/h2>\n<p>Khi truy c\u1eadp ho\u1eb7c s\u1eed d\u1ee5ng trang web, Body &amp; Flow hi\u1ec3u r\u1eb1ng th\u00f4ng tin c\u00e1 nh\u00e2n c\u00f3 th\u1ec3 \u0111\u01b0\u1ee3c y\u00eau c\u1ea7u b\u1edfi ch\u00fang t\u00f4i ho\u1eb7c \u0111\u01b0\u1ee3c b\u1ea1n cung c\u1ea5p th\u00f4ng qua trang web. Body &amp; Flow cam k\u1ebft b\u1ea3o v\u1ec7 quy\u1ec1n ri\u00eang t\u01b0 c\u1ee7a th\u00f4ng tin c\u00e1 nh\u00e2n c\u1ee7a b\u1ea1n.<\/p>\n<p>Theo \u0111\u00f3, b\u1ea5t k\u1ef3 th\u00f4ng tin c\u00e1 nh\u00e2n n\u00e0o b\u1ea1n cung c\u1ea5p qua Trang web s\u1ebd \u0111\u01b0\u1ee3c l\u01b0u tr\u1eef tr\u00ean m\u00e1y ch\u1ee7 web an to\u00e0n c\u1ee7a ch\u00fang t\u00f4i ho\u1eb7c trong c\u00e1c t\u1ec7p tin ri\u00eang t\u01b0. Ch\u00fang t\u00f4i s\u1ebd kh\u00f4ng chia s\u1ebb, b\u00e1n, cho thu\u00ea ho\u1eb7c trao \u0111\u1ed5i th\u00f4ng tin c\u00e1 nh\u00e2n c\u1ee7a b\u1ea1n \u0111\u01b0\u1ee3c thu th\u1eadp qua Trang web v\u1edbi b\u00ean th\u1ee9 ba, tr\u1eeb khi \u0111\u01b0\u1ee3c quy \u0111\u1ecbnh trong \u0110i\u1ec1u kho\u1ea3n v\u00e0 \u0110i\u1ec1u ki\u1ec7n n\u00e0y ho\u1eb7c theo y\u00eau c\u1ea7u c\u1ee7a ph\u00e1p lu\u1eadt. B\u1ea5t k\u1ef3 th\u00f4ng tin c\u00e1 nh\u00e2n n\u00e0o b\u1ea1n cung c\u1ea5p qua Trang web s\u1ebd \u0111\u01b0\u1ee3c x\u1eed l\u00fd c\u1ea9n th\u1eadn v\u00e0 b\u1ea3o m\u1eadt tuy\u1ec7t \u0111\u1ed1i.<\/p>\n<p>Ch\u00fang t\u00f4i c\u00f3 th\u1ec3 cung c\u1ea5p th\u00f4ng tin th\u1ed1ng k\u00ea, nh\u00e2n kh\u1ea9u h\u1ecdc v\u00e0 c\u00e1c th\u00f4ng tin kh\u00e1c kh\u00f4ng ch\u1ee9a th\u00f4ng tin c\u00e1 nh\u00e2n nh\u01b0 m\u1ed9t ph\u1ea7n c\u1ee7a qu\u00e1 tr\u00ecnh c\u1ea3i thi\u1ec7n v\u00e0 t\u1ed1i \u01b0u h\u00f3a Trang web.<\/p>\n<p>Body &amp; Flow c\u00f3 th\u1ec3 \u0111i\u1ec1u ch\u1ec9nh ch\u00ednh s\u00e1ch b\u1ea3o m\u1eadt c\u1ee7a m\u00ecnh b\u1ea5t c\u1ee9 l\u00fac n\u00e0o theo quy \u0111\u1ecbnh c\u1ee7a ph\u00e1p lu\u1eadt. M\u1ed7i khi ch\u00ednh s\u00e1ch b\u1ea3o m\u1eadt \u0111\u01b0\u1ee3c \u0111i\u1ec1u ch\u1ec9nh, c\u00e1c thay \u0111\u1ed5i \u0111\u00f3 s\u1ebd \u0111\u01b0\u1ee3c c\u00f4ng b\u1ed1 tr\u00ean Trang web.<\/p>\n<p>N\u1ebfu b\u1ea1n c\u00f3 b\u1ea5t k\u1ef3 c\u00e2u h\u1ecfi ho\u1eb7c th\u1eafc m\u1eafc n\u00e0o li\u00ean quan \u0111\u1ebfn ch\u00ednh s\u00e1ch b\u1ea3o m\u1eadt c\u1ee7a ch\u00fang t\u00f4i, vui l\u00f2ng li\u00ean h\u1ec7 v\u1edbi ch\u00fang t\u00f4i qua \u0111\u1ecba ch\u1ec9 email info@bodyandflow.com.<\/p>\n\n\t\t<\/div>\n\t<\/div><div class=\"separator  transparent\" style=\"\"><\/div><\/div><\/div><\/div><\/div><\/div><\/div>\n<\/div>","protected":false},"excerpt":{"rendered":"Terms and Condition \u0095 Body &amp; Flow international pilates education programs Terms and Condition \u0095 Body &amp; Flow international pilates education programs ACCEPTANCE OF TERMS AND CONDITIONS The www.BodyandFlow.com website (\u0093the Website\u0094) is owned and operated by Yaza-Media Inc. By accessing or using the Website,...","protected":false},"author":1,"featured_media":0,"parent":0,"menu_order":0,"comment_status":"closed","ping_status":"closed","template":"full_width.php","meta":{"footnotes":""},"class_list":["post-2263","page","type-page","status-publish","hentry"],"_links":{"self":[{"href":"https:\/\/bodyandflow.com\/vi\/wp-json\/wp\/v2\/pages\/2263","targetHints":{"allow":["GET"]}}],"collection":[{"href":"https:\/\/bodyandflow.com\/vi\/wp-json\/wp\/v2\/pages"}],"about":[{"href":"https:\/\/bodyandflow.com\/vi\/wp-json\/wp\/v2\/types\/page"}],"author":[{"embeddable":true,"href":"https:\/\/bodyandflow.com\/vi\/wp-json\/wp\/v2\/users\/1"}],"replies":[{"embeddable":true,"href":"https:\/\/bodyandflow.com\/vi\/wp-json\/wp\/v2\/comments?post=2263"}],"version-history":[{"count":0,"href":"https:\/\/bodyandflow.com\/vi\/wp-json\/wp\/v2\/pages\/2263\/revisions"}],"wp:attachment":[{"href":"https:\/\/bodyandflow.com\/vi\/wp-json\/wp\/v2\/media?parent=2263"}],"curies":[{"name":"wp","href":"https:\/\/api.w.org\/{rel}","templated":true}]}}