{"id":27292,"date":"2019-10-25T09:31:51","date_gmt":"2019-10-25T14:31:51","guid":{"rendered":"https:\/\/www.bodyandflow.com\/?page_id=27292"},"modified":"2019-10-25T11:21:05","modified_gmt":"2019-10-25T16:21:05","slug":"hoac-yah-avni","status":"publish","type":"page","link":"https:\/\/bodyandflow.com\/vi\/huan-luyen-vien-2\/hoac-yah-avni\/","title":{"rendered":"Or-yah Avni"},"content":{"rendered":"<div class=\"wpb-content-wrapper\"><div class=\"vc_row wpb_row section vc_row-fluid  grid_section\" style=' padding-top:40px; text-align:left;'><div class=\"section_inner clearfix\"><div class='section_inner_margin clearfix'><div class=\"element_from_fade\"><div><div class=\"wpb_column vc_column_container vc_col-sm-3 vc_col-has-fill\"><div class=\"vc_column-inner vc_custom_1425209688159\"><div class=\"wpb_wrapper\"><div class='q_team'><div class='q_team_inner'><div class='q_team_image'><img decoding=\"async\" src=\"https:\/\/bodyandflow.com\/wp-content\/uploads\/2013\/06\/Or-Yah.Avni_22-original.png\" alt=\"team_image\"  \/><div class='q_team_social_holder' ><div class='q_team_social'><div class='q_team_social_inner'><span class='q_social_icon_holder with_link circle_social' ><a href='https:\/\/www.facebook.com\/oryah.avni' target='_blank'><span class='fa-stack  circle_social' style=''><i class='social_icon fa fa-facebook'><\/i><\/span><\/a><\/span><span class='q_social_icon_holder with_link circle_social' ><a href='mailto:ory@bodyandflow.com' target='_blank'><span class='fa-stack  circle_social' style=''><i class='social_icon fa fa-envelope'><\/i><\/span><\/a><\/span><span class='q_social_icon_holder with_link circle_social' ><a href='http:\/\/www.or-yah.com' target='_blank'><span class='fa-stack  circle_social' style=''><i class='social_icon fa fa-apple'><\/i><\/span><\/a><\/span><\/div><\/div><\/div><\/div><div class='q_team_text' ><div class='q_team_text_inner'><div class='q_team_title_holder'><h4 class='q_team_name' ><\/h4><\/div><\/div><\/div><\/div><\/div><\/div><\/div><\/div><div class=\"wpb_column vc_column_container vc_col-sm-9\"><div class=\"vc_column-inner vc_custom_1485425044512\"><div class=\"wpb_wrapper\"><div class=\"separator  transparent\" style=\"\"><\/div><div class=\"separator  transparent\" style=\"\"><\/div><div class=\"separator  transparent\" style=\"\"><\/div>\n\t<div class=\"wpb_text_column wpb_content_element\">\n\t\t<div class=\"wpb_wrapper\">\n\t\t\t<h2><span style=\"color: #e6ae48;\">Gi\u00e1m \u0111\u1ed1c<\/span><\/h2>\n\n\t\t<\/div>\n\t<\/div><div class=\"separator  transparent\" style=\"\"><\/div>\n\t<div class=\"wpb_text_column wpb_content_element\">\n\t\t<div class=\"wpb_wrapper\">\n\t\t\t<h3>Or-Yah Avni PMA\u00ae-CPT<\/h3>\n\n\t\t<\/div>\n\t<\/div><div class=\"separator  transparent\" style=\"\"><\/div>\n\t<div class=\"wpb_text_column wpb_content_element\">\n\t\t<div class=\"wpb_wrapper\">\n\t\t\t<p style=\"text-align: justify;\">Or-Yah l\u00e0 m\u1ed9t chuy\u00ean gia l\u00e2u n\u0103m trong l\u0129nh v\u1ef1c v\u1eadn \u0111\u1ed9ng v\u00e0 l\u00e0 m\u1ed9t gi\u1ea3ng vi\u00ean t\u00e0i n\u0103ng, ban \u0111\u1ea7u l\u00e0 m\u1ed9t v\u0169 c\u00f4ng bi\u1ec3u di\u1ec5n v\u00e0 sau n\u00e0y l\u00e0 gi\u1ea3ng vi\u00ean Pilates, Yoga, Garuda v\u00e0 Gyrotonic t\u1ea1i M\u1ef9, Ch\u00e2u \u00c2u v\u00e0 Ch\u00e2u \u00c1. Ngo\u00e0i vi\u1ec7c l\u00e0 m\u1ed9t doanh nh\u00e2n Pilates h\u00e0ng \u0111\u1ea7u t\u1ea1i Th\u00e1i Lan, c\u00f4 \u0111\u00e3 c\u00f3 \u1ea3nh h\u01b0\u1edfng s\u00e2u r\u1ed9ng \u0111\u1ebfn to\u00e0n b\u1ed9 ng\u00e0nh Pilates \u1edf Ch\u00e2u \u00c1. Ory \u0111\u00e3 gi\u1ea3ng d\u1ea1y trong g\u1ea7n 2 th\u1eadp k\u1ef7 v\u00e0 ni\u1ec1m \u0111am m\u00ea c\u1ee7a c\u00f4 th\u1ef1c s\u1ef1 l\u00e2y lan. L\u00e0 ng\u01b0\u1eddi th\u1ea7y c\u1ee7a c\u00e1c th\u1ea7y, trong nhi\u1ec1u n\u0103m qua, Ory \u0111\u00e3 c\u1ea5p ch\u1ee9ng ch\u1ec9 cho h\u01a1n 300 hu\u1ea5n luy\u1ec7n vi\u00ean Pilates t\u1eeb kh\u1eafp n\u01a1i tr\u00ean th\u1ebf gi\u1edbi. Ory \u0111\u00e3 \u0111\u01b0\u1ee3c m\u1eddi gi\u1ea3ng d\u1ea1y t\u1ea1i c\u00e1c h\u1ed9i ngh\u1ecb v\u00e0 l\u1ec5 h\u1ed9i tr\u00ean kh\u1eafp Ch\u00e2u \u00c1 v\u00e0 Ch\u00e2u \u00c2u, v\u00e0 \u0111\u01b0\u1ee3c bi\u1ebft \u0111\u1ebfn v\u1edbi ki\u1ebfn th\u1ee9c s\u00e2u r\u1ed9ng, c\u00e1c l\u1edbp h\u1ecdc \u0111\u01b0\u1ee3c t\u1ed5 ch\u1ee9c b\u00e0i b\u1ea3n v\u00e0 c\u00f3 c\u1ea5u tr\u00fac, nh\u1ea5n m\u1ea1nh k\u1ef9 thu\u1eadt, ngh\u1ec7 thu\u1eadt, k\u1ebft h\u1ee3p c\u00e1c \u0111\u1ed9ng t\u00e1c m\u1ec1m m\u1ea1i, c\u00f4ng vi\u1ec7c th\u1edf v\u00e0 s\u1ef1 vui v\u1ebb.\u0085<\/p>\n\n\t\t<\/div>\n\t<\/div><\/div><\/div><\/div><\/div><\/div><\/div><\/div><\/div><div     class=\"vc_row wpb_row section vc_row-fluid  grid_section full_screen_section\" style='background-color:#ffffff; text-align:left;'><div class=\"section_inner clearfix\"><div class='section_inner_margin clearfix'><div class=\"wpb_column vc_column_container vc_col-sm-3\/5\"><div class=\"vc_column-inner\"><div class=\"wpb_wrapper\"><div class=\"separator  transparent\" style=\"\"><\/div><div  class=\"wpb_widgetised_column wpb_content_element\">\n\t\t<div class=\"wpb_wrapper\">\n\t\t\t\n\t\t\t\n\t\t<\/div>\n\t<\/div>\n<div class=\"separator  transparent\" style=\"\"><\/div><\/div><\/div><\/div><div class=\"wpb_column vc_column_container vc_col-sm-2\/5\"><div class=\"vc_column-inner\"><div class=\"wpb_wrapper\"><div class=\"separator  transparent\" style=\"\"><\/div><div class=\"separator  transparent\" style=\"\"><\/div><div class=\"separator  transparent\" style=\"\"><\/div><script>console.log(\": Slider with alias woocommercesmall-1 not found.\")<\/script>\n<\/div><\/div><\/div><\/div><\/div><\/div>\n<\/div>","protected":false},"excerpt":{"rendered":"Director Or-Yah Avni\u00a0PMA\u00ae-CPT Or-Yah has been a long time movement professional and a talented instructor, first as a performing dancer and later as a Pilates, Yoga, Garuda and Gyrotonic instructor in the US, Europe and Asia. In addition to being Thailand\u0092s Pilates entrepreneur, she has...","protected":false},"author":1,"featured_media":0,"parent":27294,"menu_order":0,"comment_status":"closed","ping_status":"closed","template":"full_width.php","meta":{"footnotes":""},"class_list":["post-27292","page","type-page","status-publish","hentry"],"_links":{"self":[{"href":"https:\/\/bodyandflow.com\/vi\/wp-json\/wp\/v2\/pages\/27292","targetHints":{"allow":["GET"]}}],"collection":[{"href":"https:\/\/bodyandflow.com\/vi\/wp-json\/wp\/v2\/pages"}],"about":[{"href":"https:\/\/bodyandflow.com\/vi\/wp-json\/wp\/v2\/types\/page"}],"author":[{"embeddable":true,"href":"https:\/\/bodyandflow.com\/vi\/wp-json\/wp\/v2\/users\/1"}],"replies":[{"embeddable":true,"href":"https:\/\/bodyandflow.com\/vi\/wp-json\/wp\/v2\/comments?post=27292"}],"version-history":[{"count":0,"href":"https:\/\/bodyandflow.com\/vi\/wp-json\/wp\/v2\/pages\/27292\/revisions"}],"up":[{"embeddable":true,"href":"https:\/\/bodyandflow.com\/vi\/wp-json\/wp\/v2\/pages\/27294"}],"wp:attachment":[{"href":"https:\/\/bodyandflow.com\/vi\/wp-json\/wp\/v2\/media?parent=27292"}],"curies":[{"name":"wp","href":"https:\/\/api.w.org\/{rel}","templated":true}]}}