{"id":27301,"date":"2019-10-25T09:47:32","date_gmt":"2019-10-25T14:47:32","guid":{"rendered":"https:\/\/www.bodyandflow.com\/?page_id=27301"},"modified":"2019-10-25T11:21:09","modified_gmt":"2019-10-25T16:21:09","slug":"orit-bar-artvinsky","status":"publish","type":"page","link":"https:\/\/bodyandflow.com\/vi\/huan-luyen-vien-2\/orit-bar-artvinsky\/","title":{"rendered":"Orit Bar Artvinsky"},"content":{"rendered":"<div class=\"wpb-content-wrapper\"><div class=\"vc_row wpb_row section vc_row-fluid  grid_section\" style=' padding-top:40px; text-align:left;'><div class=\"section_inner clearfix\"><div class='section_inner_margin clearfix'><div class=\"element_from_fade\"><div><div class=\"wpb_column vc_column_container vc_col-sm-3 vc_col-has-fill\"><div class=\"vc_column-inner vc_custom_1425209688159\"><div class=\"wpb_wrapper\"><div class='q_team'><div class='q_team_inner'><div class='q_team_image'><img decoding=\"async\" src=\"https:\/\/bodyandflow.com\/wp-content\/uploads\/2013\/04\/Orit-Bar-Artvinsky2-original.png\" alt=\"team_image\"  \/><div class='q_team_social_holder' ><div class='q_team_social'><div class='q_team_social_inner'><span class='q_social_icon_holder with_link circle_social' ><a href='https:\/\/www.facebook.com\/ority.bar' target='_blank'><span class='fa-stack  circle_social' style=''><i class='social_icon fa fa-facebook'><\/i><\/span><\/a><\/span><span class='q_social_icon_holder with_link circle_social' ><a href='mailto:ority.bar@gmail.com' target='_blank'><span class='fa-stack  circle_social' style=''><i class='social_icon fa fa-envelope'><\/i><\/span><\/a><\/span><span class='q_social_icon_holder with_link circle_social' ><a href='http:\/\/www.pelepilates.com\/' target='_blank'><span class='fa-stack  circle_social' style=''><i class='social_icon fa fa-apple'><\/i><\/span><\/a><\/span><\/div><\/div><\/div><\/div><div class='q_team_text' ><div class='q_team_text_inner'><div class='q_team_title_holder'><h4 class='q_team_name' ><\/h4><\/div><\/div><\/div><\/div><\/div><\/div><\/div><\/div><div class=\"wpb_column vc_column_container vc_col-sm-9\"><div class=\"vc_column-inner\"><div class=\"wpb_wrapper\"><div class=\"separator  transparent\" style=\"\"><\/div><div class=\"separator  transparent\" style=\"\"><\/div><div class=\"separator  transparent\" style=\"\"><\/div>\n\t<div class=\"wpb_text_column wpb_content_element\">\n\t\t<div class=\"wpb_wrapper\">\n\t\t\t<h2><span style=\"color: #e6ae48;\">Gi\u1ea3ng vi\u00ean \u0111\u00e0o t\u1ea1o gi\u00e1o vi\u00ean Pilates<\/span> \u0095 Israel<\/h2>\n\n\t\t<\/div>\n\t<\/div><div class=\"separator  transparent\" style=\"\"><\/div>\n\t<div class=\"wpb_text_column wpb_content_element\">\n\t\t<div class=\"wpb_wrapper\">\n\t\t\t<h3>Orit Bar Artvinsky<\/h3>\n\n\t\t<\/div>\n\t<\/div><div class=\"separator  transparent\" style=\"\"><\/div>\n\t<div class=\"wpb_text_column wpb_content_element\">\n\t\t<div class=\"wpb_wrapper\">\n\t\t\t<p style=\"text-align: justify;\">Orit Bar-Artvinsky l\u00e0 ch\u1ee7 s\u1edf h\u1eefu c\u1ee7a studio Pele Pilates t\u1ea1i Israel. C\u00f4 l\u00e0 m\u1ed9t hu\u1ea5n luy\u1ec7n vi\u00ean Pilates \u0111\u01b0\u1ee3c ch\u1ee9ng nh\u1eadn, ban \u0111\u1ea7u \u0111\u01b0\u1ee3c \u0111\u00e0o t\u1ea1o t\u1ea1i Pretoria, Nam Phi, v\u00e0 sau \u0111\u00f3 ti\u1ebfp t\u1ee5c h\u1ecdc t\u1eadp \u0111\u1ec3 \u0111\u1ea1t \u0111\u01b0\u1ee3c c\u00e1c ch\u1ee9ng ch\u1ec9 b\u1ed5 sung t\u1eeb Peak Pilates, Physical Mind Institute v\u00e0 tr\u1edf th\u00e0nh Hu\u1ea5n luy\u1ec7n vi\u00ean Chuy\u00ean gia cho Body &amp; Flow. Trong nhi\u1ec1u n\u0103m, c\u00f4 \u0111\u00e3 m\u1edf r\u1ed9ng ki\u1ebfn th\u1ee9c v\u00e0 kinh nghi\u1ec7m c\u1ee7a m\u00ecnh trong l\u0129nh v\u1ef1c ph\u1ee5c h\u1ed3i ch\u1ee9c n\u0103ng, Pilates cho ph\u1ee5 n\u1eef mang thai, Pilates \u0111\u1ee9ng v\u00e0 nhi\u1ec1u l\u0129nh v\u1ef1c kh\u00e1c. C\u00f4 tin r\u1eb1ng s\u1ee9c m\u1ea1nh c\u1ee7a ph\u01b0\u01a1ng ph\u00e1p Pilates n\u1eb1m \u1edf vi\u1ec7c n\u00f3 lu\u00f4n mang l\u1ea1i hi\u1ec7u qu\u1ea3. Tr\u1edf th\u00e0nh Hu\u1ea5n luy\u1ec7n vi\u00ean Chuy\u00ean gia, theo quan \u0111i\u1ec3m c\u1ee7a c\u00f4, mang l\u1ea1i cho c\u00f4\u7279\u6743 \u0111\u1ec3 chia s\u1ebb v\u1edbi ng\u01b0\u1eddi kh\u00e1c nh\u1eefng \u0111i\u1ec1u k\u1ef3 di\u1ec7u c\u1ee7a ph\u01b0\u01a1ng ph\u00e1p n\u00e0y.<\/p>\n\n\t\t<\/div>\n\t<\/div><\/div><\/div><\/div><\/div><\/div><\/div><\/div><\/div><div     class=\"vc_row wpb_row section vc_row-fluid  grid_section full_screen_section\" style='background-color:#ffffff; text-align:left;'><div class=\"section_inner clearfix\"><div class='section_inner_margin clearfix'><div class=\"wpb_column vc_column_container vc_col-sm-3\/5\"><div class=\"vc_column-inner\"><div class=\"wpb_wrapper\"><div class=\"separator  transparent\" style=\"\"><\/div><div  class=\"wpb_widgetised_column wpb_content_element\">\n\t\t<div class=\"wpb_wrapper\">\n\t\t\t\n\t\t\t\n\t\t<\/div>\n\t<\/div>\n<div class=\"separator  transparent\" style=\"\"><\/div><\/div><\/div><\/div><div class=\"wpb_column vc_column_container vc_col-sm-2\/5\"><div class=\"vc_column-inner\"><div class=\"wpb_wrapper\"><div class=\"separator  transparent\" style=\"\"><\/div><div class=\"separator  transparent\" style=\"\"><\/div><div class=\"separator  transparent\" style=\"\"><\/div><script>console.log(\": Slider with alias woocommercesmall-1 not found.\")<\/script>\n<\/div><\/div><\/div><\/div><\/div><\/div>\n<\/div>","protected":false},"excerpt":{"rendered":"Pilates Teacher Trainer \u0095 Israel Orit Bar Artvinsky Orit Bar-Artvinsky is the owner of Pele Pilates studio in Israel. She\u00a0is a certified Pilates instructor originally trained in Pretoria, South Africa, and\u00a0later studied for additional certifications with Peak Pilates, Physical Mind Institute and became a Master...","protected":false},"author":1,"featured_media":0,"parent":27294,"menu_order":0,"comment_status":"closed","ping_status":"closed","template":"full_width.php","meta":{"footnotes":""},"class_list":["post-27301","page","type-page","status-publish","hentry"],"_links":{"self":[{"href":"https:\/\/bodyandflow.com\/vi\/wp-json\/wp\/v2\/pages\/27301","targetHints":{"allow":["GET"]}}],"collection":[{"href":"https:\/\/bodyandflow.com\/vi\/wp-json\/wp\/v2\/pages"}],"about":[{"href":"https:\/\/bodyandflow.com\/vi\/wp-json\/wp\/v2\/types\/page"}],"author":[{"embeddable":true,"href":"https:\/\/bodyandflow.com\/vi\/wp-json\/wp\/v2\/users\/1"}],"replies":[{"embeddable":true,"href":"https:\/\/bodyandflow.com\/vi\/wp-json\/wp\/v2\/comments?post=27301"}],"version-history":[{"count":0,"href":"https:\/\/bodyandflow.com\/vi\/wp-json\/wp\/v2\/pages\/27301\/revisions"}],"up":[{"embeddable":true,"href":"https:\/\/bodyandflow.com\/vi\/wp-json\/wp\/v2\/pages\/27294"}],"wp:attachment":[{"href":"https:\/\/bodyandflow.com\/vi\/wp-json\/wp\/v2\/media?parent=27301"}],"curies":[{"name":"wp","href":"https:\/\/api.w.org\/{rel}","templated":true}]}}