{"id":27302,"date":"2019-10-25T09:49:44","date_gmt":"2019-10-25T14:49:44","guid":{"rendered":"https:\/\/www.bodyandflow.com\/?page_id=27302"},"modified":"2019-10-25T11:21:10","modified_gmt":"2019-10-25T16:21:10","slug":"zainub-abbas","status":"publish","type":"page","link":"https:\/\/bodyandflow.com\/vi\/huan-luyen-vien-2\/zainub-abbas\/","title":{"rendered":"Zainub Abbas"},"content":{"rendered":"<div class=\"wpb-content-wrapper\"><div class=\"vc_row wpb_row section vc_row-fluid  grid_section\" style=' padding-top:40px; text-align:left;'><div class=\"section_inner clearfix\"><div class='section_inner_margin clearfix'><div class=\"element_from_fade\"><div><div class=\"wpb_column vc_column_container vc_col-sm-3 vc_col-has-fill\"><div class=\"vc_column-inner vc_custom_1425209688159\"><div class=\"wpb_wrapper\"><div class='q_team'><div class='q_team_inner'><div class='q_team_image'><img decoding=\"async\" src=\"https:\/\/bodyandflow.com\/wp-content\/uploads\/2013\/06\/Zainub.Abbas_11-original.png\" alt=\"team_image\"  \/><div class='q_team_social_holder' ><div class='q_team_social'><div class='q_team_social_inner'><span class='q_social_icon_holder with_link circle_social' ><a href='https:\/\/www.facebook.com\/zainub.abbas' target='_blank'><span class='fa-stack  circle_social' style=''><i class='social_icon fa fa-facebook'><\/i><\/span><\/a><\/span><span class='q_social_icon_holder with_link circle_social' ><a href='mailto:lughat@hotmail.com' target='_blank'><span class='fa-stack  circle_social' style=''><i class='social_icon fa fa-envelope'><\/i><\/span><\/a><\/span><span class='q_social_icon_holder with_link circle_social' ><a href='http:\/\/www.route2pilates.com' target='_blank'><span class='fa-stack  circle_social' style=''><i class='social_icon fa fa-apple'><\/i><\/span><\/a><\/span><\/div><\/div><\/div><\/div><div class='q_team_text' ><div class='q_team_text_inner'><div class='q_team_title_holder'><h4 class='q_team_name' ><\/h4><\/div><div class=\"q_team_skills_holder\"><\/div><\/div><\/div><\/div><\/div><\/div><\/div><\/div><div class=\"wpb_column vc_column_container vc_col-sm-9\"><div class=\"vc_column-inner\"><div class=\"wpb_wrapper\"><div class=\"separator  transparent\" style=\"\"><\/div><div class=\"separator  transparent\" style=\"\"><\/div><div class=\"separator  transparent\" style=\"\"><\/div>\n\t<div class=\"wpb_text_column wpb_content_element\">\n\t\t<div class=\"wpb_wrapper\">\n\t\t\t<h2><span style=\"color: #e6ae48;\">Gi\u1ea3ng vi\u00ean \u0111\u00e0o t\u1ea1o gi\u00e1o vi\u00ean Pilates<\/span> \u0095 Pakistan<\/h2>\n\n\t\t<\/div>\n\t<\/div><div class=\"separator  transparent\" style=\"\"><\/div>\n\t<div class=\"wpb_text_column wpb_content_element\">\n\t\t<div class=\"wpb_wrapper\">\n\t\t\t<h3>Zainub Abbas<\/h3>\n\n\t\t<\/div>\n\t<\/div><div class=\"separator  transparent\" style=\"\"><\/div>\n\t<div class=\"wpb_text_column wpb_content_element\">\n\t\t<div class=\"wpb_wrapper\">\n\t\t\t<p style=\"text-align: justify;\">Zainub Abbas \u0111\u00e3 ho\u00e0n th\u00e0nh ch\u1ee9ng ch\u1ec9 Pilates t\u1ea1i Ory v\u00e0o n\u0103m 2009 v\u00e0 ngay l\u1eadp t\u1ee9c m\u1edf studio ri\u00eang c\u1ee7a m\u00ecnh. Hi\u1ec7n nay, c\u00f4 \u0111\u01b0\u1ee3c coi l\u00e0 m\u1ed9t trong nh\u1eefng ng\u01b0\u1eddi ti\u00ean phong trong l\u0129nh v\u1ef1c Pilates t\u1ea1i Lahore, Pakistan, v\u1edbi s\u1ed1 l\u01b0\u1ee3ng h\u1ecdc vi\u00ean ng\u00e0y c\u00e0ng t\u0103ng. G\u1ea7n \u0111\u00e2y, c\u00f4 \u0111\u00e3 \u0111\u01b0\u1ee3c gi\u1edbi thi\u1ec7u tr\u00ean t\u1ea1p ch\u00ed Hello Magazine v\u1edbi t\u01b0 c\u00e1ch l\u00e0 m\u1ed9t chuy\u00ean gia v\u1ec1 s\u1ee9c kh\u1ecfe v\u00e0 th\u1ec3 d\u1ee5c. C\u00f4 c\u0169ng \u0111\u00e3 tham gia nhi\u1ec1u kh\u00f3a \u0111\u00e0o t\u1ea1o, bao g\u1ed3m c\u1ea3 c\u00e1c kh\u00f3a v\u1ec1 ph\u1ee5c h\u1ed3i ch\u1ee9c n\u0103ng th\u00f4ng qua Pilates. C\u00f4 tin r\u1eb1ng vi\u1ec7c t\u1eadp Pilates \u0111\u1ec1u \u0111\u1eb7n s\u1ebd mang l\u1ea1i s\u1ef1 thay \u0111\u1ed5i t\u00edch c\u1ef1c cho c\u01a1 th\u1ec3, t\u0103ng c\u01b0\u1eddng s\u1ee9c s\u1ed1ng, gi\u1ea3m stress v\u00e0 gi\u00fap x\u00e2y d\u1ef1ng m\u1ed9t l\u1ed1i s\u1ed1ng l\u00e0nh m\u1ea1nh m\u1edbi.<\/p>\n\n\t\t<\/div>\n\t<\/div><\/div><\/div><\/div><\/div><\/div><\/div><\/div><\/div><div     class=\"vc_row wpb_row section vc_row-fluid  grid_section full_screen_section\" style='background-color:#ffffff; text-align:left;'><div class=\"section_inner clearfix\"><div class='section_inner_margin clearfix'><div class=\"wpb_column vc_column_container vc_col-sm-3\/5\"><div class=\"vc_column-inner\"><div class=\"wpb_wrapper\"><div class=\"separator  transparent\" style=\"\"><\/div><div  class=\"wpb_widgetised_column wpb_content_element\">\n\t\t<div class=\"wpb_wrapper\">\n\t\t\t\n\t\t\t\n\t\t<\/div>\n\t<\/div>\n<div class=\"separator  transparent\" style=\"\"><\/div><\/div><\/div><\/div><div class=\"wpb_column vc_column_container vc_col-sm-2\/5\"><div class=\"vc_column-inner\"><div class=\"wpb_wrapper\"><div class=\"separator  transparent\" style=\"\"><\/div><div class=\"separator  transparent\" style=\"\"><\/div><div class=\"separator  transparent\" style=\"\"><\/div><script>console.log(\": Slider with alias woocommercesmall-1 not found.\")<\/script>\n<\/div><\/div><\/div><\/div><\/div><\/div>\n<\/div>","protected":false},"excerpt":{"rendered":"Pilates Teacher Trainer \u0095 Pakistan Zainub Abbas Zainub Abbas did her certification with Ory in 2009 and immediately opened her own studio. She is now considered a pioneer of Pilates in Lahore, Pakistan with a steady growth of students. Recently she was featured in Hello...","protected":false},"author":1,"featured_media":0,"parent":27294,"menu_order":0,"comment_status":"closed","ping_status":"closed","template":"full_width.php","meta":{"footnotes":""},"class_list":["post-27302","page","type-page","status-publish","hentry"],"_links":{"self":[{"href":"https:\/\/bodyandflow.com\/vi\/wp-json\/wp\/v2\/pages\/27302","targetHints":{"allow":["GET"]}}],"collection":[{"href":"https:\/\/bodyandflow.com\/vi\/wp-json\/wp\/v2\/pages"}],"about":[{"href":"https:\/\/bodyandflow.com\/vi\/wp-json\/wp\/v2\/types\/page"}],"author":[{"embeddable":true,"href":"https:\/\/bodyandflow.com\/vi\/wp-json\/wp\/v2\/users\/1"}],"replies":[{"embeddable":true,"href":"https:\/\/bodyandflow.com\/vi\/wp-json\/wp\/v2\/comments?post=27302"}],"version-history":[{"count":0,"href":"https:\/\/bodyandflow.com\/vi\/wp-json\/wp\/v2\/pages\/27302\/revisions"}],"up":[{"embeddable":true,"href":"https:\/\/bodyandflow.com\/vi\/wp-json\/wp\/v2\/pages\/27294"}],"wp:attachment":[{"href":"https:\/\/bodyandflow.com\/vi\/wp-json\/wp\/v2\/media?parent=27302"}],"curies":[{"name":"wp","href":"https:\/\/api.w.org\/{rel}","templated":true}]}}