{"id":27305,"date":"2019-10-25T09:52:51","date_gmt":"2019-10-25T14:52:51","guid":{"rendered":"https:\/\/www.bodyandflow.com\/?page_id=27305"},"modified":"2019-10-25T11:21:23","modified_gmt":"2019-10-25T16:21:23","slug":"canh-alveus","status":"publish","type":"page","link":"https:\/\/bodyandflow.com\/vi\/huan-luyen-vien-2\/canh-alveus\/","title":{"rendered":"C\u00e1nh Alveus"},"content":{"rendered":"<div class=\"wpb-content-wrapper\"><div class=\"vc_row wpb_row section vc_row-fluid  grid_section\" style=' padding-top:40px; text-align:left;'><div class=\"section_inner clearfix\"><div class='section_inner_margin clearfix'><div class=\"element_from_fade\"><div><div class=\"wpb_column vc_column_container vc_col-sm-3 vc_col-has-fill\"><div class=\"vc_column-inner vc_custom_1425209688159\"><div class=\"wpb_wrapper\"><div class='q_team'><div class='q_team_inner'><div class='q_team_image'><img decoding=\"async\" src=\"https:\/\/bodyandflow.com\/wp-content\/uploads\/2016\/08\/Aile-Alveus-1-original-e1708356058452.png\" alt=\"team_image\"  \/><div class='q_team_social_holder' ><div class='q_team_social'><div class='q_team_social_inner'><span class='q_social_icon_holder with_link circle_social' ><a href='https:\/\/www.facebook.com\/aile.alveuskrautmann' target='_blank'><span class='fa-stack  circle_social' style=''><i class='social_icon fa fa-facebook'><\/i><\/span><\/a><\/span><span class='q_social_icon_holder with_link circle_social' ><a href='mailto:aile.alveus@gmail.com' target='_blank'><span class='fa-stack  circle_social' style=''><i class='social_icon fa fa-envelope'><\/i><\/span><\/a><\/span><\/div><\/div><\/div><\/div><div class='q_team_text' ><div class='q_team_text_inner'><div class='q_team_title_holder'><h4 class='q_team_name' ><\/h4><\/div><div class=\"q_team_skills_holder\"><\/div><\/div><\/div><\/div><\/div><\/div><\/div><\/div><div class=\"wpb_column vc_column_container vc_col-sm-9\"><div class=\"vc_column-inner\"><div class=\"wpb_wrapper\"><div class=\"separator  transparent\" style=\"\"><\/div><div class=\"separator  transparent\" style=\"\"><\/div><div class=\"separator  transparent\" style=\"\"><\/div>\n\t<div class=\"wpb_text_column wpb_content_element\">\n\t\t<div class=\"wpb_wrapper\">\n\t\t\t<h2><span style=\"color: #e6ae48;\">Gi\u1ea3ng vi\u00ean \u0111\u00e0o t\u1ea1o gi\u00e1o vi\u00ean Pilates<\/span> \u0095 Estonia<\/h2>\n\n\t\t<\/div>\n\t<\/div><div class=\"separator  transparent\" style=\"\"><\/div>\n\t<div class=\"wpb_text_column wpb_content_element\">\n\t\t<div class=\"wpb_wrapper\">\n\t\t\t<h3>C\u00e1nh Alveus<\/h3>\n\n\t\t<\/div>\n\t<\/div><div class=\"separator  transparent\" style=\"\"><\/div>\n\t<div class=\"wpb_text_column wpb_content_element\">\n\t\t<div class=\"wpb_wrapper\">\n\t\t\t<p style=\"text-align: justify;\">Aile b\u1eaft \u0111\u1ea7u t\u1eadp Pilates v\u00e0o n\u0103m 2006 do b\u1ecb \u0111au l\u01b0ng d\u01b0\u1edbi. Sau khi \u0111\u01b0\u1ee3c \u0111i\u1ec1u tr\u1ecb v\u00e0 tr\u1edf n\u00ean kh\u1ecfe m\u1ea1nh h\u01a1n, c\u00f4 quy\u1ebft \u0111\u1ecbnh theo \u0111u\u1ed5i s\u1ef1 nghi\u1ec7p gi\u1ea3ng d\u1ea1y Pilates \u0111\u1ec3 gi\u00fap ng\u01b0\u1eddi kh\u00e1c c\u0169ng c\u1ea3m nh\u1eadn \u0111\u01b0\u1ee3c l\u1ee3i \u00edch c\u1ee7a ph\u01b0\u01a1ng ph\u00e1p n\u00e0y. C\u00f4 b\u1eaft \u0111\u1ea7u h\u1ecdc Pilates v\u1edbi Kelly McKinnon, v\u00e0 sau nhi\u1ec1u n\u0103m l\u00e0m vi\u1ec7c v\u00e0 h\u1ecdc t\u1eadp, c\u00f4 tr\u1edf th\u00e0nh h\u1ecdc tr\u00f2 c\u1ee7a Or-Yah Avni, ho\u00e0n th\u00e0nh l\u1ea1i to\u00e0n b\u1ed9 kh\u00f3a \u0111\u00e0o t\u1ea1o v\u00e0 nhi\u1ec1u h\u01a1n th\u1ebf. Aile m\u1edf m\u1ed9t studio t\u1ea1i Tallinn N\u00f5mme v\u00e0o m\u00f9a xu\u00e2n n\u0103m 2014 v\u00e0 hi\u1ec7n \u0111ang b\u1eaft \u0111\u1ea7u gi\u1ea3ng d\u1ea1y cho c\u00e1c gi\u00e1o vi\u00ean v\u00e0 h\u1ecdc vi\u00ean m\u1edbi t\u1ea1i \u0111\u00f3. C\u00f4 c\u0169ng gi\u1ea3ng d\u1ea1y c\u00e1c l\u1edbp bodyART v\u00e0 spinning, \u0111\u1ed3ng th\u1eddi d\u1ea1y nh\u1ea1c t\u1ea1i m\u1ed9t tr\u01b0\u1eddng h\u1ecdc \u0111\u1ecba ph\u01b0\u01a1ng.<\/p>\n\n\t\t<\/div>\n\t<\/div><\/div><\/div><\/div><\/div><\/div><\/div><\/div><\/div><div     class=\"vc_row wpb_row section vc_row-fluid  grid_section full_screen_section\" style='background-color:#ffffff; text-align:left;'><div class=\"section_inner clearfix\"><div class='section_inner_margin clearfix'><div class=\"wpb_column vc_column_container vc_col-sm-3\/5\"><div class=\"vc_column-inner\"><div class=\"wpb_wrapper\"><div class=\"separator  transparent\" style=\"\"><\/div><div  class=\"wpb_widgetised_column wpb_content_element\">\n\t\t<div class=\"wpb_wrapper\">\n\t\t\t\n\t\t\t\n\t\t<\/div>\n\t<\/div>\n<div class=\"separator  transparent\" style=\"\"><\/div><\/div><\/div><\/div><div class=\"wpb_column vc_column_container vc_col-sm-2\/5\"><div class=\"vc_column-inner\"><div class=\"wpb_wrapper\"><div class=\"separator  transparent\" style=\"\"><\/div><div class=\"separator  transparent\" style=\"\"><\/div><div class=\"separator  transparent\" style=\"\"><\/div><script>console.log(\": Slider with alias woocommercesmall-1 not found.\")<\/script>\n<\/div><\/div><\/div><\/div><\/div><\/div>\n<\/div>","protected":false},"excerpt":{"rendered":"Pilates Teacher Trainer \u0095\u00a0Estonia Aile Alveus Aile found Pilates in 2006 due to pain in her lower back. After getting help for those issues and becoming more healthy and strong, she decided to pursue a career as a pilates teacher to help others feel the...","protected":false},"author":1,"featured_media":0,"parent":27294,"menu_order":0,"comment_status":"closed","ping_status":"closed","template":"full_width.php","meta":{"footnotes":""},"class_list":["post-27305","page","type-page","status-publish","hentry"],"_links":{"self":[{"href":"https:\/\/bodyandflow.com\/vi\/wp-json\/wp\/v2\/pages\/27305","targetHints":{"allow":["GET"]}}],"collection":[{"href":"https:\/\/bodyandflow.com\/vi\/wp-json\/wp\/v2\/pages"}],"about":[{"href":"https:\/\/bodyandflow.com\/vi\/wp-json\/wp\/v2\/types\/page"}],"author":[{"embeddable":true,"href":"https:\/\/bodyandflow.com\/vi\/wp-json\/wp\/v2\/users\/1"}],"replies":[{"embeddable":true,"href":"https:\/\/bodyandflow.com\/vi\/wp-json\/wp\/v2\/comments?post=27305"}],"version-history":[{"count":0,"href":"https:\/\/bodyandflow.com\/vi\/wp-json\/wp\/v2\/pages\/27305\/revisions"}],"up":[{"embeddable":true,"href":"https:\/\/bodyandflow.com\/vi\/wp-json\/wp\/v2\/pages\/27294"}],"wp:attachment":[{"href":"https:\/\/bodyandflow.com\/vi\/wp-json\/wp\/v2\/media?parent=27305"}],"curies":[{"name":"wp","href":"https:\/\/api.w.org\/{rel}","templated":true}]}}