{"id":27307,"date":"2019-10-25T09:54:59","date_gmt":"2019-10-25T14:54:59","guid":{"rendered":"https:\/\/www.bodyandflow.com\/?page_id=27307"},"modified":"2019-10-25T11:21:28","modified_gmt":"2019-10-25T16:21:28","slug":"helena-yan","status":"publish","type":"page","link":"https:\/\/bodyandflow.com\/vi\/huan-luyen-vien-2\/helena-yan\/","title":{"rendered":"Helena Yan"},"content":{"rendered":"<div class=\"wpb-content-wrapper\"><div class=\"vc_row wpb_row section vc_row-fluid  grid_section\" style=' padding-top:40px; text-align:left;'><div class=\"section_inner clearfix\"><div class='section_inner_margin clearfix'><div class=\"element_from_fade\"><div><div class=\"wpb_column vc_column_container vc_col-sm-3 vc_col-has-fill\"><div class=\"vc_column-inner vc_custom_1425209688159\"><div class=\"wpb_wrapper\"><div class='q_team'><div class='q_team_inner'><div class='q_team_image'><img decoding=\"async\" src=\"\" alt=\"team_image\"  \/><div class='q_team_social_holder' ><div class='q_team_social'><div class='q_team_social_inner'><span class='q_social_icon_holder with_link circle_social' ><a href='https:\/\/www.facebook.com\/he.yan.9843' target='_blank'><span class='fa-stack  circle_social' style=''><i class='social_icon fa fa-facebook'><\/i><\/span><\/a><\/span><span class='q_social_icon_holder with_link circle_social' ><a href='mailto:xiaohe80@gmail.com' target='_blank'><span class='fa-stack  circle_social' style=''><i class='social_icon fa fa-envelope'><\/i><\/span><\/a><\/span><\/div><\/div><\/div><\/div><div class='q_team_text' ><div class='q_team_text_inner'><div class='q_team_title_holder'><h4 class='q_team_name' ><\/h4><\/div><div class=\"q_team_skills_holder\"><\/div><\/div><\/div><\/div><\/div><\/div><\/div><\/div><div class=\"wpb_column vc_column_container vc_col-sm-9\"><div class=\"vc_column-inner\"><div class=\"wpb_wrapper\"><div class=\"separator  transparent\" style=\"\"><\/div><div class=\"separator  transparent\" style=\"\"><\/div><div class=\"separator  transparent\" style=\"\"><\/div>\n\t<div class=\"wpb_text_column wpb_content_element\">\n\t\t<div class=\"wpb_wrapper\">\n\t\t\t<h2><span style=\"color: #e6ae48;\">Gi\u1ea3ng vi\u00ean \u0111\u00e0o t\u1ea1o gi\u00e1o vi\u00ean Pilates<\/span> \u0095 L\u00e0o<\/h2>\n\n\t\t<\/div>\n\t<\/div><div class=\"separator  transparent\" style=\"\"><\/div>\n\t<div class=\"wpb_text_column wpb_content_element\">\n\t\t<div class=\"wpb_wrapper\">\n\t\t\t<h3 class=\"p1\"><span class=\"s1\">Helena Yan<\/span><\/h3>\n\n\t\t<\/div>\n\t<\/div><div class=\"separator  transparent\" style=\"\"><\/div>\n\t<div class=\"wpb_text_column wpb_content_element\">\n\t\t<div class=\"wpb_wrapper\">\n\t\t\t<p class=\"p1\" style=\"text-align: justify;\"><span class=\"s1\">Helena, m\u1ed9t c\u00f4ng d\u00e2n Trung Qu\u1ed1c, \u0111\u00e3 b\u1eaft \u0111\u1ea7u s\u1ef1 nghi\u1ec7p gi\u1ea3ng d\u1ea1y Pilates ch\u00ednh th\u1ee9c sau nhi\u1ec1u n\u0103m luy\u1ec7n t\u1eadp. C\u00f4 d\u00e0nh ph\u1ea7n l\u1edbn th\u1eddi gian c\u1ee7a m\u00ecnh cho vi\u1ec7c luy\u1ec7n t\u1eadp, gi\u1ea3ng d\u1ea1y v\u00e0 nghi\u00ean c\u1ee9u Pilates. Helena tin r\u1eb1ng ph\u01b0\u01a1ng ph\u00e1p Pilates ph\u00f9 h\u1ee3p v\u1edbi m\u1ecdi l\u1ee9a tu\u1ed5i. N\u00f3 gi\u00fap con ng\u01b0\u1eddi tr\u1edf n\u00ean m\u1ea1nh m\u1ebd v\u00e0 t\u1ef1 tin, tr\u00f4ng \u0111\u1eb9p v\u00e0 c\u1ea3m th\u1ea5y tho\u1ea3i m\u00e1i. C\u00f4 xem Pilates nh\u01b0 m\u1ed9t l\u1ed1i s\u1ed1ng ch\u1ee9 kh\u00f4ng ch\u1ec9 l\u00e0 m\u1ed9t c\u00e1ch t\u1eadp luy\u1ec7n.\u00a0<\/span><\/p>\n<p class=\"p1\" style=\"text-align: justify;\"><span class=\"s1\">V\u00e0o \u0111\u1ea7u n\u0103m 2015, c\u00f4 \u0111\u00e3 ho\u00e0n th\u00e0nh Ch\u01b0\u01a1ng tr\u00ecnh \u0110\u00e0o t\u1ea1o Hu\u1ea5n luy\u1ec7n Vi\u00ean Pilates Mat Transmittal t\u1ea1i Bangkok v\u1edbi Body &amp; Flow v\u00e0 t\u1ef1 h\u00e0o mang \u0111\u1ebfn c\u00e1c kh\u00f3a h\u1ecdc Pilates ch\u1ea5t l\u01b0\u1ee3ng v\u00e0 d\u1ec5 ti\u1ebfp c\u1eadn cho ng\u01b0\u1eddi d\u00e2n \u1edf ch\u00e2u \u00c1.\u00a0<\/span><\/p>\n\n\t\t<\/div>\n\t<\/div><\/div><\/div><\/div><\/div><\/div><\/div><\/div><\/div><div     class=\"vc_row wpb_row section vc_row-fluid  grid_section full_screen_section\" style='background-color:#ffffff; text-align:left;'><div class=\"section_inner clearfix\"><div class='section_inner_margin clearfix'><div class=\"wpb_column vc_column_container vc_col-sm-3\/5\"><div class=\"vc_column-inner\"><div class=\"wpb_wrapper\"><div class=\"separator  transparent\" style=\"\"><\/div><div  class=\"wpb_widgetised_column wpb_content_element\">\n\t\t<div class=\"wpb_wrapper\">\n\t\t\t\n\t\t\t\n\t\t<\/div>\n\t<\/div>\n<div class=\"separator  transparent\" style=\"\"><\/div><\/div><\/div><\/div><div class=\"wpb_column vc_column_container vc_col-sm-2\/5\"><div class=\"vc_column-inner\"><div class=\"wpb_wrapper\"><div class=\"separator  transparent\" style=\"\"><\/div><div class=\"separator  transparent\" style=\"\"><\/div><div class=\"separator  transparent\" style=\"\"><\/div><script>console.log(\": Slider with alias woocommercesmall-1 not found.\")<\/script>\n<\/div><\/div><\/div><\/div><\/div><\/div>\n<\/div>","protected":false},"excerpt":{"rendered":"Pilates Teacher Trainer \u0095\u00a0Laos Helena Yan Chinese national, Helena started her formal Pilates teaching career after years of practice. She dedicates the majority of her time in practicing, teaching and understanding Pilates. Helena believes that the methodology of Pilates is suitable for all ages. It...","protected":false},"author":1,"featured_media":0,"parent":27294,"menu_order":0,"comment_status":"closed","ping_status":"closed","template":"full_width.php","meta":{"footnotes":""},"class_list":["post-27307","page","type-page","status-publish","hentry"],"_links":{"self":[{"href":"https:\/\/bodyandflow.com\/vi\/wp-json\/wp\/v2\/pages\/27307","targetHints":{"allow":["GET"]}}],"collection":[{"href":"https:\/\/bodyandflow.com\/vi\/wp-json\/wp\/v2\/pages"}],"about":[{"href":"https:\/\/bodyandflow.com\/vi\/wp-json\/wp\/v2\/types\/page"}],"author":[{"embeddable":true,"href":"https:\/\/bodyandflow.com\/vi\/wp-json\/wp\/v2\/users\/1"}],"replies":[{"embeddable":true,"href":"https:\/\/bodyandflow.com\/vi\/wp-json\/wp\/v2\/comments?post=27307"}],"version-history":[{"count":0,"href":"https:\/\/bodyandflow.com\/vi\/wp-json\/wp\/v2\/pages\/27307\/revisions"}],"up":[{"embeddable":true,"href":"https:\/\/bodyandflow.com\/vi\/wp-json\/wp\/v2\/pages\/27294"}],"wp:attachment":[{"href":"https:\/\/bodyandflow.com\/vi\/wp-json\/wp\/v2\/media?parent=27307"}],"curies":[{"name":"wp","href":"https:\/\/api.w.org\/{rel}","templated":true}]}}