{"id":27308,"date":"2019-10-25T09:55:37","date_gmt":"2019-10-25T14:55:37","guid":{"rendered":"https:\/\/www.bodyandflow.com\/?page_id=27308"},"modified":"2019-10-25T11:21:30","modified_gmt":"2019-10-25T16:21:30","slug":"nicola-caswell","status":"publish","type":"page","link":"https:\/\/bodyandflow.com\/vi\/huan-luyen-vien-2\/nicola-caswell\/","title":{"rendered":"Nicola Caswell"},"content":{"rendered":"<div class=\"wpb-content-wrapper\"><div class=\"vc_row wpb_row section vc_row-fluid  grid_section\" style=' padding-top:40px; text-align:left;'><div class=\"section_inner clearfix\"><div class='section_inner_margin clearfix'><div class=\"element_from_fade\"><div><div class=\"wpb_column vc_column_container vc_col-sm-3 vc_col-has-fill\"><div class=\"vc_column-inner vc_custom_1425209688159\"><div class=\"wpb_wrapper\"><div class='q_team'><div class='q_team_inner'><div class='q_team_image'><img decoding=\"async\" src=\"https:\/\/bodyandflow.com\/wp-content\/uploads\/2016\/08\/nikola-original-e1708356009222.png\" alt=\"team_image\"  \/><div class='q_team_social_holder' ><div class='q_team_social'><div class='q_team_social_inner'><span class='q_social_icon_holder with_link circle_social' ><a href='https:\/\/www.facebook.com\/nicola.caswell.7' target='_blank'><span class='fa-stack  circle_social' style=''><i class='social_icon fa fa-facebook'><\/i><\/span><\/a><\/span><span class='q_social_icon_holder with_link circle_social' ><a href='mailto:caswellnicola@gmail.com' target='_blank'><span class='fa-stack  circle_social' style=''><i class='social_icon fa fa-envelope'><\/i><\/span><\/a><\/span><\/div><\/div><\/div><\/div><div class='q_team_text' ><div class='q_team_text_inner'><div class='q_team_title_holder'><h4 class='q_team_name' ><\/h4><\/div><div class=\"q_team_skills_holder\"><\/div><\/div><\/div><\/div><\/div><\/div><\/div><\/div><div class=\"wpb_column vc_column_container vc_col-sm-9\"><div class=\"vc_column-inner\"><div class=\"wpb_wrapper\"><div class=\"separator  transparent\" style=\"\"><\/div><div class=\"separator  transparent\" style=\"\"><\/div><div class=\"separator  transparent\" style=\"\"><\/div>\n\t<div class=\"wpb_text_column wpb_content_element\">\n\t\t<div class=\"wpb_wrapper\">\n\t\t\t<h2><span style=\"color: #e6ae48;\">Gi\u1ea3ng vi\u00ean \u0111\u00e0o t\u1ea1o gi\u00e1o vi\u00ean Pilates<\/span> \u0095 Peru<\/h2>\n\n\t\t<\/div>\n\t<\/div><div class=\"separator  transparent\" style=\"\"><\/div>\n\t<div class=\"wpb_text_column wpb_content_element\">\n\t\t<div class=\"wpb_wrapper\">\n\t\t\t<h3>Nicola Caswell<\/h3>\n\n\t\t<\/div>\n\t<\/div><div class=\"separator  transparent\" style=\"\"><\/div>\n\t<div class=\"wpb_text_column wpb_content_element\">\n\t\t<div class=\"wpb_wrapper\">\n\t\t\t<p class=\"p1\" style=\"text-align: justify;\"><span class=\"s1\">Nicola \u0111\u00e3 l\u00e0 gi\u00e1o vi\u00ean m\u00f4n Th\u1ec3 d\u1ee5c v\u00e0 Gi\u00e1o d\u1ee5c Th\u1ec3 ch\u1ea5t t\u1ea1i tr\u01b0\u1eddng Ti\u1ec3u h\u1ecdc t\u1eeb n\u0103m 2001. C\u00f4 tin t\u01b0\u1edfng v\u00e0o vi\u1ec7c ph\u00e1t tri\u1ec3n con ng\u01b0\u1eddi to\u00e0n di\u1ec7n th\u00f4ng qua gi\u00e1o d\u1ee5c t\u00e2m h\u1ed3n v\u00e0 th\u1ec3 ch\u1ea5t t\u1eeb khi c\u00f2n nh\u1ecf. N\u0103m 2012, Nicola \u0111\u00e3 \u0111\u01b0\u1ee3c \u0111\u00e0o t\u1ea1o tr\u1edf th\u00e0nh gi\u00e1o vi\u00ean Pilates t\u1ea1i Pilates Studio, Bangkok sau khi say m\u00ea ph\u01b0\u01a1ng ph\u00e1p n\u00e0y v\u00e0 ch\u1ee9ng ki\u1ebfn nh\u1eefng t\u00e1c \u0111\u1ed9ng s\u00e2u s\u1eafc m\u00e0 n\u00f3 mang l\u1ea1i cho s\u1ee9c m\u1ea1nh, s\u1ef1 b\u1ec1n b\u1ec9 v\u00e0 nh\u1eadn th\u1ee9c tinh th\u1ea7n c\u1ee7a c\u00f4. Ban \u0111\u1ea7u, c\u00f4 \u0111\u01b0\u1ee3c \u0111\u00e0o t\u1ea1o v\u1ec1 Pilates \u0111\u1ee9ng, Pilates tr\u00ean th\u1ea3m v\u00e0 Pilates v\u1edbi d\u1ee5ng c\u1ee5 t\u1ea1i Vi\u1ec7n Physical Mind Institute. G\u1ea7n \u0111\u00e2y, c\u00f4 \u0111\u00e3 ho\u00e0n th\u00e0nh c\u00e1c kh\u00f3a \u0111\u00e0o t\u1ea1o v\u1ec1 dinh d\u01b0\u1ee1ng, gi\u1ea3i ph\u1eabu h\u1ecdc, Pilates tr\u00ean th\u1ea3m n\u00e2ng cao, v\u00e0 Pilates cho ph\u1ee5 n\u1eef mang thai v\u00e0 sau sinh. Nicola c\u1ea3m th\u1ea5y vinh d\u1ef1 khi gi\u1edd \u0111\u00e2y c\u00f3 th\u1ec3 \u0111\u00e0o t\u1ea1o c\u00e1c gi\u00e1o vi\u00ean Pilates t\u01b0\u01a1ng lai v\u00e0 chia s\u1ebb ni\u1ec1m \u0111am m\u00ea, cam k\u1ebft v\u00e0 t\u00ecnh y\u00eau c\u1ee7a m\u00ecnh \u0111\u1ed1i v\u1edbi Pilates v\u00e0 vi\u1ec7c h\u1ecdc t\u1eadp su\u1ed1t \u0111\u1eddi.<\/span><span class=\"s3\">r<\/span><span class=\"s1\">Ning.<\/span><\/p>\n\n\t\t<\/div>\n\t<\/div><\/div><\/div><\/div><\/div><\/div><\/div><\/div><\/div><div     class=\"vc_row wpb_row section vc_row-fluid  grid_section full_screen_section\" style='background-color:#ffffff; text-align:left;'><div class=\"section_inner clearfix\"><div class='section_inner_margin clearfix'><div class=\"wpb_column vc_column_container vc_col-sm-3\/5\"><div class=\"vc_column-inner\"><div class=\"wpb_wrapper\"><div class=\"separator  transparent\" style=\"\"><\/div><div  class=\"wpb_widgetised_column wpb_content_element\">\n\t\t<div class=\"wpb_wrapper\">\n\t\t\t\n\t\t\t\n\t\t<\/div>\n\t<\/div>\n<div class=\"separator  transparent\" style=\"\"><\/div><\/div><\/div><\/div><div class=\"wpb_column vc_column_container vc_col-sm-2\/5\"><div class=\"vc_column-inner\"><div class=\"wpb_wrapper\"><div class=\"separator  transparent\" style=\"\"><\/div><div class=\"separator  transparent\" style=\"\"><\/div><div class=\"separator  transparent\" style=\"\"><\/div><script>console.log(\": Slider with alias woocommercesmall-1 not found.\")<\/script>\n<\/div><\/div><\/div><\/div><\/div><\/div>\n<\/div>","protected":false},"excerpt":{"rendered":"Pilates Teacher Trainer \u0095 Peru Nicola Caswell Nicola has been a Primary School teacher of Sport and Physical Education since 2001.\u00a0 She believes\u00a0in\u00a0developing the whole person\u00a0with\u00a0mind and body education beginning at a young age. In 2012 Nicola trained as a Pilates\u00a0teacher with Ory\u00a0at the Pilates...","protected":false},"author":1,"featured_media":0,"parent":27294,"menu_order":0,"comment_status":"closed","ping_status":"closed","template":"full_width.php","meta":{"footnotes":""},"class_list":["post-27308","page","type-page","status-publish","hentry"],"_links":{"self":[{"href":"https:\/\/bodyandflow.com\/vi\/wp-json\/wp\/v2\/pages\/27308","targetHints":{"allow":["GET"]}}],"collection":[{"href":"https:\/\/bodyandflow.com\/vi\/wp-json\/wp\/v2\/pages"}],"about":[{"href":"https:\/\/bodyandflow.com\/vi\/wp-json\/wp\/v2\/types\/page"}],"author":[{"embeddable":true,"href":"https:\/\/bodyandflow.com\/vi\/wp-json\/wp\/v2\/users\/1"}],"replies":[{"embeddable":true,"href":"https:\/\/bodyandflow.com\/vi\/wp-json\/wp\/v2\/comments?post=27308"}],"version-history":[{"count":0,"href":"https:\/\/bodyandflow.com\/vi\/wp-json\/wp\/v2\/pages\/27308\/revisions"}],"up":[{"embeddable":true,"href":"https:\/\/bodyandflow.com\/vi\/wp-json\/wp\/v2\/pages\/27294"}],"wp:attachment":[{"href":"https:\/\/bodyandflow.com\/vi\/wp-json\/wp\/v2\/media?parent=27308"}],"curies":[{"name":"wp","href":"https:\/\/api.w.org\/{rel}","templated":true}]}}