{"id":27309,"date":"2019-10-25T09:50:32","date_gmt":"2019-10-25T14:50:32","guid":{"rendered":"https:\/\/www.bodyandflow.com\/?page_id=27309"},"modified":"2019-10-27T01:28:32","modified_gmt":"2019-10-27T06:28:32","slug":"ormploy-chutrakul","status":"publish","type":"page","link":"https:\/\/bodyandflow.com\/vi\/huan-luyen-vien-2\/ormploy-chutrakul\/","title":{"rendered":"Ormploy Chutrakul"},"content":{"rendered":"<div class=\"wpb-content-wrapper\"><div class=\"vc_row wpb_row section vc_row-fluid  grid_section\" style=' padding-top:40px; text-align:left;'><div class=\"section_inner clearfix\"><div class='section_inner_margin clearfix'><div class=\"element_from_fade\"><div><div class=\"wpb_column vc_column_container vc_col-sm-3 vc_col-has-fill\"><div class=\"vc_column-inner vc_custom_1425209688159\"><div class=\"wpb_wrapper\"><div class='q_team'><div class='q_team_inner'><div class='q_team_image'><img decoding=\"async\" src=\"\" alt=\"team_image\"  \/><div class='q_team_social_holder' ><div class='q_team_social'><div class='q_team_social_inner'><span class='q_social_icon_holder with_link circle_social' ><a href='https:\/\/www.facebook.com\/supawadee.prongsa' target='_blank'><span class='fa-stack  circle_social' style=''><i class='social_icon fa fa-facebook'><\/i><\/span><\/a><\/span><span class='q_social_icon_holder with_link circle_social' ><a href='mailto:birthsp@yahoo.com' target='_blank'><span class='fa-stack  circle_social' style=''><i class='social_icon fa fa-envelope'><\/i><\/span><\/a><\/span><\/div><\/div><\/div><\/div><div class='q_team_text' ><div class='q_team_text_inner'><div class='q_team_title_holder'><h4 class='q_team_name' ><\/h4><\/div><\/div><\/div><\/div><\/div><\/div><\/div><\/div><div class=\"wpb_column vc_column_container vc_col-sm-9\"><div class=\"vc_column-inner\"><div class=\"wpb_wrapper\"><div class=\"separator  transparent\" style=\"\"><\/div><div class=\"separator  transparent\" style=\"\"><\/div><div class=\"separator  transparent\" style=\"\"><\/div>\n\t<div class=\"wpb_text_column wpb_content_element\">\n\t\t<div class=\"wpb_wrapper\">\n\t\t\t<h2><span style=\"color: #e6ae48;\">Gi\u1ea3ng vi\u00ean \u0111\u00e0o t\u1ea1o gi\u00e1o vi\u00ean Pilates<\/span> \u0095 Th\u00e1i Lan<\/h2>\n\n\t\t<\/div>\n\t<\/div><div class=\"separator  transparent\" style=\"\"><\/div>\n\t<div class=\"wpb_text_column wpb_content_element\">\n\t\t<div class=\"wpb_wrapper\">\n\t\t\t<h3>Ormploy Chutrakul<\/h3>\n\n\t\t<\/div>\n\t<\/div><div class=\"separator  transparent\" style=\"\"><\/div>\n\t<div class=\"wpb_text_column wpb_content_element\">\n\t\t<div class=\"wpb_wrapper\">\n\t\t\t<p>Supawadee (Khun Birth) t\u1ed1t nghi\u1ec7p chuy\u00ean ng\u00e0nh V\u1eadt l\u00fd tr\u1ecb li\u1ec7u v\u00e0o n\u0103m 1998. Trong h\u01a1n m\u01b0\u1eddi n\u0103m qua, Khun Birth \u0111\u00e3 ch\u0103m s\u00f3c b\u1ec7nh nh\u00e2n v\u1edbi t\u01b0 c\u00e1ch l\u00e0 chuy\u00ean vi\u00ean v\u1eadt l\u00fd tr\u1ecb li\u1ec7u t\u1ea1i c\u00e1c b\u1ec7nh vi\u1ec7n c\u00f4ng l\u1eadp v\u00e0 t\u01b0 nh\u00e2n c\u0169ng nh\u01b0 c\u00e1c ph\u00f2ng kh\u00e1m. Birth b\u1eaft \u0111\u1ea7u t\u1eadp Pilates t\u1eeb n\u0103m 2004 v\u00e0 tr\u1edf th\u00e0nh hu\u1ea5n luy\u1ec7n vi\u00ean Pilates v\u00e0o n\u0103m 2009 v\u1edbi mong mu\u1ed1n gi\u00fap b\u1ec7nh nh\u00e2n c\u1ee7a m\u00ecnh tr\u1edf n\u00ean kh\u1ecfe m\u1ea1nh h\u01a1n v\u00e0 hi\u1ec3u bi\u1ebft s\u00e2u s\u1eafc h\u01a1n v\u1ec1 c\u01a1 th\u1ec3 m\u00ecnh. Birth tin t\u01b0\u1edfng m\u1ea1nh m\u1ebd v\u00e0o Pilates v\u00e0 nh\u1eefng t\u00e1c \u0111\u1ed9ng tuy\u1ec7t v\u1eddi c\u1ee7a n\u00f3 \u0111\u1ed1i v\u1edbi c\u01a1 th\u1ec3 con ng\u01b0\u1eddi, v\u00e0 tr\u1edf th\u00e0nh gi\u00e1o vi\u00ean Pilates to\u00e0n th\u1eddi gian v\u00e0o n\u0103m 2010. C\u00f4 \u0111ang gi\u1ea3ng d\u1ea1y Pilates t\u1ea1i The Pilate Studio Bangkok v\u00e0 li\u00ean t\u1ee5c h\u1ecdc t\u1eadp \u0111\u1ec3 n\u00e2ng cao k\u1ef9 n\u0103ng c\u1ee7a m\u00ecnh v\u1edbi t\u01b0 c\u00e1ch l\u00e0 gi\u00e1o vi\u00ean v\u00e0 gi\u1ea3ng vi\u00ean t\u1ea1i c\u00e1c tr\u01b0\u1eddng \u0111\u1ea1i h\u1ecdc v\u00e0 c\u00e1c hi\u1ec7p h\u1ed9i kh\u00e1c nhau \u1edf Th\u00e1i Lan. Birth gia nh\u1eadp \u0111\u1ed9i ng\u0169 Body &amp; Flow v\u00e0o n\u0103m 2018 v\u00e0 t\u1ef1 h\u00e0o \u0111\u01b0\u1ee3c gi\u1ea3ng d\u1ea1y c\u00e1c kh\u00f3a h\u1ecdc b\u1eb1ng ti\u1ebfng Th\u00e1i, \u0111\u1ed3ng th\u1eddi gi\u00fap Pilates tr\u1edf n\u00ean d\u1ec5 ti\u1ebfp c\u1eadn h\u01a1n t\u1ea1i x\u1ee9 s\u1edf n\u1ee5 c\u01b0\u1eddi.<\/p>\n\n\t\t<\/div>\n\t<\/div><\/div><\/div><\/div><\/div><\/div><\/div><\/div><\/div><div     class=\"vc_row wpb_row section vc_row-fluid  grid_section full_screen_section\" style='background-color:#ffffff; text-align:left;'><div class=\"section_inner clearfix\"><div class='section_inner_margin clearfix'><div class=\"wpb_column vc_column_container vc_col-sm-3\/5\"><div class=\"vc_column-inner\"><div class=\"wpb_wrapper\"><div class=\"separator  transparent\" style=\"\"><\/div><div  class=\"wpb_widgetised_column wpb_content_element\">\n\t\t<div class=\"wpb_wrapper\">\n\t\t\t\n\t\t\t\n\t\t<\/div>\n\t<\/div>\n<div class=\"separator  transparent\" style=\"\"><\/div><\/div><\/div><\/div><div class=\"wpb_column vc_column_container vc_col-sm-2\/5\"><div class=\"vc_column-inner\"><div class=\"wpb_wrapper\"><div class=\"separator  transparent\" style=\"\"><\/div><div class=\"separator  transparent\" style=\"\"><\/div><div class=\"separator  transparent\" style=\"\"><\/div><script>console.log(\": Slider with alias woocommercesmall-1 not found.\")<\/script>\n<\/div><\/div><\/div><\/div><\/div><\/div>\n<\/div>","protected":false},"excerpt":{"rendered":"Pilates Teacher Trainer \u0095\u00a0Thailand Ormploy Chutrakul Supawadee (Khun Birth) graduated in Physical Therapy in 1998. Khun Birth was taking care of patient as a PT in both government and private hospitals as well as in clinics for more than ten years. Birth started practicing Pilates...","protected":false},"author":1,"featured_media":0,"parent":27294,"menu_order":0,"comment_status":"closed","ping_status":"closed","template":"full_width.php","meta":{"footnotes":""},"class_list":["post-27309","page","type-page","status-publish","hentry"],"_links":{"self":[{"href":"https:\/\/bodyandflow.com\/vi\/wp-json\/wp\/v2\/pages\/27309","targetHints":{"allow":["GET"]}}],"collection":[{"href":"https:\/\/bodyandflow.com\/vi\/wp-json\/wp\/v2\/pages"}],"about":[{"href":"https:\/\/bodyandflow.com\/vi\/wp-json\/wp\/v2\/types\/page"}],"author":[{"embeddable":true,"href":"https:\/\/bodyandflow.com\/vi\/wp-json\/wp\/v2\/users\/1"}],"replies":[{"embeddable":true,"href":"https:\/\/bodyandflow.com\/vi\/wp-json\/wp\/v2\/comments?post=27309"}],"version-history":[{"count":0,"href":"https:\/\/bodyandflow.com\/vi\/wp-json\/wp\/v2\/pages\/27309\/revisions"}],"up":[{"embeddable":true,"href":"https:\/\/bodyandflow.com\/vi\/wp-json\/wp\/v2\/pages\/27294"}],"wp:attachment":[{"href":"https:\/\/bodyandflow.com\/vi\/wp-json\/wp\/v2\/media?parent=27309"}],"curies":[{"name":"wp","href":"https:\/\/api.w.org\/{rel}","templated":true}]}}