{"id":27310,"date":"2019-10-25T09:54:18","date_gmt":"2019-10-25T14:54:18","guid":{"rendered":"https:\/\/www.bodyandflow.com\/?page_id=27310"},"modified":"2019-10-25T16:12:17","modified_gmt":"2019-10-25T21:12:17","slug":"bac-si-serge-landrieu","status":"publish","type":"page","link":"https:\/\/bodyandflow.com\/vi\/huan-luyen-vien-2\/bac-si-serge-landrieu\/","title":{"rendered":"Ti\u1ebfn s\u0129 Serge Landrieu"},"content":{"rendered":"<div class=\"wpb-content-wrapper\"><div class=\"vc_row wpb_row section vc_row-fluid  grid_section\" style=' padding-top:40px; text-align:left;'><div class=\"section_inner clearfix\"><div class='section_inner_margin clearfix'><div class=\"element_from_fade\"><div><div class=\"wpb_column vc_column_container vc_col-sm-3 vc_col-has-fill\"><div class=\"vc_column-inner vc_custom_1425209688159\"><div class=\"wpb_wrapper\"><div class='q_team'><div class='q_team_inner'><div class='q_team_image'><img decoding=\"async\" src=\"\" alt=\"team_image\"  \/><div class='q_team_social_holder' ><div class='q_team_social'><div class='q_team_social_inner'><span class='q_social_icon_holder with_link circle_social' ><a href='https:\/\/www.facebook.com\/dieu.langen' target='_blank'><span class='fa-stack  circle_social' style=''><i class='social_icon fa fa-facebook'><\/i><\/span><\/a><\/span><span class='q_social_icon_holder with_link circle_social' ><a href='mailto:drdrieu@gmail.com' target='_blank'><span class='fa-stack  circle_social' style=''><i class='social_icon fa fa-envelope'><\/i><\/span><\/a><\/span><\/div><\/div><\/div><\/div><div class='q_team_text' ><div class='q_team_text_inner'><div class='q_team_title_holder'><h4 class='q_team_name' ><\/h4><\/div><div class=\"q_team_skills_holder\"><\/div><\/div><\/div><\/div><\/div><\/div><\/div><\/div><div class=\"wpb_column vc_column_container vc_col-sm-9\"><div class=\"vc_column-inner\"><div class=\"wpb_wrapper\"><div class=\"separator  transparent\" style=\"\"><\/div><div class=\"separator  transparent\" style=\"\"><\/div><div class=\"separator  transparent\" style=\"\"><\/div>\n\t<div class=\"wpb_text_column wpb_content_element\">\n\t\t<div class=\"wpb_wrapper\">\n\t\t\t<h2><span style=\"color: #e6ae48;\">Gi\u1ea3ng vi\u00ean \u0111\u00e0o t\u1ea1o gi\u00e1o vi\u00ean Pilates<\/span> \u0095 Th\u00e1i Lan<\/h2>\n\n\t\t<\/div>\n\t<\/div><div class=\"separator  transparent\" style=\"\"><\/div>\n\t<div class=\"wpb_text_column wpb_content_element\">\n\t\t<div class=\"wpb_wrapper\">\n\t\t\t<h3>Ti\u1ebfn s\u0129 Serge Landrieu<\/h3>\n\n\t\t<\/div>\n\t<\/div><div class=\"separator  transparent\" style=\"\"><\/div>\n\t<div class=\"wpb_text_column wpb_content_element\">\n\t\t<div class=\"wpb_wrapper\">\n\t\t\t<p style=\"text-align: justify;\">T\u1eeb n\u0103m 1984, v\u1edbi t\u01b0 c\u00e1ch l\u00e0 m\u1ed9t b\u00e1c s\u0129 y khoa, Serge \u0111\u00e3 t\u00edch l\u0169y \u0111\u01b0\u1ee3c l\u01b0\u1ee3ng ki\u1ebfn th\u1ee9c v\u00e0 kinh nghi\u1ec7m d\u1ed3i d\u00e0o trong l\u0129nh v\u1ef1c \u0111i\u1ec1u ch\u1ec9nh t\u01b0 th\u1ebf c\u01a1 th\u1ec3 v\u00e0 c\u00e1c r\u1ed1i lo\u1ea1n ch\u1ee9c n\u0103ng. Nh\u1eefng b\u00e0i t\u1eadp Pilates \u0111\u1ea7u ti\u00ean c\u1ee7a \u00f4ng v\u00e0o n\u0103m 1995 c\u00f9ng v\u1edbi m\u1ed9t v\u0169 c\u00f4ng ballet n\u1ed5i ti\u1ebfng \u0111\u00e3 thay \u0111\u1ed5i c\u00e1ch nh\u00ecn c\u1ee7a \u00f4ng v\u1ec1 c\u01a1 th\u1ec3 m\u00ecnh, v\u1ed1n \u0111\u00e3 quen v\u1edbi vi\u1ec7c t\u1eadp Yoga t\u1eeb khi c\u00f2n 10 tu\u1ed5i. Thalassotherapie v\u00e0 Watsu \u0111\u01b0\u1ee3c s\u1eed d\u1ee5ng nh\u01b0 c\u00e1c ph\u01b0\u01a1ng ph\u00e1p h\u1ed7 tr\u1ee3, c\u00f9ng v\u1edbi Myotherapie - m\u1ed9t k\u1ef9 thu\u1eadt \u0111i\u1ec1u ch\u1ec9nh c\u01a1 v\u00e0 g\u00e2n theo c\u00e1c kinh m\u1ea1ch - t\u1ea5t c\u1ea3 \u0111i\u1ec1u n\u00e0y khi\u1ebfn \u00f4ng tr\u1edf n\u00ean r\u1ea5t linh ho\u1ea1t trong gi\u1ea3ng d\u1ea1y v\u00e0 ti\u1ebfp c\u1eadn ph\u01b0\u01a1ng ph\u00e1p Pilates. Serge \u0111\u00e3 gi\u1ea3ng d\u1ea1y Pilates t\u1ea1i Koh Samui t\u1eeb n\u0103m 2005 v\u00e0 gia nh\u1eadp Body &amp; Flow v\u1edbi t\u01b0 c\u00e1ch l\u00e0 hu\u1ea5n luy\u1ec7n vi\u00ean ch\u00ednh v\u00e0o n\u0103m 2014.<\/p>\n\n\t\t<\/div>\n\t<\/div><\/div><\/div><\/div><\/div><\/div><\/div><\/div><\/div><div     class=\"vc_row wpb_row section vc_row-fluid  grid_section full_screen_section\" style='background-color:#ffffff; text-align:left;'><div class=\"section_inner clearfix\"><div class='section_inner_margin clearfix'><div class=\"wpb_column vc_column_container vc_col-sm-3\/5\"><div class=\"vc_column-inner\"><div class=\"wpb_wrapper\"><div class=\"separator  transparent\" style=\"\"><\/div><div  class=\"wpb_widgetised_column wpb_content_element\">\n\t\t<div class=\"wpb_wrapper\">\n\t\t\t\n\t\t\t\n\t\t<\/div>\n\t<\/div>\n<div class=\"separator  transparent\" style=\"\"><\/div><\/div><\/div><\/div><div class=\"wpb_column vc_column_container vc_col-sm-2\/5\"><div class=\"vc_column-inner\"><div class=\"wpb_wrapper\"><div class=\"separator  transparent\" style=\"\"><\/div><div class=\"separator  transparent\" style=\"\"><\/div><div class=\"separator  transparent\" style=\"\"><\/div><script>console.log(\": Slider with alias woocommercesmall-1 not found.\")<\/script>\n<\/div><\/div><\/div><\/div><\/div><\/div>\n<\/div>","protected":false},"excerpt":{"rendered":"Pilates Teacher Trainer \u0095\u00a0Thailand Dr Serge Landrieu As a medical doctor since 1984, Serge has gathered an abundance of knowledge and experience working with body alignment and dysfunctions. His first Pilates exercises in 1995 with a star Ballerina changed his insights about his own body...","protected":false},"author":1,"featured_media":0,"parent":27294,"menu_order":0,"comment_status":"closed","ping_status":"closed","template":"full_width.php","meta":{"footnotes":""},"class_list":["post-27310","page","type-page","status-publish","hentry"],"_links":{"self":[{"href":"https:\/\/bodyandflow.com\/vi\/wp-json\/wp\/v2\/pages\/27310","targetHints":{"allow":["GET"]}}],"collection":[{"href":"https:\/\/bodyandflow.com\/vi\/wp-json\/wp\/v2\/pages"}],"about":[{"href":"https:\/\/bodyandflow.com\/vi\/wp-json\/wp\/v2\/types\/page"}],"author":[{"embeddable":true,"href":"https:\/\/bodyandflow.com\/vi\/wp-json\/wp\/v2\/users\/1"}],"replies":[{"embeddable":true,"href":"https:\/\/bodyandflow.com\/vi\/wp-json\/wp\/v2\/comments?post=27310"}],"version-history":[{"count":0,"href":"https:\/\/bodyandflow.com\/vi\/wp-json\/wp\/v2\/pages\/27310\/revisions"}],"up":[{"embeddable":true,"href":"https:\/\/bodyandflow.com\/vi\/wp-json\/wp\/v2\/pages\/27294"}],"wp:attachment":[{"href":"https:\/\/bodyandflow.com\/vi\/wp-json\/wp\/v2\/media?parent=27310"}],"curies":[{"name":"wp","href":"https:\/\/api.w.org\/{rel}","templated":true}]}}