{"id":27314,"date":"2019-10-25T09:59:16","date_gmt":"2019-10-25T14:59:16","guid":{"rendered":"https:\/\/www.bodyandflow.com\/?page_id=27314"},"modified":"2021-10-19T01:45:46","modified_gmt":"2021-10-19T06:45:46","slug":"max-ratta","status":"publish","type":"page","link":"https:\/\/bodyandflow.com\/vi\/huan-luyen-vien-2\/max-ratta\/","title":{"rendered":"Max Ratta"},"content":{"rendered":"<div class=\"wpb-content-wrapper\"><div class=\"vc_row wpb_row section vc_row-fluid  grid_section\" style=' padding-top:40px; text-align:left;'><div class=\"section_inner clearfix\"><div class='section_inner_margin clearfix'><div class=\"element_from_fade\"><div><div class=\"wpb_column vc_column_container vc_col-sm-3 vc_col-has-fill\"><div class=\"vc_column-inner vc_custom_1425209688159\"><div class=\"wpb_wrapper\">\n\t<div class=\"wpb_text_column wpb_content_element\">\n\t\t<div class=\"wpb_wrapper\">\n\t\t\t<div class='q_team'><div class='q_team_inner'><div class='q_team_image'><img decoding=\"async\" src=\"https:\/\/bodyandflow.com\/wp-content\/uploads\/2021\/10\/max10.2021-original.png\" alt=\"team_image\"  \/><div class='q_team_social_holder' ><div class='q_team_social'><div class='q_team_social_inner'><span class='q_social_icon_holder with_link circle_social' ><a href='https:\/\/www.facebook.com\/max.ratta.fitness.consultant' target='_blank'><span class='fa-stack  circle_social' style=''><i class='social_icon fa fa-facebook'><\/i><\/span><\/a><\/span><span class='q_social_icon_holder with_link circle_social' ><a href='mailto:maxratta@hotmail.it' target='_blank'><span class='fa-stack  circle_social' style=''><i class='social_icon fa fa-envelope'><\/i><\/span><\/a><\/span><\/div><\/div><\/div><\/div><div class='q_team_text' ><div class='q_team_text_inner'><div class='q_team_title_holder'><h4 class='q_team_name' ><\/h4><\/div><div class=\"q_team_skills_holder\"><\/div><\/div><\/div><\/div><\/div>\n\n\t\t<\/div>\n\t<\/div><\/div><\/div><\/div><div class=\"wpb_column vc_column_container vc_col-sm-9\"><div class=\"vc_column-inner\"><div class=\"wpb_wrapper\"><div class=\"separator  transparent\" style=\"\"><\/div><div class=\"separator  transparent\" style=\"\"><\/div><div class=\"separator  transparent\" style=\"\"><\/div>\n\t<div class=\"wpb_text_column wpb_content_element\">\n\t\t<div class=\"wpb_wrapper\">\n\t\t\t<h2><span style=\"color: #e6ae48;\">Gi\u1ea3ng vi\u00ean \u0111\u00e0o t\u1ea1o gi\u00e1o vi\u00ean Pilates<\/span> \u0095 \u00dd<\/h2>\n\n\t\t<\/div>\n\t<\/div><div class=\"separator  transparent\" style=\"\"><\/div>\n\t<div class=\"wpb_text_column wpb_content_element\">\n\t\t<div class=\"wpb_wrapper\">\n\t\t\t<h3>Max Ratta<\/h3>\n\n\t\t<\/div>\n\t<\/div><div class=\"separator  transparent\" style=\"\"><\/div>\n\t<div class=\"wpb_text_column wpb_content_element\">\n\t\t<div class=\"wpb_wrapper\">\n\t\t\t<p>Max c\u00f3 s\u1ef1 nghi\u1ec7p l\u00e2u d\u00e0i trong ng\u00e0nh th\u1ec3 h\u00ecnh v\u1edbi t\u01b0 c\u00e1ch l\u00e0 m\u1ed9t v\u1eadn \u0111\u1ed9ng vi\u00ean th\u1ec3 h\u00ecnh chuy\u00ean nghi\u1ec7p v\u00e0 hu\u1ea5n luy\u1ec7n vi\u00ean c\u00e1 nh\u00e2n trong 25 n\u0103m. Trong su\u1ed1t th\u1eddi gian \u0111\u00f3, anh \u0111\u00e3 nghi\u00ean c\u1ee9u Yoga v\u00e0 thi\u1ec1n \u0111\u1ecbnh, v\u00e0 b\u1eaft \u0111\u1ea7u h\u00e0nh tr\u00ecnh Pilates c\u1ee7a m\u00ecnh v\u00e0o n\u0103m 2004. K\u1ec3 t\u1eeb \u0111\u00f3, Max \u0111\u00e3 tham gia c\u00e1c kh\u00f3a h\u1ecdc Pilates t\u1ea1i c\u00e1c tr\u01b0\u1eddng Pilates h\u00e0ng \u0111\u1ea7u \u1edf ch\u00e2u \u00c2u. Max tin r\u1eb1ng Pilates l\u00e0 m\u1ed9t ph\u01b0\u01a1ng ph\u00e1p h\u1ed7 tr\u1ee3 tuy\u1ec7t v\u1eddi cho m\u1ecdi c\u1ea5p \u0111\u1ed9, m\u00f4n th\u1ec3 thao, cu\u1ed9c s\u1ed1ng chuy\u00ean nghi\u1ec7p v\u00e0 c\u00e1 nh\u00e2n. Max gia nh\u1eadp \u0111\u1ed9i ng\u0169 Body &amp; Flow v\u00e0o n\u0103m 2017 v\u00e0 b\u1eaft \u0111\u1ea7u gi\u1ea3ng d\u1ea1y c\u00e1c kh\u00f3a h\u1ecdc ch\u1ee9ng ch\u1ec9 t\u1ea1i \u00dd. Max r\u1ea5t vui m\u1eebng v\u00e0 t\u1ef1 h\u00e0o \u0111\u01b0\u1ee3c chia s\u1ebb kinh nghi\u1ec7m chuy\u00ean m\u00f4n c\u1ee7a m\u00ecnh v\u1edbi h\u1ecdc vi\u00ean v\u00e0 \u0111\u00e0o t\u1ea1o th\u1ebf h\u1ec7 m\u1edbi c\u00e1c hu\u1ea5n luy\u1ec7n vi\u00ean Pilates t\u1ea1i \u00dd.<\/p>\n\n\t\t<\/div>\n\t<\/div><div class=\"separator  transparent\" style=\"\"><\/div><div class=\"separator  transparent\" style=\"\"><\/div><\/div><\/div><\/div><\/div><\/div><\/div><\/div><\/div><div     class=\"vc_row wpb_row section vc_row-fluid  grid_section full_screen_section\" style='background-color:#ffffff; text-align:left;'><div class=\"section_inner clearfix\"><div class='section_inner_margin clearfix'><div class=\"wpb_column vc_column_container vc_col-sm-3\/5\"><div class=\"vc_column-inner\"><div class=\"wpb_wrapper\"><div class=\"separator  transparent\" style=\"\"><\/div><div  class=\"wpb_widgetised_column wpb_content_element\">\n\t\t<div class=\"wpb_wrapper\">\n\t\t\t\n\t\t\t\n\t\t<\/div>\n\t<\/div>\n<div class=\"separator  transparent\" style=\"\"><\/div><\/div><\/div><\/div><div class=\"wpb_column vc_column_container vc_col-sm-2\/5\"><div class=\"vc_column-inner\"><div class=\"wpb_wrapper\"><div class=\"separator  transparent\" style=\"\"><\/div><div class=\"separator  transparent\" style=\"\"><\/div><div class=\"separator  transparent\" style=\"\"><\/div><script>console.log(\": Slider with alias woocommercesmall-1 not found.\")<\/script>\n<\/div><\/div><\/div><\/div><\/div><\/div>\n<\/div>","protected":false},"excerpt":{"rendered":"Pilates Teacher Trainer \u0095 Italy Max Ratta Max hold long time career in the fitness industry as a competitive Body Builder, and personal trainer for 25 years. Over the years he studied Yoga and meditation and started his Pilates path in 2004. Since then, Max...","protected":false},"author":1,"featured_media":0,"parent":27294,"menu_order":0,"comment_status":"closed","ping_status":"closed","template":"full_width.php","meta":{"footnotes":""},"class_list":["post-27314","page","type-page","status-publish","hentry"],"_links":{"self":[{"href":"https:\/\/bodyandflow.com\/vi\/wp-json\/wp\/v2\/pages\/27314","targetHints":{"allow":["GET"]}}],"collection":[{"href":"https:\/\/bodyandflow.com\/vi\/wp-json\/wp\/v2\/pages"}],"about":[{"href":"https:\/\/bodyandflow.com\/vi\/wp-json\/wp\/v2\/types\/page"}],"author":[{"embeddable":true,"href":"https:\/\/bodyandflow.com\/vi\/wp-json\/wp\/v2\/users\/1"}],"replies":[{"embeddable":true,"href":"https:\/\/bodyandflow.com\/vi\/wp-json\/wp\/v2\/comments?post=27314"}],"version-history":[{"count":0,"href":"https:\/\/bodyandflow.com\/vi\/wp-json\/wp\/v2\/pages\/27314\/revisions"}],"up":[{"embeddable":true,"href":"https:\/\/bodyandflow.com\/vi\/wp-json\/wp\/v2\/pages\/27294"}],"wp:attachment":[{"href":"https:\/\/bodyandflow.com\/vi\/wp-json\/wp\/v2\/media?parent=27314"}],"curies":[{"name":"wp","href":"https:\/\/api.w.org\/{rel}","templated":true}]}}