{"id":36054,"date":"2023-06-27T10:30:35","date_gmt":"2023-06-27T09:30:35","guid":{"rendered":"https:\/\/www.bodyandflow.com\/?page_id=36054"},"modified":"2023-06-27T10:41:38","modified_gmt":"2023-06-27T09:41:38","slug":"cong-dong-cot-loi","status":"publish","type":"page","link":"https:\/\/bodyandflow.com\/vi\/phong-thu\/cong-dong-cot-loi\/","title":{"rendered":"C\u1ed9ng \u0111\u1ed3ng l\u00f5i"},"content":{"rendered":"<div class=\"wpb-content-wrapper\"><div id=\"top-page-noon\"    class=\"vc_row wpb_row section vc_row-fluid top-page-noon grid_section\" style=' text-align:left;'><div class=\"section_inner clearfix\"><div class='section_inner_margin clearfix'><div class=\"wpb_column vc_column_container vc_col-sm-12\"><div class=\"vc_column-inner\"><div class=\"wpb_wrapper\">\n\t<div class=\"wpb_text_column wpb_content_element\">\n\t\t<div class=\"wpb_wrapper\">\n\t\t\t<h1>Core Community Pilates Studio \u0095 Ch\u01b0\u01a1ng tr\u00ecnh \u0111\u00e0o t\u1ea1o Pilates qu\u1ed1c t\u1ebf Body &amp; Flow<\/h1>\n\n\t\t<\/div>\n\t<\/div><\/div><\/div><\/div><\/div><\/div><\/div><div     class=\"vc_row wpb_row section vc_row-fluid text-align: justify; grid_section\" style=' padding-top:40px; padding-bottom:40px; text-align:left;'><div class=\"section_inner clearfix\"><div class='section_inner_margin clearfix'><div class=\"wpb_column vc_column_container vc_col-sm-12\"><div class=\"vc_column-inner\"><div class=\"wpb_wrapper\"><div class=\"separator  transparent\" style=\"border-width:1px;margin-top:20px;margin-bottom:0px\"><\/div>\n\t<div class=\"wpb_text_column wpb_content_element\">\n\t\t<div class=\"wpb_wrapper\">\n\t\t\t<h1><span style=\"color: #e6ae48;\">C\u1ed9ng \u0111\u1ed3ng l\u00f5i \u0095\u00a0<\/span>\u00a0Vancouver, Canada<\/h1>\n\n\t\t<\/div>\n\t<\/div><div class=\"separator  transparent\" style=\"border-width:1px;margin-top:20px;margin-bottom:0px\"><\/div><div     class=\"vc_row wpb_row vc_inner section vc_row-fluid\" style=' text-align:left;'><div class=\"full_section_inner clearfix\"><div class=\"wpb_column vc_column_container vc_col-sm-3\"><div class=\"vc_column-inner\"><div class=\"wpb_wrapper\">\n\t<div class=\"wpb_single_image wpb_content_element vc_align_center\">\n\t\t<div class=\"wpb_wrapper\">\n\t\t\t\n\t\t\t<div class=\"vc_single_image-wrapper vc_box_rounded  vc_box_border_grey\"><img decoding=\"async\" class=\"vc_single_image-img\" src=\"https:\/\/bodyandflow.com\/wp-content\/uploads\/2023\/06\/corecommunity-m-original-180x180.png\" width=\"180\" height=\"180\" alt=\"c\u1ed9ng \u0111\u1ed3ng l\u00f5i-m\" title=\"c\u1ed9ng \u0111\u1ed3ng l\u00f5i-m\" loading=\"lazy\" \/><\/div>\n\t\t<\/div>\n\t<\/div>\n<\/div><\/div><\/div><div class=\"wpb_column vc_column_container vc_col-sm-9\"><div class=\"vc_column-inner\"><div class=\"wpb_wrapper\"><div class=\"separator  transparent\" style=\"\"><\/div><div class=\"separator  transparent\" style=\"\"><\/div><div class=\"separator  transparent\" style=\"\"><\/div>\n\t<div class=\"wpb_text_column wpb_content_element\">\n\t\t<div class=\"wpb_wrapper\">\n\t\t\t<p class=\"\">Core Community l\u00e0 m\u1ed9t ph\u00f2ng t\u1eadp Pilates hi\u1ec7n \u0111\u1ea1i, \u1ea5m c\u00fang, \u0111\u01b0\u1ee3c thi\u1ebft k\u1ebf \u0111\u1ec3 h\u1ed7 tr\u1ee3 v\u00e0 t\u1ed1i \u01b0u h\u00f3a s\u1ee9c kh\u1ecfe c\u1ee7a b\u1ea1n. Ch\u00fang t\u00f4i l\u00e0 m\u1ed9t kh\u00f4ng gian an to\u00e0n n\u01a1i m\u1ecdi ng\u01b0\u1eddi c\u00f9ng nhau v\u1eadn \u0111\u1ed9ng, \u0111\u1ed5 m\u1ed3 h\u00f4i, h\u1ecdc h\u1ecfi v\u00e0 ph\u00e1t tri\u1ec3n. H\u00e3y t\u00ecm ki\u1ebfm nh\u1eefng k\u1ebft n\u1ed1i \u00fd ngh\u0129a v\u1edbi c\u01a1 th\u1ec3 v\u00e0 c\u1ed9ng \u0111\u1ed3ng c\u1ee7a b\u1ea1n th\u00f4ng qua ph\u01b0\u01a1ng ph\u00e1p hi\u1ec7n \u0111\u1ea1i, tr\u00e0n \u0111\u1ea7y n\u0103ng l\u01b0\u1ee3ng v\u00e0 kh\u00f4ng ph\u00e1n x\u00e9t c\u1ee7a ch\u00fang t\u00f4i.<\/p>\n\n\t\t<\/div>\n\t<\/div><div class=\"separator  transparent\" style=\"\"><\/div><\/div><\/div><\/div><\/div><\/div><div     class=\"vc_row wpb_row vc_inner section vc_row-fluid\" style=' text-align:left;'><div class=\"full_section_inner clearfix\"><div class=\"wpb_column vc_column_container vc_col-sm-4\"><div class=\"vc_column-inner\"><div class=\"wpb_wrapper\">\n\t<div class=\"wpb_text_column wpb_content_element\">\n\t\t<div class=\"wpb_wrapper\">\n\t\t\t<h5 style=\"text-align: center;\"><span style=\"color: #e6ae48;\">V\u1ecb tr\u00ed:<\/span> Vancouver \u2013 Canada<\/h5>\n\n\t\t<\/div>\n\t<\/div><\/div><\/div><\/div><div class=\"wpb_column vc_column_container vc_col-sm-4\"><div class=\"vc_column-inner\"><div class=\"wpb_wrapper\">\n\t<div class=\"wpb_text_column wpb_content_element\">\n\t\t<div class=\"wpb_wrapper\">\n\t\t\t<h5 style=\"text-align: center;\"><span style=\"color: #e6ae48;\">\u0110i\u1ec7n tho\u1ea1i:<\/span> +1.604.4162710<\/h5>\n\n\t\t<\/div>\n\t<\/div><\/div><\/div><\/div><div class=\"wpb_column vc_column_container vc_col-sm-4\"><div class=\"vc_column-inner\"><div class=\"wpb_wrapper\">\n\t<div class=\"wpb_text_column wpb_content_element\">\n\t\t<div class=\"wpb_wrapper\">\n\t\t\t<h5 style=\"text-align: center;\"><span style=\"color: #e6ae48;\">Trang web:<\/span> <a title=\"corecommunity.ca\" href=\"https:\/\/www.corecommunity.ca\/\">corecommunity.ca<\/a><\/h5>\n\n\t\t<\/div>\n\t<\/div><\/div><\/div><\/div><\/div><\/div><div class=\"separator  transparent\" style=\"border-width:1px;margin-top:20px;margin-bottom:0px\"><\/div><\/div><\/div><\/div><\/div><\/div><\/div><div     class=\"vc_row wpb_row section vc_row-fluid  grid_section\" style='background-color:#ffffff; text-align:left;'><div class=\"section_inner clearfix\"><div class='section_inner_margin clearfix'><div class=\"wpb_column vc_column_container vc_col-sm-12\"><div class=\"vc_column-inner\"><div class=\"wpb_wrapper\"><div class=\"separator  transparent\" style=\"\"><\/div><div class=\"wpb_gmaps_widget wpb_content_element\"><div class=\"wpb_wrapper\"><div class=\"wpb_map_wraper\"><iframe loading=\"lazy\" src=\"https:\/\/www.google.com\/maps\/embed?pb=!1m18!1m12!1m3!1d2603.447837998746!2d-123.15123282258394!3d49.267910771390625!2m3!1f0!2f0!3f0!3m2!1i1024!2i768!4f13.1!3m3!1m2!1s0x548673c18280200f%3A0xbb3a238ce55a2510!2sCore%20Community!5e0!3m2!1sen!2sil!4v1687857862494!5m2!1sen!2sil\" width=\"600\" height=\"250\" frameborder=\"0\" style=\"border:0;\" allowfullscreen=\"\"><\/iframe><\/div><\/div><\/div><div class=\"separator  transparent\" style=\"\"><\/div><\/div><\/div><\/div><\/div><\/div><\/div>\n<\/div>","protected":false},"excerpt":{"rendered":"Core Community Pilates Studio \u0095 Body &amp; Flow international pilates education programs Core Community\u00a0\u0095\u00a0\u00a0Vancouver Canada Core Community is an intimate, modern Pilates studio designed to support and maximize your well-being. We are a safe space where people come together to move, sweat, learn and grow...","protected":false},"author":1,"featured_media":0,"parent":22978,"menu_order":0,"comment_status":"closed","ping_status":"closed","template":"full_width.php","meta":{"footnotes":""},"class_list":["post-36054","page","type-page","status-publish","hentry"],"_links":{"self":[{"href":"https:\/\/bodyandflow.com\/vi\/wp-json\/wp\/v2\/pages\/36054","targetHints":{"allow":["GET"]}}],"collection":[{"href":"https:\/\/bodyandflow.com\/vi\/wp-json\/wp\/v2\/pages"}],"about":[{"href":"https:\/\/bodyandflow.com\/vi\/wp-json\/wp\/v2\/types\/page"}],"author":[{"embeddable":true,"href":"https:\/\/bodyandflow.com\/vi\/wp-json\/wp\/v2\/users\/1"}],"replies":[{"embeddable":true,"href":"https:\/\/bodyandflow.com\/vi\/wp-json\/wp\/v2\/comments?post=36054"}],"version-history":[{"count":0,"href":"https:\/\/bodyandflow.com\/vi\/wp-json\/wp\/v2\/pages\/36054\/revisions"}],"up":[{"embeddable":true,"href":"https:\/\/bodyandflow.com\/vi\/wp-json\/wp\/v2\/pages\/22978"}],"wp:attachment":[{"href":"https:\/\/bodyandflow.com\/vi\/wp-json\/wp\/v2\/media?parent=36054"}],"curies":[{"name":"wp","href":"https:\/\/api.w.org\/{rel}","templated":true}]}}